{"id":407957,"date":"2025-04-01T21:19:48","date_gmt":"2025-04-01T19:19:48","guid":{"rendered":"https:\/\/lucacastelli.com\/prodotto\/deuter-speed-lite-21\/"},"modified":"2025-06-28T23:34:52","modified_gmt":"2025-06-28T21:34:52","slug":"deuter-speed-lite-21","status":"publish","type":"product","link":"https:\/\/lucacastelli.com\/fr\/produit\/deuter-speed-lite-21\/","title":{"rendered":"DEUTER Speed Lite 21"},"content":{"rendered":"<p>D\u00e9placez-vous rapidement, l\u00e9g\u00e8rement et confortablement en montagne gr\u00e2ce au syst\u00e8me dorsal Lite de deuter, aux bretelles perfor\u00e9es et ergonomiques, \u00e0 une ceinture amovible et \u00e0 une sangle de poitrine r\u00e9glable dans les deux sens. Vous pouvez r\u00e9partir votre \u00e9quipement, votre hydratation et votre nourriture entre le compartiment principal, la poche avant et les deux poches lat\u00e9rales. De plus, il est \u00e9quip\u00e9 de crochets pour un support de casque \u00e0 l\u2019avant si besoin.  <\/p>\n<p>&nbsp;<\/p>\n<p>FONCTIONNALIT\u00c9S<\/p>\n<p>&nbsp;<\/p>\n<div class=\"js-affix__container\">\n<div class=\"slide-sm\">\n<div class=\"container\">\n<div class=\"row gx-md-5\">\n<div class=\"col-md-8\">\n<section class=\"content-block js-fade-in\">\n<div class=\"pt-4\">\n<div class=\"row gy-4\">\n<div class=\"col-md-6\">\n<div id=\"accordion-features\" class=\"accordion accordion--light\">\n<div class=\"accordion-item\">\n<div id=\"collapse-features-1\" class=\"accordion-collapse collapse show\" data-bs-parent=\"#accordion-features\">\n<div class=\"accordion-body \">\n<div class=\"wysiwyg\">\n<ul>\n<li>Boucles d\u2019attelage<\/li>\n<li>Porte-cl\u00e9s<\/li>\n<li>Support de casque en maille vendu s\u00e9par\u00e9ment<\/li>\n<li>Syst\u00e8me dorsal all\u00e9g\u00e9<\/li>\n<li>Sangle de poitrine r\u00e9glable bidirectionnelle<\/li>\n<li>Compartiment int\u00e9rieur pour les v\u00eatements mouill\u00e9s<\/li>\n<li>Sangles de compression sup\u00e9rieures<\/li>\n<li>Sangle de poitrine r\u00e9glable et amovible<\/li>\n<li>Ouverture zipp\u00e9e compl\u00e8te<\/li>\n<li>Poche avant : maille<\/li>\n<li>Poche sup\u00e9rieure avec fermeture \u00e0 glissi\u00e8re<\/li>\n<li>Poche lat\u00e9rale : maille<\/li>\n<li>Bretelles perfor\u00e9es<\/li>\n<\/ul>\n<\/div>\n<\/div>\n<\/div>\n<\/div>\n<\/div>\n<\/div>\n<div class=\"col-md-6\">\n<div id=\"accordion-material\" class=\"accordion accordion--light\">\n<div class=\"accordion-item\">\n<div id=\"heading-material-1\" class=\"accordion-header\"><\/div>\n<\/div>\n<\/div>\n<\/div>\n<\/div>\n<\/div>\n<\/section>\n<\/div>\n<\/div>\n<\/div>\n<\/div>\n<\/div>\n<section class=\"slide container js-fade-in\">\n<div class=\"title-block\">\n<div class=\"font-default-bold\">Poids : 470 g<\/div>\n<div class=\"font-default-bold\">Contenance : 21 litres<\/div>\n<div class=\"font-default-bold\">Taille&nbsp;: 46 \/ 28 \/ 18 (L x l x P)<\/div>\n<div class=\"font-default-bold\">Charge recommand\u00e9e : 2 &#8211; 5 kg<\/div>\n<\/div>\n<\/section>\n","protected":false},"excerpt":{"rendered":"<p>D\u00e9placez-vous rapidement, l\u00e9g\u00e8rement et confortablement en montagne gr\u00e2ce au syst\u00e8me dorsal Lite de deuter, aux bretelles perfor\u00e9es et ergonomiques, \u00e0<\/p>\n","protected":false},"featured_media":406793,"template":"","meta":{"_seopress_robots_primary_cat":"","_seopress_titles_title":"","_seopress_titles_desc":"","_seopress_robots_index":""},"product_brand":[3619],"product_cat":[144,1408,1702],"product_tag":[],"class_list":{"0":"post-407957","1":"product","2":"type-product","3":"status-publish","4":"has-post-thumbnail","6":"product_brand-deuter-fr","7":"product_cat-equipement","8":"product_cat-equipements-de-loisirs","9":"product_cat-autres","10":"sws-gruppo-abb-libero-fr","11":"sws-conto-ricavi-merci-rivendita-abbigliamento-fr","12":"sws-gruppo-iva-iva81-fr","14":"first","15":"instock","16":"shipping-taxable","17":"purchasable","18":"product-type-simple"},"_links":{"self":[{"href":"https:\/\/lucacastelli.com\/fr\/wp-json\/wp\/v2\/product\/407957","targetHints":{"allow":["GET"]}}],"collection":[{"href":"https:\/\/lucacastelli.com\/fr\/wp-json\/wp\/v2\/product"}],"about":[{"href":"https:\/\/lucacastelli.com\/fr\/wp-json\/wp\/v2\/types\/product"}],"wp:featuredmedia":[{"embeddable":true,"href":"https:\/\/lucacastelli.com\/fr\/wp-json\/wp\/v2\/media\/406793"}],"wp:attachment":[{"href":"https:\/\/lucacastelli.com\/fr\/wp-json\/wp\/v2\/media?parent=407957"}],"wp:term":[{"taxonomy":"product_brand","embeddable":true,"href":"https:\/\/lucacastelli.com\/fr\/wp-json\/wp\/v2\/product_brand?post=407957"},{"taxonomy":"product_cat","embeddable":true,"href":"https:\/\/lucacastelli.com\/fr\/wp-json\/wp\/v2\/product_cat?post=407957"},{"taxonomy":"product_tag","embeddable":true,"href":"https:\/\/lucacastelli.com\/fr\/wp-json\/wp\/v2\/product_tag?post=407957"}],"curies":[{"name":"wp","href":"https:\/\/api.w.org\/{rel}","templated":true}]}}