{"id":407952,"date":"2025-04-01T21:00:20","date_gmt":"2025-04-01T19:00:20","guid":{"rendered":"https:\/\/lucacastelli.com\/prodotto\/deuter-speed-lite-17\/"},"modified":"2026-03-01T00:11:09","modified_gmt":"2026-02-28T23:11:09","slug":"deuter-speed-lite-17","status":"publish","type":"product","link":"https:\/\/lucacastelli.com\/fr\/produit\/deuter-speed-lite-17\/","title":{"rendered":"DEUTER Speed Lite 17"},"content":{"rendered":"<p>D\u00e9placez-vous rapidement, l\u00e9g\u00e8rement et confortablement en montagne gr\u00e2ce au syst\u00e8me dorsal Lite de deuter, aux bretelles perfor\u00e9es et ergonomiques, \u00e0 une ceinture amovible et \u00e0 une sangle de poitrine r\u00e9glable dans les deux sens. Vous pouvez r\u00e9partir votre \u00e9quipement, votre hydratation et votre nourriture entre le compartiment principal et les deux poches lat\u00e9rales. De plus, il est \u00e9quip\u00e9 de crochets pour un support de casque \u00e0 l\u2019avant si besoin.  <\/p>\n<p>&nbsp;<\/p>\n<p>FONCTIONNALIT\u00c9S<\/p>\n<ul>\n<li>Boucles d\u2019attelage<\/li>\n<li>Porte-cl\u00e9s<\/li>\n<li>Support de casque en maille vendu s\u00e9par\u00e9ment<\/li>\n<li>Syst\u00e8me dorsal all\u00e9g\u00e9<\/li>\n<li>Sangle de poitrine r\u00e9glable bidirectionnelle<\/li>\n<li>Compartiment int\u00e9rieur pour les v\u00eatements mouill\u00e9s<\/li>\n<li>Sangle de poitrine r\u00e9glable et amovible<\/li>\n<li>Ouverture zipp\u00e9e compl\u00e8te<\/li>\n<li>Poche sup\u00e9rieure avec fermeture \u00e0 glissi\u00e8re<\/li>\n<li>Poche lat\u00e9rale : maille<\/li>\n<li>Bretelles perfor\u00e9es<\/li>\n<\/ul>\n<h4 class=\"h6 mb-0 text-color-default\"><\/h4>\n<div class=\"\"><\/div>\n","protected":false},"excerpt":{"rendered":"<p>D\u00e9placez-vous rapidement, l\u00e9g\u00e8rement et confortablement en montagne gr\u00e2ce au syst\u00e8me dorsal Lite de deuter, aux bretelles perfor\u00e9es et ergonomiques, \u00e0<\/p>\n","protected":false},"featured_media":406724,"template":"","meta":{"_seopress_robots_primary_cat":"","_seopress_titles_title":"","_seopress_titles_desc":"","_seopress_robots_index":""},"product_brand":[3619],"product_cat":[144,1408,1702],"product_tag":[],"class_list":{"0":"post-407952","1":"product","2":"type-product","3":"status-publish","4":"has-post-thumbnail","6":"product_brand-deuter-fr","7":"product_cat-equipement","8":"product_cat-equipements-de-loisirs","9":"product_cat-autres","10":"sws-gruppo-abb-libero-fr","11":"sws-conto-ricavi-merci-rivendita-abbigliamento-fr","12":"sws-gruppo-iva-iva81-fr","14":"first","15":"instock","16":"shipping-taxable","17":"purchasable","18":"product-type-simple"},"_links":{"self":[{"href":"https:\/\/lucacastelli.com\/fr\/wp-json\/wp\/v2\/product\/407952","targetHints":{"allow":["GET"]}}],"collection":[{"href":"https:\/\/lucacastelli.com\/fr\/wp-json\/wp\/v2\/product"}],"about":[{"href":"https:\/\/lucacastelli.com\/fr\/wp-json\/wp\/v2\/types\/product"}],"wp:featuredmedia":[{"embeddable":true,"href":"https:\/\/lucacastelli.com\/fr\/wp-json\/wp\/v2\/media\/406724"}],"wp:attachment":[{"href":"https:\/\/lucacastelli.com\/fr\/wp-json\/wp\/v2\/media?parent=407952"}],"wp:term":[{"taxonomy":"product_brand","embeddable":true,"href":"https:\/\/lucacastelli.com\/fr\/wp-json\/wp\/v2\/product_brand?post=407952"},{"taxonomy":"product_cat","embeddable":true,"href":"https:\/\/lucacastelli.com\/fr\/wp-json\/wp\/v2\/product_cat?post=407952"},{"taxonomy":"product_tag","embeddable":true,"href":"https:\/\/lucacastelli.com\/fr\/wp-json\/wp\/v2\/product_tag?post=407952"}],"curies":[{"name":"wp","href":"https:\/\/api.w.org\/{rel}","templated":true}]}}