{"id":407927,"date":"2025-02-18T12:07:43","date_gmt":"2025-02-18T11:07:43","guid":{"rendered":"https:\/\/lucacastelli.com\/prodotto\/la-sportiva-aequilibrium-trek-femme-gtx\/"},"modified":"2025-06-29T09:46:48","modified_gmt":"2025-06-29T07:46:48","slug":"la-sportiva-aequilibrium-trek-femme-gtx","status":"publish","type":"product","link":"https:\/\/lucacastelli.com\/fr\/produit\/la-sportiva-aequilibrium-trek-femme-gtx\/","title":{"rendered":"La Sportiva Aequilibrium Trek femme GTX"},"content":{"rendered":"<p>Con\u00e7u pour combiner protection et maintien mais aussi facilit\u00e9 de marche extr\u00eame et libert\u00e9 de mouvement, m\u00eame sur les passages les plus techniques. Le savoir-faire de La Sportiva et les technologies issues du monde de la Montagne, pour d\u00e9velopper la chaussure parfaite pour le long tekking et le backpacking : un excellent compromis entre technicit\u00e9 et confort. Le roulement fluide et le soutien naturel du pied sont garantis par la semelle \u00e0 double talon\u2122, tandis qu\u2019une traction maximale en mont\u00e9e et un contr\u00f4le du freinage en descente sont assur\u00e9s par le syst\u00e8me\u2122 Impact Brake. Bande de roulement ressemelable qui permet de prolonger la dur\u00e9e de vie du produit et de garantir la qualit\u00e9 de la semelle. La tige en cuir r\u00e9sistant \u00e0 l\u2019abrasion s\u2019adaptera \u00e0 l\u2019ergonomie de votre pied, ce qui rend cette botte parfaite pour toutes les aventures.    <\/p>\n","protected":false},"excerpt":{"rendered":"<p>Con\u00e7u pour combiner protection et maintien mais aussi facilit\u00e9 de marche extr\u00eame et libert\u00e9 de mouvement, m\u00eame sur les passages<\/p>\n","protected":false},"featured_media":102313,"template":"","meta":{"_seopress_robots_primary_cat":"","_seopress_titles_title":"","_seopress_titles_desc":"","_seopress_robots_index":""},"product_brand":[3648],"product_cat":[173,1420,1429],"product_tag":[],"class_list":{"0":"post-407927","1":"product","2":"type-product","3":"status-publish","4":"has-post-thumbnail","6":"product_brand-la-sportiva-fr","7":"product_cat-chaussures","8":"product_cat-chaussures-de-loisirs","9":"product_cat-chaussures-pour-femmes","10":"sws-gruppo-no-gruppo-fr","11":"sws-categoria-sito-fr","12":"sws-gruppo-iva-iva81-fr","14":"first","15":"instock","16":"shipping-taxable","17":"purchasable","18":"product-type-variable"},"_links":{"self":[{"href":"https:\/\/lucacastelli.com\/fr\/wp-json\/wp\/v2\/product\/407927","targetHints":{"allow":["GET"]}}],"collection":[{"href":"https:\/\/lucacastelli.com\/fr\/wp-json\/wp\/v2\/product"}],"about":[{"href":"https:\/\/lucacastelli.com\/fr\/wp-json\/wp\/v2\/types\/product"}],"wp:featuredmedia":[{"embeddable":true,"href":"https:\/\/lucacastelli.com\/fr\/wp-json\/wp\/v2\/media\/102313"}],"wp:attachment":[{"href":"https:\/\/lucacastelli.com\/fr\/wp-json\/wp\/v2\/media?parent=407927"}],"wp:term":[{"taxonomy":"product_brand","embeddable":true,"href":"https:\/\/lucacastelli.com\/fr\/wp-json\/wp\/v2\/product_brand?post=407927"},{"taxonomy":"product_cat","embeddable":true,"href":"https:\/\/lucacastelli.com\/fr\/wp-json\/wp\/v2\/product_cat?post=407927"},{"taxonomy":"product_tag","embeddable":true,"href":"https:\/\/lucacastelli.com\/fr\/wp-json\/wp\/v2\/product_tag?post=407927"}],"curies":[{"name":"wp","href":"https:\/\/api.w.org\/{rel}","templated":true}]}}