{"id":407750,"date":"2026-03-09T13:04:39","date_gmt":"2026-03-09T12:04:39","guid":{"rendered":"https:\/\/lucacastelli.com\/prodotto\/la-sportiva-aequilibrium-hike-woman-gtx\/"},"modified":"2026-04-13T22:02:14","modified_gmt":"2026-04-13T20:02:14","slug":"la-sportiva-aequilibrium-hike-woman-gtx","status":"publish","type":"product","link":"https:\/\/lucacastelli.com\/fr\/produit\/la-sportiva-aequilibrium-hike-woman-gtx\/","title":{"rendered":"La Sportiva Aequilibrium Hike Woman GTX"},"content":{"rendered":"<p>Une chaussure mid-cut agile et l\u00e9g\u00e8re, parfaite pour compl\u00e9ter la famille Aequilibrium Hike pour la randonn\u00e9e sur terrains mixtes, le tissu synth\u00e9tique garantit l\u00e9g\u00e8ret\u00e9 et respirabilit\u00e9 sans renoncer \u00e0 la protection et \u00e0 la durabilit\u00e9, notamment gr\u00e2ce aux bords r\u00e9sistants \u00e0 l&#8217;abrasion dans les zones les plus expos\u00e9es. Le 3D Flex System Evo\u2122 assure une flexibilit\u00e9 et une mobilit\u00e9 naturelles au niveau de la cheville et garantit adh\u00e9rence et s\u00e9curit\u00e9 sur tous les terrains. 100% imperm\u00e9able gr\u00e2ce \u00e0 la membrane GORE-TEX Extended Comfort. La bande de roulement dissoluble prolonge la dur\u00e9e de vie du produit et garantit la qualit\u00e9 de la semelle.<\/p>\n","protected":false},"excerpt":{"rendered":"<p>Une chaussure mid-cut agile et l\u00e9g\u00e8re, parfaite pour compl\u00e9ter la famille Aequilibrium Hike pour la randonn\u00e9e sur terrains mixtes, le<\/p>\n","protected":false},"featured_media":777823,"template":"","meta":{"_seopress_robots_primary_cat":"none","_seopress_titles_title":"","_seopress_titles_desc":"","_seopress_robots_index":""},"product_brand":[3648],"product_cat":[173,1420,1429],"product_tag":[],"class_list":{"0":"post-407750","1":"product","2":"type-product","3":"status-publish","4":"has-post-thumbnail","6":"product_brand-la-sportiva-fr","7":"product_cat-chaussures","8":"product_cat-chaussures-de-loisirs","9":"product_cat-chaussures-pour-femmes","10":"sws-gruppo-no-gruppo-fr","11":"sws-categoria-sito-fr","12":"sws-conto-ricavi-merci-rivendita-calzature-fr","13":"sws-gruppo-iva-iva81-fr","15":"first","16":"instock","17":"sale","18":"shipping-taxable","19":"purchasable","20":"product-type-variable","21":"has-default-attributes"},"_links":{"self":[{"href":"https:\/\/lucacastelli.com\/fr\/wp-json\/wp\/v2\/product\/407750","targetHints":{"allow":["GET"]}}],"collection":[{"href":"https:\/\/lucacastelli.com\/fr\/wp-json\/wp\/v2\/product"}],"about":[{"href":"https:\/\/lucacastelli.com\/fr\/wp-json\/wp\/v2\/types\/product"}],"wp:featuredmedia":[{"embeddable":true,"href":"https:\/\/lucacastelli.com\/fr\/wp-json\/wp\/v2\/media\/777823"}],"wp:attachment":[{"href":"https:\/\/lucacastelli.com\/fr\/wp-json\/wp\/v2\/media?parent=407750"}],"wp:term":[{"taxonomy":"product_brand","embeddable":true,"href":"https:\/\/lucacastelli.com\/fr\/wp-json\/wp\/v2\/product_brand?post=407750"},{"taxonomy":"product_cat","embeddable":true,"href":"https:\/\/lucacastelli.com\/fr\/wp-json\/wp\/v2\/product_cat?post=407750"},{"taxonomy":"product_tag","embeddable":true,"href":"https:\/\/lucacastelli.com\/fr\/wp-json\/wp\/v2\/product_tag?post=407750"}],"curies":[{"name":"wp","href":"https:\/\/api.w.org\/{rel}","templated":true}]}}