{"id":407725,"date":"2026-03-02T11:00:02","date_gmt":"2026-03-02T10:00:02","guid":{"rendered":"https:\/\/lucacastelli.com\/prodotto\/la-sportiva-aequilibrium-st-femme-gtx\/"},"modified":"2026-03-02T14:44:33","modified_gmt":"2026-03-02T13:44:33","slug":"la-sportiva-aequilibrium-st-femme-gtx","status":"publish","type":"product","link":"https:\/\/lucacastelli.com\/fr\/produit\/la-sportiva-aequilibrium-st-femme-gtx\/","title":{"rendered":"LA SPORTIVA Aequilibrium ST Woman GTX"},"content":{"rendered":"<p>Chaussure d\u2019alpinisme technique ultra-l\u00e9g\u00e8re, id\u00e9ale pour les via ferrata, le trekking, les travers\u00e9es de glaciers et les terrains mixtes.<\/p>\n<p>DESCRIPTION<br \/>\nAequilibrium ST GTX est la chaussure de randonn\u00e9e technique l\u00e9g\u00e8re id\u00e9ale pour les via ferrata, le trekking et les travers\u00e9es sur glacier et terrains mixtes. Confort de chaussant maximal gr\u00e2ce \u00e0 la languette \u00e0 soufflet int\u00e9gr\u00e9 et \u00e0 la gu\u00eatre pare-neige souple plac\u00e9e sur le col. Marchabilit\u00e9 exceptionnelle gr\u00e2ce \u00e0 la construction innovante du talon Double Heel\u2122 : la g\u00e9om\u00e9trie \u00e0 double crampon arri\u00e8re tr\u00e8s prononc\u00e9 augmente l&#8217;effet de freinage en descente et permet un d\u00e9roul\u00e9 plus fluide en r\u00e9duisant la fatigue musculaire. Durabilit\u00e9 et l\u00e9g\u00e8ret\u00e9 cohabitent en harmonie gr\u00e2ce au nouveau syst\u00e8me semelle\/semelle interm\u00e9diaire avec construction \u00e0 coque Rubber Guard\u2122 externe et mat\u00e9riau expans\u00e9 interne pour un amorti accentu\u00e9 et une l\u00e9g\u00e8ret\u00e9 issue d&#8217;une utilisation r\u00e9duite de couches de caoutchouc. La forme est Ergonomic : enveloppante et pr\u00e9cise avec coques en TPU int\u00e9gr\u00e9es \u00e0 la pointe et au talon pour renforcer la tige. L&#8217;articulation directionnelle 3D Flex System Evo\u2122 avec mall\u00e9ole profil\u00e9e et protection anti-abrasion permet un meilleur contr\u00f4le de l&#8217;appui et une mobilit\u00e9 parfaite de la cheville. La gu\u00eatre de protection du la\u00e7age \u00e0 la pointe prot\u00e8ge des frottements. La semelle interm\u00e9diaire est semi-cramponnable, la semelle adopte une bande de roulement Vibram\u00ae SpringLug Tech avec crampons Impact Brake System pour une meilleure adaptabilit\u00e9 aux surfaces dures de la roche. L&#8217;alpinisme en parfaite harmonie.        <\/p>\n<p>Tige :<br \/>\nNylon 60,6 haute t\u00e9nacit\u00e9 hydrofuge avec zones anti-abrasion Honey Comb Guard<\/p>\n<p>Doublure :<br \/>\nGore-Tex Performance Comfort<\/p>\n<p>Semelle int\u00e9rieure&nbsp;:<br \/>\n Nylon rempli de carbone<\/p>\n<p>Semelle interm\u00e9diaire&nbsp;:<br \/>\nAucun<\/p>\n<p>Semelle :<br \/>\nBande de roulement en caoutchouc Vibram\u00ae SpringLug Tech et PU expans\u00e9 interne<\/p>\n<p>Poids :<br \/>\n515 g (1\/2 paire)<\/p>\n","protected":false},"excerpt":{"rendered":"<p>Chaussure d\u2019alpinisme technique ultra-l\u00e9g\u00e8re, id\u00e9ale pour les via ferrata, le trekking, les travers\u00e9es de glaciers et les terrains mixtes. DESCRIPTION<\/p>\n","protected":false},"featured_media":92793,"template":"","meta":{"_seopress_robots_primary_cat":"none","_seopress_titles_title":"","_seopress_titles_desc":"","_seopress_robots_index":""},"product_brand":[3648],"product_cat":[173,1420,1429],"product_tag":[],"class_list":{"0":"post-407725","1":"product","2":"type-product","3":"status-publish","4":"has-post-thumbnail","6":"product_brand-la-sportiva-fr","7":"product_cat-chaussures","8":"product_cat-chaussures-de-loisirs","9":"product_cat-chaussures-pour-femmes","11":"first","12":"instock","13":"shipping-taxable","14":"purchasable","15":"product-type-variable"},"_links":{"self":[{"href":"https:\/\/lucacastelli.com\/fr\/wp-json\/wp\/v2\/product\/407725","targetHints":{"allow":["GET"]}}],"collection":[{"href":"https:\/\/lucacastelli.com\/fr\/wp-json\/wp\/v2\/product"}],"about":[{"href":"https:\/\/lucacastelli.com\/fr\/wp-json\/wp\/v2\/types\/product"}],"wp:featuredmedia":[{"embeddable":true,"href":"https:\/\/lucacastelli.com\/fr\/wp-json\/wp\/v2\/media\/92793"}],"wp:attachment":[{"href":"https:\/\/lucacastelli.com\/fr\/wp-json\/wp\/v2\/media?parent=407725"}],"wp:term":[{"taxonomy":"product_brand","embeddable":true,"href":"https:\/\/lucacastelli.com\/fr\/wp-json\/wp\/v2\/product_brand?post=407725"},{"taxonomy":"product_cat","embeddable":true,"href":"https:\/\/lucacastelli.com\/fr\/wp-json\/wp\/v2\/product_cat?post=407725"},{"taxonomy":"product_tag","embeddable":true,"href":"https:\/\/lucacastelli.com\/fr\/wp-json\/wp\/v2\/product_tag?post=407725"}],"curies":[{"name":"wp","href":"https:\/\/api.w.org\/{rel}","templated":true}]}}