{"id":407700,"date":"2023-05-09T14:15:36","date_gmt":"2023-05-09T12:15:36","guid":{"rendered":"https:\/\/lucacastelli.com\/prodotto\/la-sportiva-aequilibrium-lt-gtx\/"},"modified":"2025-09-03T08:19:12","modified_gmt":"2025-09-03T06:19:12","slug":"la-sportiva-aequilibrium-lt-gtx","status":"publish","type":"product","link":"https:\/\/lucacastelli.com\/fr\/produit\/la-sportiva-aequilibrium-lt-gtx\/","title":{"rendered":"LA SPORTIVA Aequilibrium LT GTX"},"content":{"rendered":"<p>Chaussure de randonn\u00e9e technique, id\u00e9ale pour la randonn\u00e9e et les promenades de plusieurs jours en haute altitude.<\/p>\n<p>DESCRIPTION<br \/>\nAequilibrium LT GTX est la chaussure de randonn\u00e9e alpine r\u00e9sistante, id\u00e9ale pour le sac \u00e0 dos et les randonn\u00e9es de plusieurs jours en altitude. Une marche exceptionnelle gr\u00e2ce \u00e0 la construction innovante Double Heel\u2122 : la g\u00e9om\u00e9trie tr\u00e8s prononc\u00e9e du double talon augmente l&#8217;effet de freinage \u00e0 la descente et permet un roulement plus doux, r\u00e9duisant la fatigue musculaire. Durabilit\u00e9 et l\u00e9g\u00e8ret\u00e9 coexistent en harmonie gr\u00e2ce au nouvel ensemble semelle ext\u00e9rieure\/semelle interm\u00e9diaire avec une construction ext\u00e9rieure Rubber Guard\u2122 et un mat\u00e9riau interne en mousse pour un amorti accentu\u00e9 et une l\u00e9g\u00e8ret\u00e9 d\u00e9riv\u00e9e d&#8217;un nombre r\u00e9duit de couches de caoutchouc. La forme est Ergonomique : bien ajust\u00e9e et pr\u00e9cise avec des coques TPU int\u00e9gr\u00e9es dans la pointe et le talon pour renforcer la tige. L&#8217;articulation directionnelle 3D Flex System Evo\u2122 avec mall\u00e9ole fa\u00e7onn\u00e9e et protection anti-abrasion permet un meilleur contr\u00f4le de la prise d&#8217;appui et une parfaite mobilit\u00e9 de la cheville. Semelle Vibram\u00ae SpringLug Tech avec crampons Impact Brake System pour une plus grande adaptabilit\u00e9 aux surfaces rocheuses dures.    <\/p>\n<p>Empeigne&nbsp;:<br \/>\nNubuk + inserts en tissu anti-abrasion<\/p>\n<p>Doublure&nbsp;:<br \/>\nGORE-TEX Performance Comfort<\/p>\n<p>Semelle int\u00e9rieure&nbsp;:<br \/>\n Nylon rempli de carbone<\/p>\n<p>Semelle interm\u00e9diaire&nbsp;:<br \/>\nAucun<\/p>\n<p>Semelle :<br \/>\n Bande de roulement en caoutchouc Vibram\u00ae SpringLug Tech et mousse PU interne<\/p>\n<p>Poids :<br \/>\n 640 g (1\/2 paire)<\/p>\n","protected":false},"excerpt":{"rendered":"<p>Chaussure de randonn\u00e9e technique, id\u00e9ale pour la randonn\u00e9e et les promenades de plusieurs jours en haute altitude. DESCRIPTION Aequilibrium LT<\/p>\n","protected":false},"featured_media":625800,"template":"","meta":{"_seopress_robots_primary_cat":"none","_seopress_titles_title":"","_seopress_titles_desc":"","_seopress_robots_index":""},"product_brand":[3419],"product_cat":[28,568,569],"product_tag":[],"class_list":{"0":"post-407700","1":"product","2":"type-product","3":"status-publish","4":"has-post-thumbnail","6":"product_brand-la-sportiva","7":"product_cat-calzature","8":"product_cat-calzature-per-il-tempo-libero","9":"product_cat-calzature-da-uomo","10":"sws-gruppo-abb-libero-fr","11":"sws-conto-ricavi-merci-rivendita-abbigliamento-fr","12":"sws-gruppo-iva-iva81-fr","14":"first","15":"instock","16":"shipping-taxable","17":"purchasable","18":"product-type-variable","19":"has-default-attributes"},"_links":{"self":[{"href":"https:\/\/lucacastelli.com\/fr\/wp-json\/wp\/v2\/product\/407700","targetHints":{"allow":["GET"]}}],"collection":[{"href":"https:\/\/lucacastelli.com\/fr\/wp-json\/wp\/v2\/product"}],"about":[{"href":"https:\/\/lucacastelli.com\/fr\/wp-json\/wp\/v2\/types\/product"}],"wp:featuredmedia":[{"embeddable":true,"href":"https:\/\/lucacastelli.com\/fr\/wp-json\/wp\/v2\/media\/625800"}],"wp:attachment":[{"href":"https:\/\/lucacastelli.com\/fr\/wp-json\/wp\/v2\/media?parent=407700"}],"wp:term":[{"taxonomy":"product_brand","embeddable":true,"href":"https:\/\/lucacastelli.com\/fr\/wp-json\/wp\/v2\/product_brand?post=407700"},{"taxonomy":"product_cat","embeddable":true,"href":"https:\/\/lucacastelli.com\/fr\/wp-json\/wp\/v2\/product_cat?post=407700"},{"taxonomy":"product_tag","embeddable":true,"href":"https:\/\/lucacastelli.com\/fr\/wp-json\/wp\/v2\/product_tag?post=407700"}],"curies":[{"name":"wp","href":"https:\/\/api.w.org\/{rel}","templated":true}]}}