{"id":407601,"date":"2026-03-02T11:32:28","date_gmt":"2026-03-02T10:32:28","guid":{"rendered":"https:\/\/lucacastelli.com\/prodotto\/la-sportiva-aequilibrium-st-gtx\/"},"modified":"2026-03-02T14:44:36","modified_gmt":"2026-03-02T13:44:36","slug":"la-sportiva-aequilibrium-st-gtx","status":"publish","type":"product","link":"https:\/\/lucacastelli.com\/fr\/produit\/la-sportiva-aequilibrium-st-gtx\/","title":{"rendered":"LA SPORTIVA Aequilibrium ST GTX"},"content":{"rendered":"<p>Chaussure d\u2019alpinisme technique ultra-l\u00e9g\u00e8re, id\u00e9ale pour les via ferrata, le trekking, les travers\u00e9es de glaciers et les terrains mixtes.<\/p>\n<p>DESCRIPTION<br \/>\nAequilibrium ST GTX est la chaussure de randonn\u00e9e technique l\u00e9g\u00e8re id\u00e9ale pour les via ferrata, le trekking et les travers\u00e9es sur glacier et terrains mixtes. Confort de chaussant maximal gr\u00e2ce \u00e0 la languette \u00e0 soufflet int\u00e9gr\u00e9 et \u00e0 la petite gu\u00eatre pare-neige souple sur le collier. Marchabilit\u00e9 exceptionnelle gr\u00e2ce \u00e0 la construction innovante du talon Double Heel\u2122 : la g\u00e9om\u00e9trie \u00e0 double crampon arri\u00e8re tr\u00e8s prononc\u00e9 augmente l\u2019effet de freinage en descente et permet un d\u00e9roul\u00e9 plus fluide, r\u00e9duisant ainsi la fatigue musculaire. Durabilit\u00e9 et l\u00e9g\u00e8ret\u00e9 cohabitent en harmonie gr\u00e2ce au nouvel ensemble semelle\/interselle avec construction \u00e0 coque Rubber Guard\u2122 externe et mousse interne pour un amorti accentu\u00e9 et une l\u00e9g\u00e8ret\u00e9 issue d\u2019une utilisation r\u00e9duite de couches de caoutchouc. La forme est Ergonomic : enveloppante et pr\u00e9cise avec des coques en TPU int\u00e9gr\u00e9es \u00e0 la pointe et au talon pour renforcer la tige. La jonction directionnelle 3D Flex System Evo\u2122 avec mall\u00e9ole profil\u00e9e et protection anti-abrasion permet un meilleur contr\u00f4le de l\u2019appui et une parfaite mobilit\u00e9 de la cheville. La petite gu\u00eatre de protection du la\u00e7age en pointe prot\u00e8ge des frottements. L\u2019interselle est semi-cramponnable, la semelle adopte une bande de roulement Vibram\u00ae SpringLug Tech avec des crampons Impact Brake System pour une meilleure adaptabilit\u00e9 aux surfaces rocheuses dures. L\u2019alpinisme en parfaite harmonie.        <\/p>\n<p>Tige :<br \/>\nNylon 60,6 haute t\u00e9nacit\u00e9 hydrofuge avec zones anti-abrasion Honey Comb Guard<\/p>\n<p>Doublure :<br \/>\nGore-Tex Performance Comfort<\/p>\n<p>Semelle int\u00e9rieure&nbsp;:<br \/>\n Nylon rempli de carbone<\/p>\n<p>Semelle interm\u00e9diaire&nbsp;:<br \/>\nAucun<\/p>\n<p>Semelle :<br \/>\nBande de roulement en caoutchouc Vibram\u00ae SpringLug Tech et PU expans\u00e9 interne<\/p>\n<p>Poids :<br \/>\n630 g (1\/2 paire)<\/p>\n","protected":false},"excerpt":{"rendered":"<p>Chaussure d\u2019alpinisme technique ultra-l\u00e9g\u00e8re, id\u00e9ale pour les via ferrata, le trekking, les travers\u00e9es de glaciers et les terrains mixtes. DESCRIPTION<\/p>\n","protected":false},"featured_media":762336,"template":"","meta":{"_seopress_robots_primary_cat":"none","_seopress_titles_title":"","_seopress_titles_desc":"","_seopress_robots_index":""},"product_brand":[3648],"product_cat":[173,1420,1432],"product_tag":[],"class_list":{"0":"post-407601","1":"product","2":"type-product","3":"status-publish","4":"has-post-thumbnail","6":"product_brand-la-sportiva-fr","7":"product_cat-chaussures","8":"product_cat-chaussures-de-loisirs","9":"product_cat-chaussures-pour-hommes","10":"sws-gruppo-abb-libero-fr","11":"sws-conto-ricavi-merci-rivendita-abbigliamento-fr","12":"sws-gruppo-iva-iva81-fr","14":"first","15":"instock","16":"shipping-taxable","17":"purchasable","18":"product-type-variable","19":"has-default-attributes"},"_links":{"self":[{"href":"https:\/\/lucacastelli.com\/fr\/wp-json\/wp\/v2\/product\/407601","targetHints":{"allow":["GET"]}}],"collection":[{"href":"https:\/\/lucacastelli.com\/fr\/wp-json\/wp\/v2\/product"}],"about":[{"href":"https:\/\/lucacastelli.com\/fr\/wp-json\/wp\/v2\/types\/product"}],"wp:featuredmedia":[{"embeddable":true,"href":"https:\/\/lucacastelli.com\/fr\/wp-json\/wp\/v2\/media\/762336"}],"wp:attachment":[{"href":"https:\/\/lucacastelli.com\/fr\/wp-json\/wp\/v2\/media?parent=407601"}],"wp:term":[{"taxonomy":"product_brand","embeddable":true,"href":"https:\/\/lucacastelli.com\/fr\/wp-json\/wp\/v2\/product_brand?post=407601"},{"taxonomy":"product_cat","embeddable":true,"href":"https:\/\/lucacastelli.com\/fr\/wp-json\/wp\/v2\/product_cat?post=407601"},{"taxonomy":"product_tag","embeddable":true,"href":"https:\/\/lucacastelli.com\/fr\/wp-json\/wp\/v2\/product_tag?post=407601"}],"curies":[{"name":"wp","href":"https:\/\/api.w.org\/{rel}","templated":true}]}}