{"id":403413,"date":"2025-02-25T21:22:40","date_gmt":"2025-02-25T20:22:40","guid":{"rendered":"https:\/\/lucacastelli.com\/prodotto\/petzl-paw-s\/"},"modified":"2025-06-29T02:21:57","modified_gmt":"2025-06-29T00:21:57","slug":"petzl-paw-s","status":"publish","type":"product","link":"https:\/\/lucacastelli.com\/fr\/produit\/petzl-paw-s\/","title":{"rendered":"PETZL PAW S"},"content":{"rendered":"<h3>Description d\u00e9taill\u00e9e<\/h3>\n<div class=\"list\">\n<ul>\n<li>Trois trous d\u2019ancrage.<\/li>\n<li>Utile pour \u00e9quilibrer les forces.<\/li>\n<li>L\u00e9ger et robuste : fabriqu\u00e9 en aluminium.<\/li>\n<\/ul>\n<\/div>\n<h3>Sp\u00e9cifique<\/h3>\n<div class=\"list\">\n<ul>\n<li>Poids : 60 g<\/li>\n<li>R\u00e9sistance \u00e0 la traction : 36 kN<\/li>\n<li>Mat\u00e9riaux : aluminium<\/li>\n<li>Certification(s) : CE, NFPA 2500 Utilisation g\u00e9n\u00e9rale<\/li>\n<\/ul>\n<\/div>\n<table>\n<tbody>\n<tr>\n<th class=\"rowTitle\">Num\u00e9ros d\u2019article<\/th>\n<th>G063AA00<\/th>\n<\/tr>\n<tr>\n<td class=\"rowTitle\">Garantie<\/td>\n<td>3 ans<\/td>\n<\/tr>\n<tr>\n<td class=\"rowTitle\">Emballage<\/td>\n<td>1<\/td>\n<\/tr>\n<\/tbody>\n<\/table>\n","protected":false},"excerpt":{"rendered":"<p>Description d\u00e9taill\u00e9e Trois trous d\u2019ancrage. Utile pour \u00e9quilibrer les forces. L\u00e9ger et robuste : fabriqu\u00e9 en aluminium. Sp\u00e9cifique Poids :<\/p>\n","protected":false},"featured_media":103101,"template":"","meta":{"_seopress_robots_primary_cat":"","_seopress_titles_title":"","_seopress_titles_desc":"","_seopress_robots_index":""},"product_brand":[3667],"product_cat":[144,1397,1402],"product_tag":[],"class_list":{"0":"post-403413","1":"product","2":"type-product","3":"status-publish","4":"has-post-thumbnail","6":"product_brand-petzl-fr","7":"product_cat-equipement","8":"product_cat-equipement-de-travail","9":"product_cat-harnais-et-equipements-de-securite","10":"sws-gruppo-no-gruppo","11":"sws-categoria-sito","12":"sws-conto-ricavi-merci-rivendita-abbigliamento","13":"sws-gruppo-iva-iva81","15":"first","16":"instock","17":"shipping-taxable","18":"purchasable","19":"product-type-simple"},"_links":{"self":[{"href":"https:\/\/lucacastelli.com\/fr\/wp-json\/wp\/v2\/product\/403413","targetHints":{"allow":["GET"]}}],"collection":[{"href":"https:\/\/lucacastelli.com\/fr\/wp-json\/wp\/v2\/product"}],"about":[{"href":"https:\/\/lucacastelli.com\/fr\/wp-json\/wp\/v2\/types\/product"}],"wp:featuredmedia":[{"embeddable":true,"href":"https:\/\/lucacastelli.com\/fr\/wp-json\/wp\/v2\/media\/103101"}],"wp:attachment":[{"href":"https:\/\/lucacastelli.com\/fr\/wp-json\/wp\/v2\/media?parent=403413"}],"wp:term":[{"taxonomy":"product_brand","embeddable":true,"href":"https:\/\/lucacastelli.com\/fr\/wp-json\/wp\/v2\/product_brand?post=403413"},{"taxonomy":"product_cat","embeddable":true,"href":"https:\/\/lucacastelli.com\/fr\/wp-json\/wp\/v2\/product_cat?post=403413"},{"taxonomy":"product_tag","embeddable":true,"href":"https:\/\/lucacastelli.com\/fr\/wp-json\/wp\/v2\/product_tag?post=403413"}],"curies":[{"name":"wp","href":"https:\/\/api.w.org\/{rel}","templated":true}]}}