{"id":403401,"date":"2025-02-26T17:44:50","date_gmt":"2025-02-26T16:44:50","guid":{"rendered":"https:\/\/lucacastelli.com\/prodotto\/helly-hansen-hommes-veste-softshell-paramount\/"},"modified":"2025-06-29T09:53:01","modified_gmt":"2025-06-29T07:53:01","slug":"helly-hansen-hommes-veste-softshell-paramount","status":"publish","type":"product","link":"https:\/\/lucacastelli.com\/fr\/produit\/helly-hansen-hommes-veste-softshell-paramount\/","title":{"rendered":"Helly Hansen Veste Softshell Paramount Homme"},"content":{"rendered":"<div class=\"productDetailsSection_productDescriptionSection__FDg0y\">\n<div class=\"productDescription_productDescription__sJIE6\" data-mt-type=\"product-description\">\n<div class=\"richtext_wrapper__lJjZg productDescription_productDescriptionContent__0A3VB\">Chaude, souple et respirante, cette veste softshell multifonctionnelle est dot\u00e9e d\u2019une doublure en polaire dans le dos et prot\u00e8ge des intemp\u00e9ries. Cette veste est un produit certifi\u00e9\u00ae bluesign et est fabriqu\u00e9e \u00e0 partir de mat\u00e9riaux recycl\u00e9s. Voir la composition pour plus de d\u00e9tails.  <\/div>\n<\/div>\n<\/div>\n<div class=\"productCollapseSection_productCollapseSection__6fb5x\">\n<div class=\"productCollapseSection_productCollapseSectionTitle__1Vh_4\">\n<h2 class=\"heading_default__PX0IL heading_style--h3__KKzhL\">Les tenants et aboutissants<\/h2>\n<\/div>\n<div class=\"productCollapseSection_productCollapseSectionContent__VJCb7\">\n<div class=\"productDetails_productDetails__g_C4N\">\n<p>Teneur en fibres&nbsp;:<\/p>\n<div class=\"richtext_wrapper__lJjZg blocks_root__vE_15\">Ext\u00e9rieur : 90 % polyester (recycl\u00e9), 10 % \u00e9lasthanne<\/div>\n<p>Instructions d\u2019entretien&nbsp;:<\/p>\n<div class=\"richtext_wrapper__lJjZg blocks_root__vE_15\">Fermez les crochets et les \u0153illets avant le lavage. Fermez les fermetures \u00e9clair avant de laver. N\u2019utilisez pas d\u2019assouplissant. Retirer imm\u00e9diatement de la machine \u00e0 laver. Les couleurs vives peuvent se d\u00e9colorer l\u00e9g\u00e8rement. Laver s\u00e9par\u00e9ment.     <\/div>\n<div class=\"productDetails_productDetailsCols__K1qqI\">\n<div class=\"productDetails_productDetailsRow__bHp5_\">\n<div class=\"blocks_mobileInlineWrapper__N_Soc\">Poids : 1g<\/div>\n<\/div>\n<\/div>\n<\/div>\n<\/div>\n<\/div>\n<div class=\"productCollapseSection_productCollapseSection__6fb5x productFeatures_root__BqPE9 productFeatures_twoColumnsList__vArq2\">\n<div class=\"productCollapseSection_productCollapseSectionTitle__1Vh_4\">\n<h2 class=\"heading_default__PX0IL heading_style--h3__KKzhL\">Caract\u00e9ristique<\/h2>\n<\/div>\n<div class=\"productCollapseSection_productCollapseSectionContent__VJCb7\">\n<ul>\n<li>Fermeture \u00e9clair YKK\u00ae<\/li>\n<li>Imperm\u00e9able, durable, coupe-vent et respirant<\/li>\n<li>Tissu softshell confortable et l\u00e9ger avec une membrane<\/li>\n<li>Dos en polaire<\/li>\n<li>Fermeture \u00e9clair YKK\u00ae sur toute la face avant<\/li>\n<li>Poignets r\u00e9glables<\/li>\n<li>Poches pour les mains zipp\u00e9es YKK\u00ae<\/li>\n<li>Poche poitrine zipp\u00e9e YKK\u00ae<\/li>\n<li>Menton<\/li>\n<li>Logo HH\u00ae imprim\u00e9 sur la manche<\/li>\n<li>Int\u00e9rieur du col en tricot bross\u00e9<\/li>\n<li>Produit bluesign\u00ae<\/li>\n<li>Sans PFC<\/li>\n<li>Contenu recycl\u00e9<\/li>\n<\/ul>\n<\/div>\n<\/div>\n","protected":false},"excerpt":{"rendered":"<p>Chaude, souple et respirante, cette veste softshell multifonctionnelle est dot\u00e9e d\u2019une doublure en polaire dans le dos et prot\u00e8ge des<\/p>\n","protected":false},"featured_media":403354,"template":"","meta":{"_seopress_robots_primary_cat":"","_seopress_titles_title":"","_seopress_titles_desc":"","_seopress_robots_index":""},"product_brand":[3646],"product_cat":[81,981,982,1408,1702],"product_tag":[],"class_list":{"0":"post-403401","1":"product","2":"type-product","3":"status-publish","4":"has-post-thumbnail","6":"product_brand-helly-hansen-fr","7":"product_cat-vetements","8":"product_cat-vetements-de-loisirs","9":"product_cat-vetements-pour-hommes","10":"product_cat-equipements-de-loisirs","11":"product_cat-autres","12":"sws-gruppo-abb-libero-fr","13":"sws-categoria-abbigliamento-da-lavoro-fr","14":"sws-sottocategoria-abbigliamento-da-uomo-fr","15":"sws-marca-helly-hansen-fr","16":"sws-conto-ricavi-merci-rivendita-abbigliamento-fr","17":"sws-gruppo-iva-iva81-fr","19":"first","20":"instock","21":"shipping-taxable","22":"purchasable","23":"product-type-variable"},"_links":{"self":[{"href":"https:\/\/lucacastelli.com\/fr\/wp-json\/wp\/v2\/product\/403401","targetHints":{"allow":["GET"]}}],"collection":[{"href":"https:\/\/lucacastelli.com\/fr\/wp-json\/wp\/v2\/product"}],"about":[{"href":"https:\/\/lucacastelli.com\/fr\/wp-json\/wp\/v2\/types\/product"}],"wp:featuredmedia":[{"embeddable":true,"href":"https:\/\/lucacastelli.com\/fr\/wp-json\/wp\/v2\/media\/403354"}],"wp:attachment":[{"href":"https:\/\/lucacastelli.com\/fr\/wp-json\/wp\/v2\/media?parent=403401"}],"wp:term":[{"taxonomy":"product_brand","embeddable":true,"href":"https:\/\/lucacastelli.com\/fr\/wp-json\/wp\/v2\/product_brand?post=403401"},{"taxonomy":"product_cat","embeddable":true,"href":"https:\/\/lucacastelli.com\/fr\/wp-json\/wp\/v2\/product_cat?post=403401"},{"taxonomy":"product_tag","embeddable":true,"href":"https:\/\/lucacastelli.com\/fr\/wp-json\/wp\/v2\/product_tag?post=403401"}],"curies":[{"name":"wp","href":"https:\/\/api.w.org\/{rel}","templated":true}]}}