{"id":403381,"date":"2025-02-26T17:50:49","date_gmt":"2025-02-26T16:50:49","guid":{"rendered":"https:\/\/lucacastelli.com\/prodotto\/veste-softshell-paramount-helly-hansen-pour-femme\/"},"modified":"2025-06-29T09:53:17","modified_gmt":"2025-06-29T07:53:17","slug":"veste-softshell-paramount-helly-hansen-pour-femme","status":"publish","type":"product","link":"https:\/\/lucacastelli.com\/fr\/produit\/veste-softshell-paramount-helly-hansen-pour-femme\/","title":{"rendered":"Helly Hansen Veste Softshell Paramount Femme"},"content":{"rendered":"<div class=\"productDetailsSection_productDescriptionSection__FDg0y\">\n<div class=\"productDescription_productDescription__sJIE6\" data-mt-type=\"product-description\">\n<div class=\"richtext_wrapper__lJjZg productDescription_productDescriptionContent__0A3VB\">Chaude, flexible et respirante, cette veste softshell multifonctionnelle est dot\u00e9e d\u2019une doublure en polaire dans le dos et offre des propri\u00e9t\u00e9s de protection contre les intemp\u00e9ries. Ce produit est certifi\u00e9 bluesign\u00ae. <\/div>\n<\/div>\n<\/div>\n<div class=\"productCollapseSection_productCollapseSection__6fb5x\">\n<div class=\"productCollapseSection_productCollapseSectionTitle__1Vh_4\">\n<h2 class=\"heading_default__PX0IL heading_style--h3__KKzhL\">Les tenants et aboutissants<\/h2>\n<\/div>\n<div class=\"productCollapseSection_productCollapseSectionContent__VJCb7\">\n<div class=\"productDetails_productDetails__g_C4N\">\n<p>Teneur en fibres&nbsp;:<\/p>\n<div class=\"richtext_wrapper__lJjZg blocks_root__vE_15\">Ext\u00e9rieur : 90 % polyester (recycl\u00e9), 10 % \u00e9lasthanne<\/div>\n<p>Instructions d\u2019entretien&nbsp;:<\/p>\n<div class=\"richtext_wrapper__lJjZg blocks_root__vE_15\">Fermez les crochets et les \u0153illets avant le lavage. Fermez les fermetures \u00e9clair avant de laver. N\u2019utilisez pas d\u2019assouplissant. Retirer imm\u00e9diatement de la machine \u00e0 laver. Les couleurs vives peuvent se d\u00e9colorer l\u00e9g\u00e8rement. Laver s\u00e9par\u00e9ment.     <\/div>\n<div class=\"productDetails_productDetailsCols__K1qqI\">\n<div class=\"productDetails_productDetailsRow__bHp5_\">\n<div class=\"blocks_mobileInlineWrapper__N_Soc\">Poids : 0g<\/div>\n<\/div>\n<\/div>\n<\/div>\n<\/div>\n<\/div>\n<div class=\"productCollapseSection_productCollapseSection__6fb5x productFeatures_root__BqPE9 productFeatures_twoColumnsList__vArq2\">\n<div class=\"productCollapseSection_productCollapseSectionTitle__1Vh_4\">\n<h2 class=\"heading_default__PX0IL heading_style--h3__KKzhL\">Caract\u00e9ristique<\/h2>\n<\/div>\n<div class=\"productCollapseSection_productCollapseSectionContent__VJCb7\">\n<ul>\n<li>Fermeture \u00e9clair YKK\u00ae<\/li>\n<li>Imperm\u00e9able, durable, coupe-vent et respirant<\/li>\n<li>Tissu softshell confortable et l\u00e9ger avec une membrane<\/li>\n<li>Dos en polaire<\/li>\n<li>Fermeture \u00e9clair YKK\u00ae sur toute la face avant<\/li>\n<li>Poignets r\u00e9glables<\/li>\n<li>Poches pour les mains zipp\u00e9es YKK\u00ae<\/li>\n<li>Poche poitrine zipp\u00e9e YKK\u00ae<\/li>\n<li>Menton<\/li>\n<li>Traitement d\u2019imperm\u00e9abilisation (DWR)<\/li>\n<li>Logo HH\u00ae imprim\u00e9<\/li>\n<li>Produit bluesign\u00ae<\/li>\n<li>Sans PFC<\/li>\n<li>Contenu recycl\u00e9<\/li>\n<\/ul>\n<\/div>\n<\/div>\n","protected":false},"excerpt":{"rendered":"<p>Chaude, flexible et respirante, cette veste softshell multifonctionnelle est dot\u00e9e d\u2019une doublure en polaire dans le dos et offre des<\/p>\n","protected":false},"featured_media":403368,"template":"","meta":{"_seopress_robots_primary_cat":"","_seopress_titles_title":"","_seopress_titles_desc":"","_seopress_robots_index":""},"product_brand":[3646],"product_cat":[81,981,1387,1408,1702],"product_tag":[],"class_list":{"0":"post-403381","1":"product","2":"type-product","3":"status-publish","4":"has-post-thumbnail","6":"product_brand-helly-hansen-fr","7":"product_cat-vetements","8":"product_cat-vetements-de-loisirs","9":"product_cat-vetements-pour-femmes","10":"product_cat-equipements-de-loisirs","11":"product_cat-autres","12":"sws-gruppo-abb-libero-fr","13":"sws-conto-ricavi-merci-rivendita-abbigliamento-fr","14":"sws-gruppo-iva-iva81-fr","16":"first","17":"instock","18":"shipping-taxable","19":"purchasable","20":"product-type-variable"},"_links":{"self":[{"href":"https:\/\/lucacastelli.com\/fr\/wp-json\/wp\/v2\/product\/403381","targetHints":{"allow":["GET"]}}],"collection":[{"href":"https:\/\/lucacastelli.com\/fr\/wp-json\/wp\/v2\/product"}],"about":[{"href":"https:\/\/lucacastelli.com\/fr\/wp-json\/wp\/v2\/types\/product"}],"wp:featuredmedia":[{"embeddable":true,"href":"https:\/\/lucacastelli.com\/fr\/wp-json\/wp\/v2\/media\/403368"}],"wp:attachment":[{"href":"https:\/\/lucacastelli.com\/fr\/wp-json\/wp\/v2\/media?parent=403381"}],"wp:term":[{"taxonomy":"product_brand","embeddable":true,"href":"https:\/\/lucacastelli.com\/fr\/wp-json\/wp\/v2\/product_brand?post=403381"},{"taxonomy":"product_cat","embeddable":true,"href":"https:\/\/lucacastelli.com\/fr\/wp-json\/wp\/v2\/product_cat?post=403381"},{"taxonomy":"product_tag","embeddable":true,"href":"https:\/\/lucacastelli.com\/fr\/wp-json\/wp\/v2\/product_tag?post=403381"}],"curies":[{"name":"wp","href":"https:\/\/api.w.org\/{rel}","templated":true}]}}