{"id":636139,"date":"2025-10-13T12:46:22","date_gmt":"2025-10-13T10:46:22","guid":{"rendered":"https:\/\/lucacastelli.com\/bulletin-dinformation-f\/"},"modified":"2025-10-22T08:43:58","modified_gmt":"2025-10-22T06:43:58","slug":"newsletter","status":"publish","type":"page","link":"https:\/\/lucacastelli.com\/fr\/newsletter\/","title":{"rendered":"Newsletter"},"content":{"rendered":"\n<div class=\"wp-block-columns is-layout-flex wp-container-core-columns-is-layout-9d6595d7 wp-block-columns-is-layout-flex\">\n<div class=\"wp-block-column is-layout-flow wp-block-column-is-layout-flow\" style=\"flex-basis:66.66%\">\n<h2 class=\"wp-block-heading\">Abonnez-vous \u00e0 la Newsletter de Luca Castelli SA<\/h2>\n\n\n\n<p>Restez toujours inform\u00e9s des derni\u00e8res nouveaut\u00e9s du monde <strong data-start=\"242\" data-end=\"275\">forestier, agricole et outdoor<\/strong> avec la newsletter officielle de <strong data-start=\"307\" data-end=\"327\">Luca Castelli SA<\/strong>. Vous recevrez p\u00e9riodiquement des informations utiles sur les <strong data-start=\"379\" data-end=\"437\">nouveaux produits, promotions exclusives<\/strong> et mises \u00e0 jour concernant les <strong data-start=\"458\" data-end=\"481\">marques les plus renomm\u00e9es<\/strong> que nous distribuons, comme <em data-start=\"505\" data-end=\"548\"><a href=\"https:\/\/lucacastelli.com\/shop\/?filter_product_brand=3366\">STIHL<\/a>, <a href=\"https:\/\/lucacastelli.com\/shop\/?filter_product_brand=3366\">Pfanner<\/a>, Petzl, <a href=\"https:\/\/lucacastelli.com\/shop\/\">Milwaukee<\/a>, <a href=\"https:\/\/lucacastelli.com\/shop\/\">Ortovox<\/a><\/em> et bien d&#8217;autres. <\/p>\n<p>L&#8217;inscription est <strong data-start=\"582\" data-end=\"594\">gratuite<\/strong> et ne prend que quelques instants. Apr\u00e8s avoir saisi votre adresse e-mail, vous recevrez un message de confirmation : suivez les instructions qu&#8217;il contient pour finaliser votre inscription. <\/p>\n<\/div>\n\n\n\n<div class=\"wp-block-column is-layout-flow wp-block-column-is-layout-flow\" style=\"flex-basis:33.33%\">\n<div style=\"height:40px\" aria-hidden=\"true\" class=\"wp-block-spacer\"><\/div>\n\n\n\n<div class=\"tnp tnp-subscription \">\n<form method=\"post\" action=\"https:\/\/lucacastelli.com\/fr\/?na=s\">\n<input type=\"hidden\" name=\"nlang\" value=\"it\"\/>\n<div class=\"tnp-field tnp-field-firstname\">\n<input class=\"tnp-name\" type=\"text\" name=\"nn\" id=\"tnp-1\" value=\"\" placeholder=\"Nom et pr\u00e9nom\"\/><\/div>\n<div class=\"tnp-field tnp-field-email\">\n<input class=\"tnp-email\" type=\"email\" name=\"ne\" id=\"tnp-2\" value=\"\" placeholder=\"E-mail\" required=\"\"\/><\/div>\n<div class=\"tnp-field tnp-privacy-field\"><label><input type=\"checkbox\" name=\"ny\" required=\"\" class=\"tnp-privacy\"\/>  J&#8217;accepte la <a target=\"_blank\" href=\"https:\/\/lucacastelli.com\/fr\/politique-en-matiere-de-confidentialite-et-de-cookies\/\">politique de confidentialit\u00e9<\/a><\/label><\/div><div class=\"tnp-field tnp-field-button\" style=\"text-align: left\"><input class=\"tnp-submit\" type=\"submit\" value=\"S'inscrire\" style=\"width:100%; margin-top:5px;\"\/>\n<\/div>\n<\/form>\n<\/div>\n<\/div>\n<\/div>\n","protected":false},"excerpt":{"rendered":"<p>Abonnez-vous \u00e0 la Newsletter de Luca Castelli SA Restez toujours inform\u00e9s des derni\u00e8res nouveaut\u00e9s du monde forestier, agricole et outdoor<\/p>\n","protected":false},"author":3,"featured_media":0,"parent":0,"menu_order":509,"comment_status":"closed","ping_status":"closed","template":"","meta":{"_seopress_robots_primary_cat":"","_seopress_titles_title":"","_seopress_titles_desc":"","_seopress_robots_index":"","footnotes":""},"class_list":["post-636139","page","type-page","status-publish","hentry"],"_links":{"self":[{"href":"https:\/\/lucacastelli.com\/fr\/wp-json\/wp\/v2\/pages\/636139","targetHints":{"allow":["GET"]}}],"collection":[{"href":"https:\/\/lucacastelli.com\/fr\/wp-json\/wp\/v2\/pages"}],"about":[{"href":"https:\/\/lucacastelli.com\/fr\/wp-json\/wp\/v2\/types\/page"}],"author":[{"embeddable":true,"href":"https:\/\/lucacastelli.com\/fr\/wp-json\/wp\/v2\/users\/3"}],"replies":[{"embeddable":true,"href":"https:\/\/lucacastelli.com\/fr\/wp-json\/wp\/v2\/comments?post=636139"}],"version-history":[{"count":0,"href":"https:\/\/lucacastelli.com\/fr\/wp-json\/wp\/v2\/pages\/636139\/revisions"}],"wp:attachment":[{"href":"https:\/\/lucacastelli.com\/fr\/wp-json\/wp\/v2\/media?parent=636139"}],"curies":[{"name":"wp","href":"https:\/\/api.w.org\/{rel}","templated":true}]}}