{"id":487095,"date":"2025-07-09T08:57:50","date_gmt":"2025-07-09T06:57:50","guid":{"rendered":"https:\/\/lucacastelli.com\/contact\/"},"modified":"2025-10-20T12:28:42","modified_gmt":"2025-10-20T10:28:42","slug":"contact","status":"publish","type":"page","link":"https:\/\/lucacastelli.com\/fr\/contact\/","title":{"rendered":"Contact"},"content":{"rendered":"\t\t<div data-elementor-type=\"wp-page\" data-elementor-id=\"487095\" class=\"elementor elementor-487095 elementor-487011\">\n\t\t\t\t<div class=\"wd-negative-gap elementor-element elementor-element-07f5b46 e-flex e-con-boxed e-con e-parent\" data-id=\"07f5b46\" data-element_type=\"container\">\n\t\t\t\t\t<div class=\"e-con-inner\">\n\t\t\t\t<div class=\"elementor-element elementor-element-93fcf86 elementor-widget elementor-widget-heading\" data-id=\"93fcf86\" data-element_type=\"widget\" data-widget_type=\"heading.default\">\n\t\t\t\t\t<h1 class=\"elementor-heading-title elementor-size-default\">contatti<\/h1>\t\t\t\t<\/div>\n\t\t\t\t\t<\/div>\n\t\t\t\t<\/div>\n\t\t<div class=\"wd-negative-gap elementor-element elementor-element-a599f40 e-flex e-con-boxed e-con e-parent\" data-id=\"a599f40\" data-element_type=\"container\">\n\t\t\t\t\t<div class=\"e-con-inner\">\n\t\t<div class=\"elementor-element elementor-element-a61d6ff e-con-full e-flex e-con e-child\" data-id=\"a61d6ff\" data-element_type=\"container\">\n\t\t\t\t<div class=\"elementor-element elementor-element-ab3a898 elementor-widget elementor-widget-heading\" data-id=\"ab3a898\" data-element_type=\"widget\" data-widget_type=\"heading.default\">\n\t\t\t\t\t<h2 class=\"elementor-heading-title elementor-size-default\">COORDONN\u00c9ES<\/h2>\t\t\t\t<\/div>\n\t\t\t\t<div class=\"elementor-element elementor-element-fff26de elementor-widget__width-inherit color-scheme-inherit text-left elementor-widget elementor-widget-text-editor\" data-id=\"fff26de\" data-element_type=\"widget\" data-widget_type=\"text-editor.default\">\n\t\t\t\t\t\t\t\t\t<p id=\"wd-3a6954af\" class=\"wp-block-wd-paragraph\">Nous vous invitons \u00e0 s\u00e9lectionner la m\u00e9thode et l\u2019interlocuteur qui correspond le mieux \u00e0 vos besoins afin d\u2019avoir la meilleure r\u00e9ponse et dans les plus brefs d\u00e9lais. \u00c0 cette fin, il existe des adresses e-mail et des num\u00e9ros de t\u00e9l\u00e9phone.<\/p><p id=\"wd-50277adf\" class=\"wp-block-wd-paragraph\">Luca Castelli SA<br>Via San Gottardo 28<br>CH-6532 Castione<\/p><p id=\"wd-b9a2ba8e\" class=\"wp-block-wd-paragraph\">Courriel : <a href=\"mailto:info@lucacastelli.ch\"><span style=\"color: #d0011b;\">info@lucacastelli.ch<\/span><\/a><\/p>\t\t\t\t\t\t\t\t<\/div>\n\t\t\t\t<div class=\"elementor-element elementor-element-f03669c elementor-position-inline-start elementor-view-default elementor-widget elementor-widget-icon-box\" data-id=\"f03669c\" data-element_type=\"widget\" data-widget_type=\"icon-box.default\">\n\t\t\t\t\t\t\t<div class=\"elementor-icon-box-wrapper\">\n\n\t\t\t\t\t\t<div class=\"elementor-icon-box-icon\">\n\t\t\t\t<a href=\"https:\/\/wa.me\/+41918294330\" class=\"elementor-icon\" tabindex=\"-1\" aria-label=\"Whatsapp\">\n\t\t\t\t<svg aria-hidden=\"true\" class=\"e-font-icon-svg e-fab-whatsapp\" viewBox=\"0 0 448 512\" xmlns=\"http:\/\/www.w3.org\/2000\/svg\"><path d=\"M380.9 97.1C339 55.1 283.2 32 223.9 32c-122.4 0-222 99.6-222 222 0 39.1 10.2 77.3 29.6 111L0 480l117.7-30.9c32.4 17.7 68.9 27 106.1 27h.1c122.3 0 224.1-99.6 224.1-222 0-59.3-25.2-115-67.1-157zm-157 341.6c-33.2 0-65.7-8.9-94-25.7l-6.7-4-69.8 18.3L72 359.2l-4.4-7c-18.5-29.4-28.2-63.3-28.2-98.2 0-101.7 82.8-184.5 184.6-184.5 49.3 0 95.6 19.2 130.4 54.1 34.8 34.9 56.2 81.2 56.1 130.5 0 101.8-84.9 184.6-186.6 184.6zm101.2-138.2c-5.5-2.8-32.8-16.2-37.9-18-5.1-1.9-8.8-2.8-12.5 2.8-3.7 5.6-14.3 18-17.6 21.8-3.2 3.7-6.5 4.2-12 1.4-32.6-16.3-54-29.1-75.5-66-5.7-9.8 5.7-9.1 16.3-30.3 1.8-3.7.9-6.9-.5-9.7-1.4-2.8-12.5-30.1-17.1-41.2-4.5-10.8-9.1-9.3-12.5-9.5-3.2-.2-6.9-.2-10.6-.2-3.7 0-9.7 1.4-14.8 6.9-5.1 5.6-19.4 19-19.4 46.3 0 27.3 19.9 53.7 22.6 57.4 2.8 3.7 39.1 59.7 94.8 83.8 35.2 15.2 49 16.5 66.6 13.9 10.7-1.6 32.8-13.4 37.4-26.4 4.6-13 4.6-24.1 3.2-26.4-1.3-2.5-5-3.9-10.5-6.6z\"><\/path><\/svg>\t\t\t\t<\/a>\n\t\t\t<\/div>\n\t\t\t\n\t\t\t\t\t\t<div class=\"elementor-icon-box-content\">\n\n\t\t\t\t\t\t\t\t\t<h3 class=\"elementor-icon-box-title\">\n\t\t\t\t\t\t<a href=\"https:\/\/wa.me\/+41918294330\" >\n\t\t\t\t\t\t\tWhatsapp\t\t\t\t\t\t<\/a>\n\t\t\t\t\t<\/h3>\n\t\t\t\t\n\t\t\t\t\n\t\t\t<\/div>\n\t\t\t\n\t\t<\/div>\n\t\t\t\t\t\t<\/div>\n\t\t\t\t<div class=\"elementor-element elementor-element-4891e7e elementor-widget-divider--view-line elementor-widget elementor-widget-divider\" data-id=\"4891e7e\" data-element_type=\"widget\" data-widget_type=\"divider.default\">\n\t\t\t\t\t\t\t<div class=\"elementor-divider\">\n\t\t\t<span class=\"elementor-divider-separator\">\n\t\t\t\t\t\t<\/span>\n\t\t<\/div>\n\t\t\t\t\t\t<\/div>\n\t\t\t\t<div class=\"elementor-element elementor-element-1936ca1 elementor-widget elementor-widget-heading\" data-id=\"1936ca1\" data-element_type=\"widget\" data-widget_type=\"heading.default\">\n\t\t\t\t\t<h2 class=\"elementor-heading-title elementor-size-default\">CONTACTS T\u00c9L\u00c9PHONIQUES<\/h2>\t\t\t\t<\/div>\n\t\t\t\t<div class=\"elementor-element elementor-element-d750264 elementor-widget__width-inherit color-scheme-inherit text-left elementor-widget elementor-widget-text-editor\" data-id=\"d750264\" data-element_type=\"widget\" data-widget_type=\"text-editor.default\">\n\t\t\t\t\t\t\t\t\t<p><strong>T\u00e9l\u00e9phone&nbsp;: <a href=\"T\u00e9l.&nbsp;:+41%2091%20829%2043%2030\">+41 91 829 43 30<\/a><\/strong><\/p><ul><li>Int. 1 : Magasiner des v\u00eatements, des chaussures et des accessoires<\/li><li>Int. 2 : Atelier et atelier d&#8217;usinage<\/li><li>Int. 3 : Gestion, comptabilit\u00e9<\/li><\/ul>\t\t\t\t\t\t\t\t<\/div>\n\t\t\t\t<\/div>\n\t\t<div class=\"elementor-element elementor-element-3b8bb07 e-con-full e-flex e-con e-child\" data-id=\"3b8bb07\" data-element_type=\"container\">\n\t\t\t\t<div class=\"elementor-element elementor-element-5fcea6b elementor-widget elementor-widget-heading\" data-id=\"5fcea6b\" data-element_type=\"widget\" data-widget_type=\"heading.default\">\n\t\t\t\t\t<h2 class=\"elementor-heading-title elementor-size-default\">TIMETABLES<\/h2>\t\t\t\t<\/div>\n\t\t\t\t<div class=\"elementor-element elementor-element-c4843df elementor-widget__width-inherit color-scheme-inherit text-left elementor-widget elementor-widget-text-editor\" data-id=\"c4843df\" data-element_type=\"widget\" data-widget_type=\"text-editor.default\">\n\t\t\t\t\t\t\t\t\t<p id=\"wd-80358afa\" class=\"wp-block-wd-paragraph\"><strong>Magasin de v\u00eatements, de chaussures et d&#8217;accessoires<\/strong><\/p><p id=\"wd-197637fa\" class=\"wp-block-wd-paragraph\">Lun 08:30 &#8211; 12:00 \/ 13:00 &#8211; 16:45<br>Mar 08:30 &#8211; 12:00 \/ 13:00 &#8211; 18:00<br>Mer 09:00 &#8211; 12:00 \/ 14:45 &#8211; 18:00<br>Jeu &#8211; Ven 08:30 &#8211; 12:00 \/ 13:00 &#8211; 18:00<br>Sam 09:00 &#8211; 12:00 \/ 13:00 &#8211; 17:00<\/p>\t\t\t\t\t\t\t\t<\/div>\n\t\t\t\t<div class=\"elementor-element elementor-element-aa048c5 elementor-widget-divider--view-line elementor-widget elementor-widget-divider\" data-id=\"aa048c5\" data-element_type=\"widget\" data-widget_type=\"divider.default\">\n\t\t\t\t\t\t\t<div class=\"elementor-divider\">\n\t\t\t<span class=\"elementor-divider-separator\">\n\t\t\t\t\t\t<\/span>\n\t\t<\/div>\n\t\t\t\t\t\t<\/div>\n\t\t\t\t<div class=\"elementor-element elementor-element-23b7927 elementor-widget__width-inherit color-scheme-inherit text-left elementor-widget elementor-widget-text-editor\" data-id=\"23b7927\" data-element_type=\"widget\" data-widget_type=\"text-editor.default\">\n\t\t\t\t\t\t\t\t\t<p id=\"wd-18df1602\" class=\"wp-block-wd-paragraph\"><strong>Atelier de m\u00e9canique<\/strong> et atelier<br>Vente et r\u00e9paration de machines et de bois<\/p><p id=\"wd-cc7cc3ee\" class=\"wp-block-wd-paragraph\">Lun <strong>08:00 &#8211; 12:00 \/ 13:00 &#8211; 17:00<\/strong><br>Mar &#8211; Ven <strong>07:30 &#8211; 12:00 \/ 13:00 &#8211; 18:00<\/strong><br>Sam <strong>08:00 &#8211; 12:00 \/ 13:00 &#8211; 17:00<\/strong><br>Dim <strong>Ferm\u00e9<\/strong><\/p>\t\t\t\t\t\t\t\t<\/div>\n\t\t\t\t<div class=\"elementor-element elementor-element-7901ea7 elementor-widget-divider--view-line elementor-widget elementor-widget-divider\" data-id=\"7901ea7\" data-element_type=\"widget\" data-widget_type=\"divider.default\">\n\t\t\t\t\t\t\t<div class=\"elementor-divider\">\n\t\t\t<span class=\"elementor-divider-separator\">\n\t\t\t\t\t\t<\/span>\n\t\t<\/div>\n\t\t\t\t\t\t<\/div>\n\t\t\t\t<div class=\"elementor-element elementor-element-4d0e903 elementor-widget__width-inherit color-scheme-inherit text-left elementor-widget elementor-widget-text-editor\" data-id=\"4d0e903\" data-element_type=\"widget\" data-widget_type=\"text-editor.default\">\n\t\t\t\t\t\t\t\t\t<p id=\"wd-18df1602\" class=\"wp-block-wd-paragraph\"><strong>Administration, comptabilit\u00e9<\/strong><br>Lun &#8211; Ven 08:00 &#8211; 12:00<\/p>\t\t\t\t\t\t\t\t<\/div>\n\t\t\t\t<\/div>\n\t\t\t\t\t<\/div>\n\t\t\t\t<\/div>\n\t\t<div class=\"wd-negative-gap elementor-element elementor-element-917ce84 e-flex e-con-boxed e-con e-parent\" data-id=\"917ce84\" data-element_type=\"container\">\n\t\t\t\t\t<div class=\"e-con-inner\">\n\t\t<div class=\"elementor-element elementor-element-6657157 e-con-full e-flex e-con e-child\" data-id=\"6657157\" data-element_type=\"container\">\n\t\t\t\t<div class=\"elementor-element elementor-element-a2b3afb elementor-widget elementor-widget-form\" data-id=\"a2b3afb\" data-element_type=\"widget\" data-widget_type=\"form.default\">\n\t\t\t\t<div class=\"elementor-widget-container\">\n\t\t\t\t\t \t\t\t\t<\/div>\n\t\t\t\t<\/div>\n\t\t\t\t<\/div>\n\t\t<div class=\"elementor-element elementor-element-749fb30 e-con-full e-flex e-con e-child\" data-id=\"749fb30\" data-element_type=\"container\">\n\t\t\t\t<div class=\"elementor-element elementor-element-d14e77f elementor-widget elementor-widget-google_maps\" data-id=\"d14e77f\" data-element_type=\"widget\" data-widget_type=\"google_maps.default\">\n\t\t\t\t\t\t\t<div class=\"elementor-custom-embed\">\n\t\t\t<iframe loading=\"lazy\"\n\t\t\t\t\tsrc=\"https:\/\/maps.google.com\/maps?q=Luca%20Castelli%20SA&#038;t=m&#038;z=10&#038;output=embed&#038;iwloc=near\"\n\t\t\t\t\ttitle=\"Luca Castelli SA\"\n\t\t\t\t\taria-label=\"Luca Castelli SA\"\n\t\t\t><\/iframe>\n\t\t<\/div>\n\t\t\t\t\t\t<\/div>\n\t\t\t\t<\/div>\n\t\t\t\t\t<\/div>\n\t\t\t\t<\/div>\n\t\t\t\t<\/div>\n\t\t","protected":false},"excerpt":{"rendered":"<p>Home COORDONN\u00c9ES Nous vous invitons \u00e0 s\u00e9lectionner la m\u00e9thode et l\u2019interlocuteur qui correspond le mieux \u00e0 vos besoins afin d\u2019avoir<\/p>\n","protected":false},"author":1046,"featured_media":0,"parent":0,"menu_order":500,"comment_status":"closed","ping_status":"closed","template":"elementor_header_footer","meta":{"_seopress_robots_primary_cat":"","_seopress_titles_title":"Contactez-nous \u2013 Luca Castelli SA \u00e0 Castione, Tessin","_seopress_titles_desc":"Vous avez besoin d\u2019informations ou d\u2019assistance ? Contact Luca Castelli SA : nous vous attendons \u00e0 Castione pour des v\u00eatements, des machines, du bois et des poteaux en ch\u00e2taignier. ","_seopress_robots_index":"","footnotes":""},"class_list":["post-487095","page","type-page","status-publish","hentry"],"_links":{"self":[{"href":"https:\/\/lucacastelli.com\/fr\/wp-json\/wp\/v2\/pages\/487095","targetHints":{"allow":["GET"]}}],"collection":[{"href":"https:\/\/lucacastelli.com\/fr\/wp-json\/wp\/v2\/pages"}],"about":[{"href":"https:\/\/lucacastelli.com\/fr\/wp-json\/wp\/v2\/types\/page"}],"author":[{"embeddable":true,"href":"https:\/\/lucacastelli.com\/fr\/wp-json\/wp\/v2\/users\/1046"}],"replies":[{"embeddable":true,"href":"https:\/\/lucacastelli.com\/fr\/wp-json\/wp\/v2\/comments?post=487095"}],"version-history":[{"count":0,"href":"https:\/\/lucacastelli.com\/fr\/wp-json\/wp\/v2\/pages\/487095\/revisions"}],"wp:attachment":[{"href":"https:\/\/lucacastelli.com\/fr\/wp-json\/wp\/v2\/media?parent=487095"}],"curies":[{"name":"wp","href":"https:\/\/api.w.org\/{rel}","templated":true}]}}