{"id":444798,"date":"2025-06-02T13:11:18","date_gmt":"2025-06-02T11:11:18","guid":{"rendered":"https:\/\/lucacastelli.com\/empreinte\/"},"modified":"2025-12-17T08:55:46","modified_gmt":"2025-12-17T07:55:46","slug":"empreinte","status":"publish","type":"page","link":"https:\/\/lucacastelli.com\/fr\/empreinte\/","title":{"rendered":"Empreinte"},"content":{"rendered":"\n<p id=\"wd-eab70a0e\" class=\"wp-block-wd-paragraph\"><strong>Propri\u00e9taire du site et des contenus :<\/strong> <br\/>Luca Castelli SA Via San Gottardo 28 CH-6532 Castione Suisse<\/p>\n\n<p id=\"wd-3b4e7892\" class=\"wp-block-wd-paragraph\"><strong>Contacts :<\/strong> <br\/>E-mail : media@lucacastellisa.ch<br\/>T\u00e9l\u00e9phone : +41 91 829 43 31<\/p>\n\n<p id=\"wd-433e7a9f\" class=\"wp-block-wd-paragraph\"><\/p>\n\n<p id=\"wd-3ef1076d\" class=\"wp-block-wd-paragraph\"><strong>Inscription au Registre du Commerce :<\/strong><br\/>Num\u00e9ro d&#8217;identification de l&#8217;entreprise (IDE) : CHE-105.868.963 <br\/>Bureau du Registre du Commerce du Canton du Tessin<\/p>\n\n<p id=\"wd-35e53622\" class=\"wp-block-wd-paragraph\"><strong>Num\u00e9ro de TVA (le cas \u00e9ch\u00e9ant) :<\/strong><br\/>CHE-105.868.963 TVA<\/p>\n\n<p id=\"wd-fd18f4fb\" class=\"wp-block-wd-paragraph\"><strong>Clause de non-responsabilit\u00e9 :<\/strong> <br\/>L&#8217;auteur n&#8217;assume aucune responsabilit\u00e9 quant \u00e0 l&#8217;exactitude, la pr\u00e9cision, l&#8217;actualit\u00e9, la fiabilit\u00e9 et l&#8217;exhaustivit\u00e9 des informations. Toute r\u00e9clamation en responsabilit\u00e9 contre l&#8217;auteur pour des dommages mat\u00e9riels ou immat\u00e9riels r\u00e9sultant de l&#8217;acc\u00e8s, de l&#8217;utilisation ou de la non-utilisation des informations publi\u00e9es, d&#8217;une mauvaise utilisation de la connexion ou de d\u00e9faillances techniques est exclue. <\/p>\n\n<p id=\"wd-c395ff3e\" class=\"wp-block-wd-paragraph\"><strong>Responsabilit\u00e9 pour les liens :<\/strong><br\/> Les r\u00e9f\u00e9rences et liens vers des sites web tiers ne rel\u00e8vent pas de notre responsabilit\u00e9. Nous d\u00e9clinons toute responsabilit\u00e9 pour ces sites web. L&#8217;acc\u00e8s et l&#8217;utilisation de ces sites se font aux risques et p\u00e9rils de l&#8217;utilisateur.  <\/p>\n\n<p id=\"wd-7285d475\" class=\"wp-block-wd-paragraph\"><strong>Droits d&#8217;auteur :<\/strong><br\/>Les droits d&#8217;auteur et tous les autres droits sur les contenus, images, photos ou autres fichiers pr\u00e9sents sur le site web appartiennent exclusivement \u00e0 Luca Castelli SA ou aux titulaires des droits sp\u00e9cifiquement mentionn\u00e9s. Pour la reproduction de tout \u00e9l\u00e9ment, il est n\u00e9cessaire d&#8217;obtenir pr\u00e9alablement le consentement \u00e9crit des titulaires des droits d&#8217;auteur. <\/p>\n","protected":false},"excerpt":{"rendered":"","protected":false},"author":1,"featured_media":0,"parent":0,"menu_order":502,"comment_status":"closed","ping_status":"closed","template":"","meta":{"_seopress_robots_primary_cat":"","_seopress_titles_title":"","_seopress_titles_desc":"","_seopress_robots_index":"","footnotes":""},"class_list":["post-444798","page","type-page","status-publish","hentry"],"_links":{"self":[{"href":"https:\/\/lucacastelli.com\/fr\/wp-json\/wp\/v2\/pages\/444798","targetHints":{"allow":["GET"]}}],"collection":[{"href":"https:\/\/lucacastelli.com\/fr\/wp-json\/wp\/v2\/pages"}],"about":[{"href":"https:\/\/lucacastelli.com\/fr\/wp-json\/wp\/v2\/types\/page"}],"author":[{"embeddable":true,"href":"https:\/\/lucacastelli.com\/fr\/wp-json\/wp\/v2\/users\/1"}],"replies":[{"embeddable":true,"href":"https:\/\/lucacastelli.com\/fr\/wp-json\/wp\/v2\/comments?post=444798"}],"version-history":[{"count":2,"href":"https:\/\/lucacastelli.com\/fr\/wp-json\/wp\/v2\/pages\/444798\/revisions"}],"predecessor-version":[{"id":665765,"href":"https:\/\/lucacastelli.com\/fr\/wp-json\/wp\/v2\/pages\/444798\/revisions\/665765"}],"wp:attachment":[{"href":"https:\/\/lucacastelli.com\/fr\/wp-json\/wp\/v2\/media?parent=444798"}],"curies":[{"name":"wp","href":"https:\/\/api.w.org\/{rel}","templated":true}]}}