{"id":638672,"date":"2025-08-19T11:06:34","date_gmt":"2025-08-19T09:06:34","guid":{"rendered":"https:\/\/lucacastelli.com\/prodotto\/pfanner-canfull-shorts-maximus\/"},"modified":"2025-08-19T11:06:34","modified_gmt":"2025-08-19T09:06:34","slug":"pfanner-canfull-shorts-maximus","status":"publish","type":"product","link":"https:\/\/lucacastelli.com\/en\/product\/pfanner-canfull-shorts-maximus\/","title":{"rendered":"Pfanner Canfull Shorts Maximus"},"content":{"rendered":"<p>Le short de travail StretchFlex Canfull Maximus est un short de travail robuste pour les enfants avec des genoux pr\u00e9form\u00e9s. L&#8217;ensemble du pantalon est dot\u00e9 d&#8217;un stretch bidirectionnel pour un ajustement confortable.<br \/>\n-Technologie StretchFlex<br \/>\n-3CON Reflex<br \/>\n-Fermeture \u00e0 double ceinture<br \/>\n-Poche fonctionnelle<br \/>\n-Poche lat\u00e9rale int\u00e9rieure<br \/>\n-Bandes r\u00e9fl\u00e9chissantes<br \/>\n-Taille \u00e9lastiqu\u00e9e   <\/p>\n<p>Mati\u00e8re : 63% polyester, 34% coton, 3% spandex<br \/>\nTailles : 104, 116, 128, 140, 152 (+5 cm syst\u00e8me stretch)<\/p>\n","protected":false},"excerpt":{"rendered":"<p>Le short de travail StretchFlex Canfull Maximus est un short de travail robuste pour les enfants avec des genoux pr\u00e9form\u00e9s.<\/p>\n","protected":false},"featured_media":0,"template":"","meta":{"_seopress_robots_primary_cat":"","_seopress_titles_title":"","_seopress_titles_desc":"","_seopress_robots_index":""},"product_brand":[],"product_cat":[21],"product_tag":[],"class_list":{"0":"post-638672","1":"product","2":"type-product","3":"status-publish","5":"product_cat-abbigliamento","7":"first","8":"instock","9":"shipping-taxable","10":"product-type-simple"},"_links":{"self":[{"href":"https:\/\/lucacastelli.com\/en\/wp-json\/wp\/v2\/product\/638672","targetHints":{"allow":["GET"]}}],"collection":[{"href":"https:\/\/lucacastelli.com\/en\/wp-json\/wp\/v2\/product"}],"about":[{"href":"https:\/\/lucacastelli.com\/en\/wp-json\/wp\/v2\/types\/product"}],"wp:attachment":[{"href":"https:\/\/lucacastelli.com\/en\/wp-json\/wp\/v2\/media?parent=638672"}],"wp:term":[{"taxonomy":"product_brand","embeddable":true,"href":"https:\/\/lucacastelli.com\/en\/wp-json\/wp\/v2\/product_brand?post=638672"},{"taxonomy":"product_cat","embeddable":true,"href":"https:\/\/lucacastelli.com\/en\/wp-json\/wp\/v2\/product_cat?post=638672"},{"taxonomy":"product_tag","embeddable":true,"href":"https:\/\/lucacastelli.com\/en\/wp-json\/wp\/v2\/product_tag?post=638672"}],"curies":[{"name":"wp","href":"https:\/\/api.w.org\/{rel}","templated":true}]}}