{"id":628326,"date":"2023-06-16T14:56:10","date_gmt":"2023-06-16T12:56:10","guid":{"rendered":"https:\/\/lucacastelli.com\/prodotto\/5-6-x-115mm-6-8-8-10-x-165-mm-12-x-160-mm-hammerbohrer-mx4-sds-plus-kassette-7-teilig\/"},"modified":"2023-06-16T14:56:10","modified_gmt":"2023-06-16T12:56:10","slug":"5-6-x-115mm-6-8-8-10-x-165-mm-12-x-160-mm-hammerbohrer-mx4-sds-plus-kassette-7-teilig","status":"publish","type":"product","link":"https:\/\/lucacastelli.com\/en\/product\/5-6-x-115mm-6-8-8-10-x-165-mm-12-x-160-mm-hammerbohrer-mx4-sds-plus-kassette-7-teilig\/","title":{"rendered":"5\/6 x 115mm, 6\/8\/8\/10 x 165 mm, 12 x 160 mm Hammerbohrer MX4 SDS-Plus Kassette 7-teilig"},"content":{"rendered":"<p>Contents:<br \/>\n\u00d8 5.5 x 165 mm<br \/>\n\u00d8 6 x 115 mm<br \/>\n\u00d8 5 x 165 mm<br \/>\n\u00d8 5.5 x 165 mm<br \/>\n\u00d8 6 x 165 mm<br \/>\n\u00d8 8 x 165 mm<br \/>\n\u00d8 10 x 165 mm<\/p>\n","protected":false},"excerpt":{"rendered":"<p>Contents: \u00d8 5.5 x 165 mm \u00d8 6 x 115 mm \u00d8 5 x 165 mm \u00d8 5.5 x 165<\/p>\n","protected":false},"featured_media":56647,"template":"","meta":{"_seopress_robots_primary_cat":"","_seopress_titles_title":"","_seopress_titles_desc":"","_seopress_robots_index":""},"product_brand":[3657],"product_cat":[165,1452,1551,1556],"product_tag":[],"class_list":{"0":"post-628326","1":"product","2":"type-product","3":"status-publish","4":"has-post-thumbnail","6":"product_brand-milwaukee-en","7":"product_cat-machinery","8":"product_cat-other-devices","9":"product_cat-drills-and-screwdrivers","10":"product_cat-accessories-for-drills-and-screwdrivers","12":"first","13":"instock","14":"shipping-taxable","15":"purchasable","16":"product-type-simple"},"_links":{"self":[{"href":"https:\/\/lucacastelli.com\/en\/wp-json\/wp\/v2\/product\/628326","targetHints":{"allow":["GET"]}}],"collection":[{"href":"https:\/\/lucacastelli.com\/en\/wp-json\/wp\/v2\/product"}],"about":[{"href":"https:\/\/lucacastelli.com\/en\/wp-json\/wp\/v2\/types\/product"}],"wp:featuredmedia":[{"embeddable":true,"href":"https:\/\/lucacastelli.com\/en\/wp-json\/wp\/v2\/media\/56647"}],"wp:attachment":[{"href":"https:\/\/lucacastelli.com\/en\/wp-json\/wp\/v2\/media?parent=628326"}],"wp:term":[{"taxonomy":"product_brand","embeddable":true,"href":"https:\/\/lucacastelli.com\/en\/wp-json\/wp\/v2\/product_brand?post=628326"},{"taxonomy":"product_cat","embeddable":true,"href":"https:\/\/lucacastelli.com\/en\/wp-json\/wp\/v2\/product_cat?post=628326"},{"taxonomy":"product_tag","embeddable":true,"href":"https:\/\/lucacastelli.com\/en\/wp-json\/wp\/v2\/product_tag?post=628326"}],"curies":[{"name":"wp","href":"https:\/\/api.w.org\/{rel}","templated":true}]}}