{"id":628310,"date":"2023-06-16T13:41:44","date_gmt":"2023-06-16T11:41:44","guid":{"rendered":"https:\/\/lucacastelli.com\/prodotto\/190-30-mm-z48-wechselzahn-kreissageblatt-holz-fur-handkreissagen\/"},"modified":"2023-06-16T13:41:44","modified_gmt":"2023-06-16T11:41:44","slug":"190-30-mm-z48-wechselzahn-kreissageblatt-holz-fur-handkreissagen","status":"publish","type":"product","link":"https:\/\/lucacastelli.com\/en\/product\/190-30-mm-z48-wechselzahn-kreissageblatt-holz-fur-handkreissagen\/","title":{"rendered":"190\/30 mm Z48 Wechselzahn Kreiss\u00e4geblatt Holz f\u00fcr Handkreiss\u00e4gen"},"content":{"rendered":"<p>Product Description<br \/>\nHigh-quality laser-cut steel: precision guaranteed.<br \/>\nHigh-quality cobalt tungsten carbide: sharp, clean cuts.<br \/>\nPTFE coating: cooler cut, does not stick during faster cuts.<br \/>\nProtects against corrosion and resin buildup.<br \/>\nLaser-cut vibration damping grooves: low vibration and higher precision.<br \/>\nThe grooves are filled with polyurethane and act as shock absorbers, isolating the teeth from vibration.<br \/>\n* Thin cut: optimized for battery-powered machines, extra thin cut width for maximum durability.<br \/>\n* All types of wood: Soft\/hardwood, plywood, laminated chipboard, melamine, MDF.<br \/>\n** Standard blade without PTFE coating and vibration grooves.<\/p>\n<p>Technical data<br \/>\nNumber of teeth: 48<br \/>\nAll woods: yes<br \/>\nShaft bore ? (mm): 30<br \/>\nHook angle: +10<br \/>\nWidth of cut (cut) (mm): 2.1<br \/>\nDescription: CSB P B 190 x 30 x 2.1 x 48ATB<br \/>\nTooth shape: ATB<br \/>\nThin kerf: yes<br \/>\nweb_meta_page_description: Good work lasts longer<br \/>\nOur portable Saw blades for circular saws are designed for professionals.<br \/>\nLearn more about our range for wood<br \/>\nweb_meta_page_title: Blade for circular saw blades<br \/>\nBlade ? (mm): 190<br \/>\nClean cut: yes  <\/p>\n","protected":false},"excerpt":{"rendered":"<p>Product Description High-quality laser-cut steel: precision guaranteed. High-quality cobalt tungsten carbide: sharp, clean cuts. PTFE coating: cooler cut, does not<\/p>\n","protected":false},"featured_media":56592,"template":"","meta":{"_seopress_robots_primary_cat":"","_seopress_titles_title":"","_seopress_titles_desc":"","_seopress_robots_index":""},"product_brand":[3657],"product_cat":[1544,165,1452],"product_tag":[],"class_list":{"0":"post-628310","1":"product","2":"type-product","3":"status-publish","4":"has-post-thumbnail","6":"product_brand-milwaukee-en","7":"product_cat-log-splitters-and-circular-saws","8":"product_cat-machinery","9":"product_cat-other-devices","11":"first","12":"instock","13":"shipping-taxable","14":"purchasable","15":"product-type-simple"},"_links":{"self":[{"href":"https:\/\/lucacastelli.com\/en\/wp-json\/wp\/v2\/product\/628310","targetHints":{"allow":["GET"]}}],"collection":[{"href":"https:\/\/lucacastelli.com\/en\/wp-json\/wp\/v2\/product"}],"about":[{"href":"https:\/\/lucacastelli.com\/en\/wp-json\/wp\/v2\/types\/product"}],"wp:featuredmedia":[{"embeddable":true,"href":"https:\/\/lucacastelli.com\/en\/wp-json\/wp\/v2\/media\/56592"}],"wp:attachment":[{"href":"https:\/\/lucacastelli.com\/en\/wp-json\/wp\/v2\/media?parent=628310"}],"wp:term":[{"taxonomy":"product_brand","embeddable":true,"href":"https:\/\/lucacastelli.com\/en\/wp-json\/wp\/v2\/product_brand?post=628310"},{"taxonomy":"product_cat","embeddable":true,"href":"https:\/\/lucacastelli.com\/en\/wp-json\/wp\/v2\/product_cat?post=628310"},{"taxonomy":"product_tag","embeddable":true,"href":"https:\/\/lucacastelli.com\/en\/wp-json\/wp\/v2\/product_tag?post=628310"}],"curies":[{"name":"wp","href":"https:\/\/api.w.org\/{rel}","templated":true}]}}