{"id":628307,"date":"2023-06-16T13:27:37","date_gmt":"2023-06-16T11:27:37","guid":{"rendered":"https:\/\/lucacastelli.com\/prodotto\/175-mm-shockwave-verlangerung-fur-schlagnusse-3-4\/"},"modified":"2023-06-16T13:27:37","modified_gmt":"2023-06-16T11:27:37","slug":"175-mm-shockwave-verlangerung-fur-schlagnusse-3-4","status":"publish","type":"product","link":"https:\/\/lucacastelli.com\/en\/product\/175-mm-shockwave-verlangerung-fur-schlagnusse-3-4\/","title":{"rendered":"175 mm SHOCKWAVE Verl\u00e4ngerung f\u00fcr Schlagn\u00fcsse 3\/4&#8243;"},"content":{"rendered":"<p>SHOCKWAVE 3\/4&#8243; hammer nut extension 175 mm<\/p>\n","protected":false},"excerpt":{"rendered":"<p>SHOCKWAVE 3\/4&#8243; hammer nut extension 175 mm<\/p>\n","protected":false},"featured_media":56577,"template":"","meta":{"_seopress_robots_primary_cat":"","_seopress_titles_title":"","_seopress_titles_desc":"","_seopress_robots_index":""},"product_brand":[3657],"product_cat":[1556,1551,165,1452],"product_tag":[],"class_list":{"0":"post-628307","1":"product","2":"type-product","3":"status-publish","4":"has-post-thumbnail","6":"product_brand-milwaukee-en","7":"product_cat-accessories-for-drills-and-screwdrivers","8":"product_cat-drills-and-screwdrivers","9":"product_cat-machinery","10":"product_cat-other-devices","12":"first","13":"instock","14":"shipping-taxable","15":"purchasable","16":"product-type-simple"},"_links":{"self":[{"href":"https:\/\/lucacastelli.com\/en\/wp-json\/wp\/v2\/product\/628307","targetHints":{"allow":["GET"]}}],"collection":[{"href":"https:\/\/lucacastelli.com\/en\/wp-json\/wp\/v2\/product"}],"about":[{"href":"https:\/\/lucacastelli.com\/en\/wp-json\/wp\/v2\/types\/product"}],"wp:featuredmedia":[{"embeddable":true,"href":"https:\/\/lucacastelli.com\/en\/wp-json\/wp\/v2\/media\/56577"}],"wp:attachment":[{"href":"https:\/\/lucacastelli.com\/en\/wp-json\/wp\/v2\/media?parent=628307"}],"wp:term":[{"taxonomy":"product_brand","embeddable":true,"href":"https:\/\/lucacastelli.com\/en\/wp-json\/wp\/v2\/product_brand?post=628307"},{"taxonomy":"product_cat","embeddable":true,"href":"https:\/\/lucacastelli.com\/en\/wp-json\/wp\/v2\/product_cat?post=628307"},{"taxonomy":"product_tag","embeddable":true,"href":"https:\/\/lucacastelli.com\/en\/wp-json\/wp\/v2\/product_tag?post=628307"}],"curies":[{"name":"wp","href":"https:\/\/api.w.org\/{rel}","templated":true}]}}