{"id":628305,"date":"2023-06-16T13:28:42","date_gmt":"2023-06-16T11:28:42","guid":{"rendered":"https:\/\/lucacastelli.com\/prodotto\/190-30-mm-z36-wechselzahn-kreissageblatt-holz-fur-handkreissagen\/"},"modified":"2023-06-16T13:28:42","modified_gmt":"2023-06-16T11:28:42","slug":"190-30-mm-z36-wechselzahn-kreissageblatt-holz-fur-handkreissagen","status":"publish","type":"product","link":"https:\/\/lucacastelli.com\/en\/product\/190-30-mm-z36-wechselzahn-kreissageblatt-holz-fur-handkreissagen\/","title":{"rendered":"190\/30 mm Z36 Wechselzahn Kreiss\u00e4geblatt Holz f\u00fcr Handkreiss\u00e4gen"},"content":{"rendered":"<p>Product Description<br \/>\nHigh-quality laser-cut steel: precision guaranteed.<br \/>\nHigh-quality cobalt tungsten carbide: sharp, clean cuts.<br \/>\nPTFE coating: cooler cut, does not stick during faster cuts.<br \/>\nProtects against corrosion and resin buildup.<br \/>\nLaser-cut vibration damping grooves: low vibration and higher precision.<br \/>\nThe grooves are filled with polyurethane and act as shock absorbers, isolating the teeth from vibration.<br \/>\n* Thin cut: optimized for battery-powered machines, extra thin cut width for maximum durability.<br \/>\n* All types of wood: Soft\/hardwood, plywood, laminated chipboard, melamine, MDF.<br \/>\n** Standard blade without PTFE coating and vibration grooves.<\/p>\n<p>Technical data<br \/>\nNumber of teeth: 36<br \/>\nAll woods: yes<br \/>\nShaft bore ? (mm): 30<br \/>\nHook angle: +15<br \/>\nCutting width (cut) (mm): 1.6<br \/>\nDescription: SB P B 190 x 30 x 1.6 x 36ATB<br \/>\nTooth shape: ATB<br \/>\nThin cut: yes<br \/>\nBlade ? (mm): 190  <\/p>\n","protected":false},"excerpt":{"rendered":"<p>Product Description High-quality laser-cut steel: precision guaranteed. High-quality cobalt tungsten carbide: sharp, clean cuts. PTFE coating: cooler cut, does not<\/p>\n","protected":false},"featured_media":56587,"template":"","meta":{"_seopress_robots_primary_cat":"","_seopress_titles_title":"","_seopress_titles_desc":"","_seopress_robots_index":""},"product_brand":[3657],"product_cat":[1544,165,1452],"product_tag":[],"class_list":{"0":"post-628305","1":"product","2":"type-product","3":"status-publish","4":"has-post-thumbnail","6":"product_brand-milwaukee-en","7":"product_cat-log-splitters-and-circular-saws","8":"product_cat-machinery","9":"product_cat-other-devices","11":"first","12":"instock","13":"shipping-taxable","14":"purchasable","15":"product-type-simple"},"_links":{"self":[{"href":"https:\/\/lucacastelli.com\/en\/wp-json\/wp\/v2\/product\/628305","targetHints":{"allow":["GET"]}}],"collection":[{"href":"https:\/\/lucacastelli.com\/en\/wp-json\/wp\/v2\/product"}],"about":[{"href":"https:\/\/lucacastelli.com\/en\/wp-json\/wp\/v2\/types\/product"}],"wp:featuredmedia":[{"embeddable":true,"href":"https:\/\/lucacastelli.com\/en\/wp-json\/wp\/v2\/media\/56587"}],"wp:attachment":[{"href":"https:\/\/lucacastelli.com\/en\/wp-json\/wp\/v2\/media?parent=628305"}],"wp:term":[{"taxonomy":"product_brand","embeddable":true,"href":"https:\/\/lucacastelli.com\/en\/wp-json\/wp\/v2\/product_brand?post=628305"},{"taxonomy":"product_cat","embeddable":true,"href":"https:\/\/lucacastelli.com\/en\/wp-json\/wp\/v2\/product_cat?post=628305"},{"taxonomy":"product_tag","embeddable":true,"href":"https:\/\/lucacastelli.com\/en\/wp-json\/wp\/v2\/product_tag?post=628305"}],"curies":[{"name":"wp","href":"https:\/\/api.w.org\/{rel}","templated":true}]}}