{"id":628302,"date":"2023-06-16T13:28:07","date_gmt":"2023-06-16T11:28:07","guid":{"rendered":"https:\/\/lucacastelli.com\/prodotto\/190-30-mm-z24-wechselzahn-kreissageblatt-holz-fur-handkreissagen\/"},"modified":"2023-06-16T13:28:07","modified_gmt":"2023-06-16T11:28:07","slug":"190-30-mm-z24-wechselzahn-kreissageblatt-holz-fur-handkreissagen","status":"publish","type":"product","link":"https:\/\/lucacastelli.com\/en\/product\/190-30-mm-z24-wechselzahn-kreissageblatt-holz-fur-handkreissagen\/","title":{"rendered":"190\/30 mm Z24 Wechselzahn Kreiss\u00e4geblatt Holz f\u00fcr Handkreiss\u00e4gen"},"content":{"rendered":"<p>PTFE (Teflon) coating: reduces friction for faster, cooler cuts. Protects against corrosion and resin buildup.<br \/>\nLaser-cut vibration damping slots: to reduce vibration and achieve more precise cuts. The slots are filled with polyurethane and act as shock absorbers, preventing vibrations from reaching the carbide teeth.<br \/>\nHigh-quality laser-cut steel: ensures precise cuts.<br \/>\nCobalt carbide teeth: stay sharp longer and ensure cleaner cuts.<br \/>\n*KERF THIN: optimized for cordless tools, extra-thin cutting width for long life per battery charge.<br \/>\n*All types of wood: Soft\/hardwood, plywood, coated boards, melamine, MDF.<br \/>\n**Standard blades without Teflon coating and vibration slots.  <\/p>\n<p>Technical data:<\/p>\n<p>Diameter: 190 mm<br \/>\nBore: 30 mm<br \/>\nNumber of teeth: 24<br \/>\nTooth shape: ATB<br \/>\nClearance angle: +15<br \/>\nCutting width: 1.6 mm<\/p>\n<p>Scope of supply:<\/p>\n<p>1x Blade for circular saw blade for wood for cordless hand saws 190x30mm, Z24<\/p>\n","protected":false},"excerpt":{"rendered":"<p>PTFE (Teflon) coating: reduces friction for faster, cooler cuts. Protects against corrosion and resin buildup. Laser-cut vibration damping slots: to<\/p>\n","protected":false},"featured_media":56582,"template":"","meta":{"_seopress_robots_primary_cat":"","_seopress_titles_title":"","_seopress_titles_desc":"","_seopress_robots_index":""},"product_brand":[3657],"product_cat":[1544,165,1452],"product_tag":[],"class_list":{"0":"post-628302","1":"product","2":"type-product","3":"status-publish","4":"has-post-thumbnail","6":"product_brand-milwaukee-en","7":"product_cat-log-splitters-and-circular-saws","8":"product_cat-machinery","9":"product_cat-other-devices","11":"first","12":"instock","13":"shipping-taxable","14":"purchasable","15":"product-type-simple"},"_links":{"self":[{"href":"https:\/\/lucacastelli.com\/en\/wp-json\/wp\/v2\/product\/628302","targetHints":{"allow":["GET"]}}],"collection":[{"href":"https:\/\/lucacastelli.com\/en\/wp-json\/wp\/v2\/product"}],"about":[{"href":"https:\/\/lucacastelli.com\/en\/wp-json\/wp\/v2\/types\/product"}],"wp:featuredmedia":[{"embeddable":true,"href":"https:\/\/lucacastelli.com\/en\/wp-json\/wp\/v2\/media\/56582"}],"wp:attachment":[{"href":"https:\/\/lucacastelli.com\/en\/wp-json\/wp\/v2\/media?parent=628302"}],"wp:term":[{"taxonomy":"product_brand","embeddable":true,"href":"https:\/\/lucacastelli.com\/en\/wp-json\/wp\/v2\/product_brand?post=628302"},{"taxonomy":"product_cat","embeddable":true,"href":"https:\/\/lucacastelli.com\/en\/wp-json\/wp\/v2\/product_cat?post=628302"},{"taxonomy":"product_tag","embeddable":true,"href":"https:\/\/lucacastelli.com\/en\/wp-json\/wp\/v2\/product_tag?post=628302"}],"curies":[{"name":"wp","href":"https:\/\/api.w.org\/{rel}","templated":true}]}}