{"id":624946,"date":"2025-08-20T21:39:04","date_gmt":"2025-08-20T19:39:04","guid":{"rendered":"https:\/\/lucacastelli.com\/prodotto\/stihl-sea-50-systeme-ak-cordless-vacuum-cleaner-machine-only\/"},"modified":"2025-08-20T21:39:04","modified_gmt":"2025-08-20T19:39:04","slug":"stihl-sea-50-systeme-ak-cordless-vacuum-cleaner-machine-only","status":"publish","type":"product","link":"https:\/\/lucacastelli.com\/en\/product\/stihl-sea-50-systeme-ak-cordless-vacuum-cleaner-machine-only\/","title":{"rendered":"STIHL SEA 50 &#8211; Syst\u00e8me AK cordless vacuum cleaner (machine only)"},"content":{"rendered":"<h2>SEA 50 cordless vacuum cleaner and liquids: compact and easy to carry for home, leisure and crafts<\/h2>\n<p>The STIHL SEA 50 cordless water and dust vacuum cleaner is a compact, easy-to-carry machine that <b>perfectly combines high suction power and flexibility of use<\/b>. It is particularly suitable for <b>mobile cleaning<\/b> jobs <b>close to the home where an electrical connection is not available.<\/b> It can also be used for vehicle interior cleaning or for semi-professional applications, for example in handicrafts. The powerful EC motor of the STIHL SEA 50 offers <b>high and constant suction power<\/b> throughout its battery life, thanks to intelligent electronics. The SEA 50 is powered by lithium-ion batteries from the <a href=\"https:\/\/www.stihl.be\/fr\/technologie-stihl\/technologie-batterie-stihl\/systeme-ak-stihl\"><b>STIHL AK system<\/b><\/a>.    <\/p>\n<p><b>Certified for dust class L<\/b>, it is ideal, for example, for removing plaster or sand deposits in workshops or during renovation work. The PET filter element can be <b>easily washed after several uses and then reused<\/b>. <\/p>\n<p>The STIHL SEA 50 cordless liquid and dust vacuum cleaner is a compact machine that is very easy to use. The <b>shoulder strap<\/b> also allows it to be carried comfortably, which is <b>very practical on stairs, for example.<\/b> The <b>large ON\/OFF button<\/b> is easily accessible from different positions. The universal nozzle, crevice nozzle, bellows hose and two extension hoses are within easy reach on your STIHL SEA 50. This allows you to <b>switch quickly and conveniently between tasks<\/b>. With a total length of about 1.8 m, the vacuum hose easily reaches even the hardest-to-reach places. A <b>transport trolley<\/b> with swivel wheels is available as an option for <b>greater mobility and flexibility of use<\/b>. With its compact design and integrated accessory compartment, the SEA 50 cordless water and dust vacuum takes up little space.       <\/p>\n<p>Our overview of the <a href=\"https:\/\/www.stihl.be\/fr\/technologie-stihl\/technologie-batterie-stihl\/duree-charge-autonomie-batterie#aspirateur\"><b>STIHL battery operating and charging durations<\/b><\/a> will let you know how long you can work with your STIHL SEA 50 cordless water and dust vacuum cleaner, but also how long it takes to recharge the battery used.<\/p>\n<p>&nbsp;<\/p>\n<p>&nbsp;<\/p>\n<p>&nbsp;<\/p>\n<table data-test-id=\"pdp-spec-tech-table\">\n<tbody>\n<tr>\n<td>Rated Tension<\/td>\n<td>36 V<\/td>\n<\/tr>\n<tr>\n<td>Puissance absorb\u00e9e<\/td>\n<td>0.30 kW<\/td>\n<\/tr>\n<tr>\n<td>Syst\u00e8me de batterie<\/td>\n<td>AK<\/td>\n<\/tr>\n<tr>\n<td>Batterie recommand\u00e9e<\/td>\n<td>AK 20<\/td>\n<\/tr>\n<tr>\n<td>Poids de l&#8217;appareil sans batterie<\/td>\n<td>5.8 kg<\/td>\n<\/tr>\n<tr>\n<td>Pression max. \u00e0 l&#8217;extr\u00e9mit\u00e9 du tuyau <\/td>\n<td>160 mbar<\/td>\n<\/tr>\n<tr>\n<td>D\u00e9bit volum\u00e9trique<\/td>\n<td>1700 l\/min<\/td>\n<\/tr>\n<tr>\n<td>Volume de la cuve<\/td>\n<td>8.5 l<\/td>\n<\/tr>\n<tr>\n<td>Diam\u00e8tre int\u00e9rieur du tuyau d&#8217;aspiration<\/td>\n<td>29 mm<\/td>\n<\/tr>\n<tr>\n<td>Index de protection<\/td>\n<td>IPX4<\/td>\n<\/tr>\n<tr>\n<td>Autonomie max. de la batterie AK 20<\/td>\n<td>27 min<\/td>\n<\/tr>\n<tr>\n<td>Largeur de l&#8217;appareil<\/td>\n<td>300 mm<\/td>\n<\/tr>\n<tr>\n<td>Hauteur<\/td>\n<td>325 mm<\/td>\n<\/tr>\n<tr>\n<td>Profondeur de l&#8217;appareil<\/td>\n<td>407 mm<\/td>\n<\/tr>\n<tr>\n<td>Longueur max. du tuyau flexible d&#8217;aspiration<\/td>\n<td>1.800 m<\/td>\n<\/tr>\n<tr>\n<td>Niveau de pression sonore<\/td>\n<td>68 dB(A)<\/td>\n<\/tr>\n<\/tbody>\n<\/table>\n","protected":false},"excerpt":{"rendered":"<p>SEA 50 cordless vacuum cleaner and liquids: compact and easy to carry for home, leisure and crafts The STIHL SEA<\/p>\n","protected":false},"featured_media":623718,"template":"","meta":{"_seopress_robots_primary_cat":"","_seopress_titles_title":"","_seopress_titles_desc":"","_seopress_robots_index":""},"product_brand":[3366],"product_cat":[29,514,517],"product_tag":[],"class_list":{"0":"post-624946","1":"product","2":"type-product","3":"status-publish","4":"has-post-thumbnail","6":"product_brand-stihl","7":"product_cat-macchinari","8":"product_cat-altri-dispositivi","9":"product_cat-aspiratori-per-la-pulizia","10":"sws-gruppo-macchinari-en","11":"sws-conto-ricavi-merci-rivendita-macchinari-en","12":"sws-gruppo-iva-iva81-en","14":"first","15":"instock","16":"shipping-taxable","17":"purchasable","18":"product-type-simple"},"_links":{"self":[{"href":"https:\/\/lucacastelli.com\/en\/wp-json\/wp\/v2\/product\/624946","targetHints":{"allow":["GET"]}}],"collection":[{"href":"https:\/\/lucacastelli.com\/en\/wp-json\/wp\/v2\/product"}],"about":[{"href":"https:\/\/lucacastelli.com\/en\/wp-json\/wp\/v2\/types\/product"}],"wp:featuredmedia":[{"embeddable":true,"href":"https:\/\/lucacastelli.com\/en\/wp-json\/wp\/v2\/media\/623718"}],"wp:attachment":[{"href":"https:\/\/lucacastelli.com\/en\/wp-json\/wp\/v2\/media?parent=624946"}],"wp:term":[{"taxonomy":"product_brand","embeddable":true,"href":"https:\/\/lucacastelli.com\/en\/wp-json\/wp\/v2\/product_brand?post=624946"},{"taxonomy":"product_cat","embeddable":true,"href":"https:\/\/lucacastelli.com\/en\/wp-json\/wp\/v2\/product_cat?post=624946"},{"taxonomy":"product_tag","embeddable":true,"href":"https:\/\/lucacastelli.com\/en\/wp-json\/wp\/v2\/product_tag?post=624946"}],"curies":[{"name":"wp","href":"https:\/\/api.w.org\/{rel}","templated":true}]}}