{"id":609982,"date":"2025-08-14T16:43:55","date_gmt":"2025-08-14T14:43:55","guid":{"rendered":"https:\/\/lucacastelli.com\/prodotto\/fjallraven-varmland-wool-ls-m\/"},"modified":"2025-12-02T14:48:01","modified_gmt":"2025-12-02T13:48:01","slug":"fjallraven-varmland-wool-ls-m","status":"publish","type":"product","link":"https:\/\/lucacastelli.com\/en\/product\/fjallraven-varmland-wool-ls-m\/","title":{"rendered":"Fj\u00e4llr\u00e4ven V\u00c4RMLAND WOOL LS M"},"content":{"rendered":"<p>Comfortable and functional long-sleeved T-shirt made of traceable wool and polyester blend. Produced without PFCs, for a lifetime. <\/p>\n<p>PRODUCT FEATURES<br \/>\nComfortable and functional long-sleeved T-shirt.<br \/>\nIdeal base layer for hunting.<br \/>\nMade of soft, traceable wool and polyester blend.<br \/>\nTemperature regulation, quick-drying and durability.<\/p>\n<p>PRODUCT DESCRIPTION<br \/>\nComfortable and functional long-sleeved T-shirt made of a traceable wool blend that combines the heat-regulating properties of wool with the quick-drying and durability of polyester. An ideal base layer that can be used for year-round hunting. <\/p>\n<p>Item Number: F86673<br \/>\nGender: Male<br \/>\nFamily: V\u00e4rmland<br \/>\nActivity: Hunting<br \/>\nEnvironmental Information: PFC-free product, Certified animal fiber, Traceable wool<br \/>\nFeatures: Moisture channeling, Insulates in wet conditions, Insulating, Odor resistant, Quick drying<\/p>\n","protected":false},"excerpt":{"rendered":"<p>Comfortable and functional long-sleeved T-shirt made of traceable wool and polyester blend. Produced without PFCs, for a lifetime. PRODUCT FEATURES<\/p>\n","protected":false},"featured_media":609914,"template":"","meta":{"_seopress_robots_primary_cat":"","_seopress_titles_title":"","_seopress_titles_desc":"","_seopress_robots_index":""},"product_brand":[5672],"product_cat":[21,189,190],"product_tag":[],"class_list":{"0":"post-609982","1":"product","2":"type-product","3":"status-publish","4":"has-post-thumbnail","6":"product_brand-fjallraven","7":"product_cat-abbigliamento","8":"product_cat-abbigliamento-per-il-tempo-libero","9":"product_cat-abbigliamento-da-uomo","10":"sws-gruppo-abb-libero-en","11":"sws-categoria-sito-en","12":"sws-conto-ricavi-merci-rivendita-abbigliamento-en","13":"sws-gruppo-iva-iva81-en","15":"first","16":"instock","17":"shipping-taxable","18":"purchasable","19":"product-type-variable"},"_links":{"self":[{"href":"https:\/\/lucacastelli.com\/en\/wp-json\/wp\/v2\/product\/609982","targetHints":{"allow":["GET"]}}],"collection":[{"href":"https:\/\/lucacastelli.com\/en\/wp-json\/wp\/v2\/product"}],"about":[{"href":"https:\/\/lucacastelli.com\/en\/wp-json\/wp\/v2\/types\/product"}],"wp:featuredmedia":[{"embeddable":true,"href":"https:\/\/lucacastelli.com\/en\/wp-json\/wp\/v2\/media\/609914"}],"wp:attachment":[{"href":"https:\/\/lucacastelli.com\/en\/wp-json\/wp\/v2\/media?parent=609982"}],"wp:term":[{"taxonomy":"product_brand","embeddable":true,"href":"https:\/\/lucacastelli.com\/en\/wp-json\/wp\/v2\/product_brand?post=609982"},{"taxonomy":"product_cat","embeddable":true,"href":"https:\/\/lucacastelli.com\/en\/wp-json\/wp\/v2\/product_cat?post=609982"},{"taxonomy":"product_tag","embeddable":true,"href":"https:\/\/lucacastelli.com\/en\/wp-json\/wp\/v2\/product_tag?post=609982"}],"curies":[{"name":"wp","href":"https:\/\/api.w.org\/{rel}","templated":true}]}}