{"id":596703,"date":"2025-05-31T22:55:42","date_gmt":"2025-05-31T20:55:42","guid":{"rendered":"https:\/\/lucacastelli.com\/prodotto\/stihl-straight-round-nozzle\/"},"modified":"2025-05-31T22:55:42","modified_gmt":"2025-05-31T20:55:42","slug":"stihl-straight-round-nozzle","status":"publish","type":"product","link":"https:\/\/lucacastelli.com\/en\/product\/stihl-straight-round-nozzle\/","title":{"rendered":"STIHL Straight Round Nozzle"},"content":{"rendered":"<p>F\u00fcr kr\u00e4fteschonendes Arbeiten durch gerade D\u00fcsenform.<br \/>\n886661063659<\/p>\n","protected":false},"excerpt":{"rendered":"<p>Straight round nozzle<\/p>\n","protected":false},"featured_media":423594,"template":"","meta":{"_seopress_robots_primary_cat":"","_seopress_titles_title":"","_seopress_titles_desc":"","_seopress_robots_index":""},"product_brand":[3366],"product_cat":[29,485,489,486],"product_tag":[3265],"class_list":{"0":"post-596703","1":"product","2":"type-product","3":"status-publish","4":"has-post-thumbnail","6":"product_brand-stihl","7":"product_cat-macchinari","8":"product_cat-soffiatori-e-aspiratori","9":"product_cat-soffiatori-a-batteria","10":"product_cat-soffiatori-a-motore","11":"product_tag-import-stihl","12":"sws-gruppo-macchinari-en","13":"sws-conto-ricavi-merci-rivendita-macchinari-en","14":"sws-gruppo-iva-iva81-en","16":"first","17":"onbackorder","18":"purchasable","19":"product-type-simple"},"_links":{"self":[{"href":"https:\/\/lucacastelli.com\/en\/wp-json\/wp\/v2\/product\/596703","targetHints":{"allow":["GET"]}}],"collection":[{"href":"https:\/\/lucacastelli.com\/en\/wp-json\/wp\/v2\/product"}],"about":[{"href":"https:\/\/lucacastelli.com\/en\/wp-json\/wp\/v2\/types\/product"}],"wp:featuredmedia":[{"embeddable":true,"href":"https:\/\/lucacastelli.com\/en\/wp-json\/wp\/v2\/media\/423594"}],"wp:attachment":[{"href":"https:\/\/lucacastelli.com\/en\/wp-json\/wp\/v2\/media?parent=596703"}],"wp:term":[{"taxonomy":"product_brand","embeddable":true,"href":"https:\/\/lucacastelli.com\/en\/wp-json\/wp\/v2\/product_brand?post=596703"},{"taxonomy":"product_cat","embeddable":true,"href":"https:\/\/lucacastelli.com\/en\/wp-json\/wp\/v2\/product_cat?post=596703"},{"taxonomy":"product_tag","embeddable":true,"href":"https:\/\/lucacastelli.com\/en\/wp-json\/wp\/v2\/product_tag?post=596703"}],"curies":[{"name":"wp","href":"https:\/\/api.w.org\/{rel}","templated":true}]}}