{"id":593890,"date":"2023-05-19T19:45:49","date_gmt":"2023-05-19T17:45:49","guid":{"rendered":"https:\/\/lucacastelli.com\/prodotto\/stema-rotex-75-2\/"},"modified":"2023-05-19T19:45:49","modified_gmt":"2023-05-19T17:45:49","slug":"stema-rotex-75-2","status":"publish","type":"product","link":"https:\/\/lucacastelli.com\/en\/product\/stema-rotex-75-2\/","title":{"rendered":"STEMA ROTEX 75"},"content":{"rendered":"<p>Hochgrasmulcher \/ Mower  <\/p>\n<p>This robust lawn mower can mow with the special Hochgraswiesen blade and Wildwuchs m\u00fchelos<br \/>\neven with a single blade and can be used in all work areas. Thanks to the renovation of the connection and<br \/>\nleft points, the machine is slightly extended. The stable structure of the machine, the messengers and the<br \/>\nAntriebes make this machine a real profit.    <\/p>\n<p>This robust lawn mower with its special blade makes fine cuts in tall grass and brushwood, ensuring optimal results even in wet grass. It distributes the cut material over the entire work area.<br \/>\nthe entire work area. Thanks to the right or left wheel disconnect device, the machine can be driven<br \/>\neasily. The solid construction of the housing and cutting unit, as well as the robustness of the motor, make it a professional machine.<br \/>\nprofessional.     <\/p>\n<p>Engine \/ Engine HONDA GXV390 13 PS OHV \/ hp<br \/>\nG\u00e4nge \/ Speed 2 Vor- und 1 R\u00fcckw\u00e4rtsgang \/ 2 forward and 1 reverse<br \/>\nSpeed V 2.5 \/ 4.2 km\/h, R 1.5 km\/h<br \/>\nGetriebe \/ Transmission Zahnradgetriebe im Oelbad \/ with closed gears in oil bath<br \/>\nBremse \/ Brakes automatische Getriebebremse \/ with automatic transmission<br \/>\nKupplung \/ Clutch f\u00fcr Radantrieb und M\u00e4hwerk unabh\u00e4ngig \/ independent for wheels and cutting element<br \/>\nBereifung \/ Breitreifen 16&#215;6.50-8 wheels \/ wide tires<br \/>\nAchse \/ Differential on Handhebel schaltbar \/ switchable with hand<br \/>\nlever Handholmen \/ Mancheron h\u00f6hen- und seitenverstellbar, schwingungsged\u00e4mpft \/ height- and laterally adjustable, equipped with anti-vibration<br \/>\ndevice Mulchgeh\u00e4use \/ Carter mit Heckauswurf und freischwingenden Messern \/ with rear ejection and movable<br \/>\nknives M\u00e4hbreite \/ Cutting width 75 cm<br \/>\nGewicht \/ Weight approx. 120 kg \/ approx.<br \/>\nAbmessung \/ Dimensions L 175 cm, W 77 cm, H 95\/60 cm <\/p>\n","protected":false},"excerpt":{"rendered":"<p>Hochgrasmulcher \/ Mower This robust lawn mower can mow with the special Hochgraswiesen blade and Wildwuchs m\u00fchelos even with a<\/p>\n","protected":false},"featured_media":512995,"template":"","meta":{"_seopress_robots_primary_cat":"","_seopress_titles_title":"","_seopress_titles_desc":"","_seopress_robots_index":""},"product_brand":[4390],"product_cat":[21],"product_tag":[],"class_list":{"0":"post-593890","1":"product","2":"type-product","3":"status-publish","4":"has-post-thumbnail","6":"product_brand-stema","7":"product_cat-abbigliamento","9":"first","10":"instock","11":"shipping-taxable","12":"product-type-simple"},"_links":{"self":[{"href":"https:\/\/lucacastelli.com\/en\/wp-json\/wp\/v2\/product\/593890","targetHints":{"allow":["GET"]}}],"collection":[{"href":"https:\/\/lucacastelli.com\/en\/wp-json\/wp\/v2\/product"}],"about":[{"href":"https:\/\/lucacastelli.com\/en\/wp-json\/wp\/v2\/types\/product"}],"wp:featuredmedia":[{"embeddable":true,"href":"https:\/\/lucacastelli.com\/en\/wp-json\/wp\/v2\/media\/512995"}],"wp:attachment":[{"href":"https:\/\/lucacastelli.com\/en\/wp-json\/wp\/v2\/media?parent=593890"}],"wp:term":[{"taxonomy":"product_brand","embeddable":true,"href":"https:\/\/lucacastelli.com\/en\/wp-json\/wp\/v2\/product_brand?post=593890"},{"taxonomy":"product_cat","embeddable":true,"href":"https:\/\/lucacastelli.com\/en\/wp-json\/wp\/v2\/product_cat?post=593890"},{"taxonomy":"product_tag","embeddable":true,"href":"https:\/\/lucacastelli.com\/en\/wp-json\/wp\/v2\/product_tag?post=593890"}],"curies":[{"name":"wp","href":"https:\/\/api.w.org\/{rel}","templated":true}]}}