{"id":592083,"date":"2025-08-06T18:08:07","date_gmt":"2025-08-06T16:08:07","guid":{"rendered":"https:\/\/lucacastelli.com\/?post_type=product&#038;p=592083"},"modified":"2025-12-23T12:17:07","modified_gmt":"2025-12-23T11:17:07","slug":"milwaukee-legno-e-plastica","status":"publish","type":"product","link":"https:\/\/lucacastelli.com\/en\/product\/milwaukee-legno-e-plastica\/","title":{"rendered":"MILWAUKEE Legno e plastica."},"content":{"rendered":"<p>Legno e plastica.<br \/>\nLAMA SD Lungh. mm\/Passo 230\/4,2 5pz<br \/>\n3 volte pi\u00f9 affilata per una maggiore velocit\u00e0 e tagli pi\u00f9 precisi;I denti sono rinforzati e affilati il triplo per un taglio super netto;La lama da 1.6 mm di spessore resiste alle piegature e riduce le vibrazioni<\/p>\n<p>48475016<br \/>\n0045242368068<\/p>\n","protected":false},"excerpt":{"rendered":"<p>LAMA SD Lungh. mm\/Passo 230\/4,2 5pz<\/p>\n","protected":false},"featured_media":592084,"template":"","meta":{"_seopress_robots_primary_cat":"","_seopress_titles_title":"","_seopress_titles_desc":"","_seopress_robots_index":""},"product_brand":[3407],"product_cat":[29,514,558],"product_tag":[3270],"class_list":{"0":"post-592083","1":"product","2":"type-product","3":"status-publish","4":"has-post-thumbnail","6":"product_brand-milwaukee","7":"product_cat-macchinari","8":"product_cat-altri-dispositivi","9":"product_cat-seghe-accessori-vari","10":"product_tag-import-milwau","11":"sws-conto-ricavi-merci-rivendita-macchinari-en","12":"sws-gruppo-iva-iva81-en","14":"first","15":"onbackorder","16":"sale","17":"shipping-taxable","18":"purchasable","19":"product-type-simple"},"_links":{"self":[{"href":"https:\/\/lucacastelli.com\/en\/wp-json\/wp\/v2\/product\/592083","targetHints":{"allow":["GET"]}}],"collection":[{"href":"https:\/\/lucacastelli.com\/en\/wp-json\/wp\/v2\/product"}],"about":[{"href":"https:\/\/lucacastelli.com\/en\/wp-json\/wp\/v2\/types\/product"}],"wp:featuredmedia":[{"embeddable":true,"href":"https:\/\/lucacastelli.com\/en\/wp-json\/wp\/v2\/media\/592084"}],"wp:attachment":[{"href":"https:\/\/lucacastelli.com\/en\/wp-json\/wp\/v2\/media?parent=592083"}],"wp:term":[{"taxonomy":"product_brand","embeddable":true,"href":"https:\/\/lucacastelli.com\/en\/wp-json\/wp\/v2\/product_brand?post=592083"},{"taxonomy":"product_cat","embeddable":true,"href":"https:\/\/lucacastelli.com\/en\/wp-json\/wp\/v2\/product_cat?post=592083"},{"taxonomy":"product_tag","embeddable":true,"href":"https:\/\/lucacastelli.com\/en\/wp-json\/wp\/v2\/product_tag?post=592083"}],"curies":[{"name":"wp","href":"https:\/\/api.w.org\/{rel}","templated":true}]}}