{"id":591923,"date":"2025-08-06T18:08:14","date_gmt":"2025-08-06T16:08:14","guid":{"rendered":"https:\/\/lucacastelli.com\/?post_type=product&#038;p=591923"},"modified":"2025-12-23T12:17:20","modified_gmt":"2025-12-23T11:17:20","slug":"milwaukee-lame-demolizione-legno-con-chiodi-3","status":"publish","type":"product","link":"https:\/\/lucacastelli.com\/en\/product\/milwaukee-lame-demolizione-legno-con-chiodi-3\/","title":{"rendered":"MILWAUKEE Lame demolizione: Legno con chiodi"},"content":{"rendered":"<p>Lame demolizione: Legno con chiodi<br \/>\nLAMA SD LEGNO Lungh. mm\/P 230\/5 5pz<br \/>\nFANG TIP: per un facile affondamento nel materiale in aree ristrette;NAIL GUARD : Protegge i denti durante l&#8217;applicazione quando i denti della lama incontrano elementi ferrosi come chiodi, bulloni, ect. Questo ne aumenta la durata e la vita utile;Durezza: 1.25 mm di spessore della lama ideale per legno con chiodi e bulloni;Velocit\u00e0: la particolare geometria della lam permette un veloce rimozione del materiale e un taglio pi\u00f9 veloce;Forma Inclinata: ottima per il taglio ad immersione e per raggiungere in aree ristrette;Flessibilit\u00e0: costruzione bi-metallica permette alla lama di piegarsi e flettere senza rompersi<\/p>\n<p>48475036<br \/>\n0045242368129<\/p>\n","protected":false},"excerpt":{"rendered":"<p>LAMA SD LEGNO Lungh. mm\/P 230\/5 5pz<\/p>\n","protected":false},"featured_media":431877,"template":"","meta":{"_seopress_robots_primary_cat":"","_seopress_titles_title":"","_seopress_titles_desc":"","_seopress_robots_index":""},"product_brand":[3407],"product_cat":[29,514,558],"product_tag":[3270],"class_list":{"0":"post-591923","1":"product","2":"type-product","3":"status-publish","4":"has-post-thumbnail","6":"product_brand-milwaukee","7":"product_cat-macchinari","8":"product_cat-altri-dispositivi","9":"product_cat-seghe-accessori-vari","10":"product_tag-import-milwau","11":"sws-conto-ricavi-merci-rivendita-macchinari-en","12":"sws-gruppo-iva-iva81-en","14":"first","15":"onbackorder","16":"sale","17":"shipping-taxable","18":"purchasable","19":"product-type-simple"},"_links":{"self":[{"href":"https:\/\/lucacastelli.com\/en\/wp-json\/wp\/v2\/product\/591923","targetHints":{"allow":["GET"]}}],"collection":[{"href":"https:\/\/lucacastelli.com\/en\/wp-json\/wp\/v2\/product"}],"about":[{"href":"https:\/\/lucacastelli.com\/en\/wp-json\/wp\/v2\/types\/product"}],"wp:featuredmedia":[{"embeddable":true,"href":"https:\/\/lucacastelli.com\/en\/wp-json\/wp\/v2\/media\/431877"}],"wp:attachment":[{"href":"https:\/\/lucacastelli.com\/en\/wp-json\/wp\/v2\/media?parent=591923"}],"wp:term":[{"taxonomy":"product_brand","embeddable":true,"href":"https:\/\/lucacastelli.com\/en\/wp-json\/wp\/v2\/product_brand?post=591923"},{"taxonomy":"product_cat","embeddable":true,"href":"https:\/\/lucacastelli.com\/en\/wp-json\/wp\/v2\/product_cat?post=591923"},{"taxonomy":"product_tag","embeddable":true,"href":"https:\/\/lucacastelli.com\/en\/wp-json\/wp\/v2\/product_tag?post=591923"}],"curies":[{"name":"wp","href":"https:\/\/api.w.org\/{rel}","templated":true}]}}