{"id":591830,"date":"2025-08-06T18:09:15","date_gmt":"2025-08-06T16:09:15","guid":{"rendered":"https:\/\/lucacastelli.com\/?post_type=product&#038;p=591830"},"modified":"2025-12-23T12:55:41","modified_gmt":"2025-12-23T11:55:41","slug":"milwaukee-lame-demolizioni-legno-e-chiodi-ax-denti-in-carburo-5","status":"publish","type":"product","link":"https:\/\/lucacastelli.com\/en\/product\/milwaukee-lame-demolizioni-legno-e-chiodi-ax-denti-in-carburo-5\/","title":{"rendered":"MILWAUKEE Lame demolizioni  legno e chiodi AX\u2122 denti in carburo"},"content":{"rendered":"<p>Lame demolizioni  legno e chiodi AX\u2122 denti in carburo<br \/>\nLAMA SD AX TCT Lungh. mm\/Passo 150\/5 5pz<br \/>\n30 volte pi\u00f9 durature rispetto alle lame standard Bi-Metalliche. I denti in carburo permettono di avere massima durata nelle applicazioni pi\u00f9 gravose. Permette di tagliare le viti pi\u00f9 dure;2 volte pi\u00f9 veloci. Un design del dente molto aggressivo permette un taglio pi\u00f9 veloce in un ampia gamma di materiali da costruzione (legno \/ chiodi \/ bulloni \/ viti \/ ghisa copertura ferro \/ coperture in catrame per tetti);25 % in pi\u00f9 di tagli per carica. Ottimizzate per un utilizzo con utensili a batteria;FANG TIP: per un facile affondamento nel materiale in aree ristrette;NAIL GUARD : Protegge i denti durante l\u2018applicazione quando i denti della lama incontrano elementi ferrosi come chiodi, bulloni, ect. Questo aumenta la durata;Forma inclinata, eccellente per tagli in affondamento e per il raggiungimento di aree ristrette<\/p>\n<p>48475521<br \/>\n0045242368785<\/p>\n","protected":false},"excerpt":{"rendered":"<p>LAMA SD AX TCT Lungh. mm\/Passo 150\/5 5pz<\/p>\n","protected":false},"featured_media":591831,"template":"","meta":{"_seopress_robots_primary_cat":"","_seopress_titles_title":"","_seopress_titles_desc":"","_seopress_robots_index":""},"product_brand":[3407],"product_cat":[29,514,558],"product_tag":[3270],"class_list":{"0":"post-591830","1":"product","2":"type-product","3":"status-publish","4":"has-post-thumbnail","6":"product_brand-milwaukee","7":"product_cat-macchinari","8":"product_cat-altri-dispositivi","9":"product_cat-seghe-accessori-vari","10":"product_tag-import-milwau","11":"sws-conto-ricavi-merci-rivendita-macchinari","12":"sws-gruppo-iva-iva81","14":"first","15":"onbackorder","16":"sale","17":"shipping-taxable","18":"purchasable","19":"product-type-simple"},"_links":{"self":[{"href":"https:\/\/lucacastelli.com\/en\/wp-json\/wp\/v2\/product\/591830","targetHints":{"allow":["GET"]}}],"collection":[{"href":"https:\/\/lucacastelli.com\/en\/wp-json\/wp\/v2\/product"}],"about":[{"href":"https:\/\/lucacastelli.com\/en\/wp-json\/wp\/v2\/types\/product"}],"wp:featuredmedia":[{"embeddable":true,"href":"https:\/\/lucacastelli.com\/en\/wp-json\/wp\/v2\/media\/591831"}],"wp:attachment":[{"href":"https:\/\/lucacastelli.com\/en\/wp-json\/wp\/v2\/media?parent=591830"}],"wp:term":[{"taxonomy":"product_brand","embeddable":true,"href":"https:\/\/lucacastelli.com\/en\/wp-json\/wp\/v2\/product_brand?post=591830"},{"taxonomy":"product_cat","embeddable":true,"href":"https:\/\/lucacastelli.com\/en\/wp-json\/wp\/v2\/product_cat?post=591830"},{"taxonomy":"product_tag","embeddable":true,"href":"https:\/\/lucacastelli.com\/en\/wp-json\/wp\/v2\/product_tag?post=591830"}],"curies":[{"name":"wp","href":"https:\/\/api.w.org\/{rel}","templated":true}]}}