{"id":588820,"date":"2025-08-06T11:28:13","date_gmt":"2025-08-06T09:28:13","guid":{"rendered":"https:\/\/lucacastelli.com\/?post_type=product&#038;p=588820"},"modified":"2025-12-25T19:24:45","modified_gmt":"2025-12-25T18:24:45","slug":"milwaukee-avvitatore-ad-impulsi-2","status":"publish","type":"product","link":"https:\/\/lucacastelli.com\/en\/product\/milwaukee-avvitatore-ad-impulsi-2\/","title":{"rendered":"MILWAUKEE Avvitatore ad impulsi"},"content":{"rendered":"<p>M12BLIDRC-202C AV.TATRIC-ELETT.BAT<br \/>\nDesign estremamente compatto con una lunghezza di soli 110 mm, perfetto per l&#8217;uso in spazi ristretti;135 Nm di coppia offrono il miglior rapporto potenza\/dimensioni di questa categoria;Mandrino esagonale da 1\/4 di pollice per un cambio rapido e semplice dei bit;Con il 4-Mode DRIVE CONTROL, l&#8217;utente pu\u00f2 scegliere tra quattro diverse impostazioni di velocit\u00e0 e coppia per massimizzare la versatilit\u00e0 dell&#8217;applicazione;Elevata velocit\u00e0 di azionamento che raggiunge 3000 rpm e 4100 ipm;Il motore senza spazzole POWERSTATE\u2122, le batterie REDLITHIUM\u2122 e l&#8217;elettronica intelligente REDLINK PLUS\u2122 garantiscono una potenza senza pari, autonomia e resistenza;Funziona con tutte le batterie M12\u2122 MILWAUKEE\u00ae<\/p>\n<p>4933499690<br \/>\n4058546568542<\/p>\n","protected":false},"excerpt":{"rendered":"<p>M12BLIDRC-202C AV.TATRIC-ELETT.BAT<\/p>\n","protected":false},"featured_media":588821,"template":"","meta":{"_seopress_robots_primary_cat":"","_seopress_titles_title":"","_seopress_titles_desc":"","_seopress_robots_index":""},"product_brand":[3407],"product_cat":[29,549],"product_tag":[3270],"class_list":{"0":"post-588820","1":"product","2":"type-product","3":"status-publish","4":"has-post-thumbnail","6":"product_brand-milwaukee","7":"product_cat-macchinari","8":"product_cat-trapani-e-avvitatori","9":"product_tag-import-milwau","10":"sws-conto-ricavi-merci-rivendita-macchinari-en","11":"sws-gruppo-iva-iva81-en","13":"first","14":"onbackorder","15":"sale","16":"shipping-taxable","17":"purchasable","18":"product-type-simple"},"_links":{"self":[{"href":"https:\/\/lucacastelli.com\/en\/wp-json\/wp\/v2\/product\/588820","targetHints":{"allow":["GET"]}}],"collection":[{"href":"https:\/\/lucacastelli.com\/en\/wp-json\/wp\/v2\/product"}],"about":[{"href":"https:\/\/lucacastelli.com\/en\/wp-json\/wp\/v2\/types\/product"}],"wp:featuredmedia":[{"embeddable":true,"href":"https:\/\/lucacastelli.com\/en\/wp-json\/wp\/v2\/media\/588821"}],"wp:attachment":[{"href":"https:\/\/lucacastelli.com\/en\/wp-json\/wp\/v2\/media?parent=588820"}],"wp:term":[{"taxonomy":"product_brand","embeddable":true,"href":"https:\/\/lucacastelli.com\/en\/wp-json\/wp\/v2\/product_brand?post=588820"},{"taxonomy":"product_cat","embeddable":true,"href":"https:\/\/lucacastelli.com\/en\/wp-json\/wp\/v2\/product_cat?post=588820"},{"taxonomy":"product_tag","embeddable":true,"href":"https:\/\/lucacastelli.com\/en\/wp-json\/wp\/v2\/product_tag?post=588820"}],"curies":[{"name":"wp","href":"https:\/\/api.w.org\/{rel}","templated":true}]}}