{"id":587636,"date":"2025-08-06T13:36:17","date_gmt":"2025-08-06T11:36:17","guid":{"rendered":"https:\/\/lucacastelli.com\/?post_type=product&#038;p=587636"},"modified":"2025-12-25T19:54:47","modified_gmt":"2025-12-25T18:54:47","slug":"milwaukee-smerigliatrice-angolare-alte-performance-da-180-mm-con-velocita-regolabile-m18-fuel-con-avvio-a-paletta-e-one-key","status":"publish","type":"product","link":"https:\/\/lucacastelli.com\/en\/product\/milwaukee-smerigliatrice-angolare-alte-performance-da-180-mm-con-velocita-regolabile-m18-fuel-con-avvio-a-paletta-e-one-key\/","title":{"rendered":"MILWAUKEE Smerigliatrice angolare alte performance da 180 mm con velocit\u00e0 regolabile M18 FUEL\u2122 con avvio a paletta e ONE-KEY\u2122"},"content":{"rendered":"<p>M18 FHSAGO180VXPDB2-0X\/SMERIGLIATRICI<br \/>\nSmerigliatrice angolare da 180 mm che garantisce performance similari a 1800W;Massimo controllo in ogni applicazione grazie alle 4 velocit\u00e0 selezionabili;RAPIDSTOP\u2122 blocca il disco in meno di 3 secondi;Il sistema ONE-KEY\u2122 Tracking &amp; Security offre gratuitamente un servizio di tracciamento e gestione dell&#8217;inventario basata su cloud, disponendo anche di funzionalit\u00e0 di blocco a distanza;Impugnatura antivibrazioni;Sistema FIXTEC\u2122 integrato per il cambio del disco senza utensili;Paletta non bloccabile e sistema per evitare il riavvio accidentale;Impugnatura pi\u00f9 sottile per facilitare la presa;Griglia di protezione dalle polveri che pu\u00f2 essere rimossa per facilitare la pulizia;Carter da 180 mm che pu\u00f2 essere spostato senza l&#8217;utilizzo di utensili;Sistema HIGH OUTPUT\u2122, eleva prestazioni e autonomia della tecnologia M18 FUEL\u2122;Funziona con tutte le batterie M18\u2122 MILWAUKEE\u00ae<\/p>\n<p>4933498942<br \/>\n4058546528119<\/p>\n","protected":false},"excerpt":{"rendered":"<p>M18 FHSAGO180VXPDB2-0X\/SMERIGLIATRICI<\/p>\n","protected":false},"featured_media":587637,"template":"","meta":{"_seopress_robots_primary_cat":"","_seopress_titles_title":"","_seopress_titles_desc":"","_seopress_robots_index":""},"product_brand":[3407],"product_cat":[29,514,555],"product_tag":[3270],"class_list":{"0":"post-587636","1":"product","2":"type-product","3":"status-publish","4":"has-post-thumbnail","6":"product_brand-milwaukee","7":"product_cat-macchinari","8":"product_cat-altri-dispositivi","9":"product_cat-smerigliatrici","10":"product_tag-import-milwau","11":"sws-conto-ricavi-merci-rivendita-macchinari","12":"sws-gruppo-iva-iva81","14":"first","15":"onbackorder","16":"sale","17":"shipping-taxable","18":"purchasable","19":"product-type-simple"},"_links":{"self":[{"href":"https:\/\/lucacastelli.com\/en\/wp-json\/wp\/v2\/product\/587636","targetHints":{"allow":["GET"]}}],"collection":[{"href":"https:\/\/lucacastelli.com\/en\/wp-json\/wp\/v2\/product"}],"about":[{"href":"https:\/\/lucacastelli.com\/en\/wp-json\/wp\/v2\/types\/product"}],"wp:featuredmedia":[{"embeddable":true,"href":"https:\/\/lucacastelli.com\/en\/wp-json\/wp\/v2\/media\/587637"}],"wp:attachment":[{"href":"https:\/\/lucacastelli.com\/en\/wp-json\/wp\/v2\/media?parent=587636"}],"wp:term":[{"taxonomy":"product_brand","embeddable":true,"href":"https:\/\/lucacastelli.com\/en\/wp-json\/wp\/v2\/product_brand?post=587636"},{"taxonomy":"product_cat","embeddable":true,"href":"https:\/\/lucacastelli.com\/en\/wp-json\/wp\/v2\/product_cat?post=587636"},{"taxonomy":"product_tag","embeddable":true,"href":"https:\/\/lucacastelli.com\/en\/wp-json\/wp\/v2\/product_tag?post=587636"}],"curies":[{"name":"wp","href":"https:\/\/api.w.org\/{rel}","templated":true}]}}