{"id":585630,"date":"2025-08-06T11:27:19","date_gmt":"2025-08-06T09:27:19","guid":{"rendered":"https:\/\/lucacastelli.com\/?post_type=product&#038;p=585630"},"modified":"2025-12-25T20:21:18","modified_gmt":"2025-12-25T19:21:18","slug":"milwaukee-avvitatore-ad-impulsi-m18-fuel-con-controllo-di-coppia-torque-sense-e-one-key-attacco-%c2%bd%cb%9d-f","status":"publish","type":"product","link":"https:\/\/lucacastelli.com\/en\/product\/milwaukee-avvitatore-ad-impulsi-m18-fuel-con-controllo-di-coppia-torque-sense-e-one-key-attacco-%c2%bd%cb%9d-f\/","title":{"rendered":"MILWAUKEE Avvitatore ad impulsi M18 FUEL\u2122 con controllo di coppia TORQUE-SENSE\u2122  e ONE-KEY\u2122 attacco \u00bd\u02dd F"},"content":{"rendered":"<p>M18ONEFMTIW2FC12-0X AVVITATRI.ELET.<br \/>\nLa tecnologia TORQUE-SENSE\u2122 garantisce controllo e ripetitibilit\u00e0 della coppia grazie ai sensori e all&#8217;applicazione di algoritmi di machine learning. Pu\u00f2 essere impostata la coppia in un range da 67 a 338 Nm;Il sistema per la riduzione degli errori TORQUE-SENSE\u2122 permette lo spegnimento quando la batteria \u00e8 scarica, la prevenzione dei doppi colpi e il rilevamento del rilascio anticipato del grilletto. Si pu\u00f2 inoltre bloccare la direzione Avanti\/Dietro, programmare i colori dei LED ed infine impostare il timer di controllo della coppia;L&#8217;installazione dell&#8217;utensile sulla piattaforma ONE-KEY\u2122 \u00e8 tre volte pi\u00f9 veloce;La luce LED indica se l&#8217;avvitatura \u00e8 andata a buon fine. Ogni volta che si preme il grilletto, il dato viene registrato nel sistema ONE-KEY\u2122 per poi essere scaricato in un report personalizzabile;Il software della macchina \u00e8 predisposto per poter essere aggiornato in futuro;Lo slot della batteria \u00e8 stato rinforzato incrementando la resistenza e la durata nel tempo;I tre LED permettono di illuminare perfettamente l&#8217;area di lavoro;La tecnologia FUEL\u2122 ridefinisce gli elettroutensili a batteria. Il motore brushless, l&#8217;elettronica REDLINK PLUS\u2122 e il pacco batterie REDLITHIUM\u2122 offrono prestazioni e durata superiori;Funziona con tutte le batterie M18\u2122 MILWAUKEE\u00ae<\/p>\n<p>4933493413<br \/>\n4058546482848<\/p>\n","protected":false},"excerpt":{"rendered":"<p>M18ONEFMTIW2FC12-0X AVVITATRI.ELET.<\/p>\n","protected":false},"featured_media":585631,"template":"","meta":{"_seopress_robots_primary_cat":"","_seopress_titles_title":"","_seopress_titles_desc":"","_seopress_robots_index":""},"product_brand":[3407],"product_cat":[29,549],"product_tag":[3270],"class_list":{"0":"post-585630","1":"product","2":"type-product","3":"status-publish","4":"has-post-thumbnail","6":"product_brand-milwaukee","7":"product_cat-macchinari","8":"product_cat-trapani-e-avvitatori","9":"product_tag-import-milwau","10":"sws-conto-ricavi-merci-rivendita-macchinari","11":"sws-gruppo-iva-iva81","13":"first","14":"onbackorder","15":"sale","16":"shipping-taxable","17":"purchasable","18":"product-type-simple"},"_links":{"self":[{"href":"https:\/\/lucacastelli.com\/en\/wp-json\/wp\/v2\/product\/585630","targetHints":{"allow":["GET"]}}],"collection":[{"href":"https:\/\/lucacastelli.com\/en\/wp-json\/wp\/v2\/product"}],"about":[{"href":"https:\/\/lucacastelli.com\/en\/wp-json\/wp\/v2\/types\/product"}],"wp:featuredmedia":[{"embeddable":true,"href":"https:\/\/lucacastelli.com\/en\/wp-json\/wp\/v2\/media\/585631"}],"wp:attachment":[{"href":"https:\/\/lucacastelli.com\/en\/wp-json\/wp\/v2\/media?parent=585630"}],"wp:term":[{"taxonomy":"product_brand","embeddable":true,"href":"https:\/\/lucacastelli.com\/en\/wp-json\/wp\/v2\/product_brand?post=585630"},{"taxonomy":"product_cat","embeddable":true,"href":"https:\/\/lucacastelli.com\/en\/wp-json\/wp\/v2\/product_cat?post=585630"},{"taxonomy":"product_tag","embeddable":true,"href":"https:\/\/lucacastelli.com\/en\/wp-json\/wp\/v2\/product_tag?post=585630"}],"curies":[{"name":"wp","href":"https:\/\/api.w.org\/{rel}","templated":true}]}}