{"id":581076,"date":"2025-08-07T06:30:29","date_gmt":"2025-08-07T04:30:29","guid":{"rendered":"https:\/\/lucacastelli.com\/?post_type=product&#038;p=581076"},"modified":"2025-08-10T12:57:18","modified_gmt":"2025-08-10T10:57:18","slug":"milwaukee-m18-force-logic-crimpatrice-idraulica-60-kn","status":"publish","type":"product","link":"https:\/\/lucacastelli.com\/en\/product\/milwaukee-m18-force-logic-crimpatrice-idraulica-60-kn\/","title":{"rendered":"MILWAUKEE M18\u2122 FORCE LOGIC\u2122 Crimpatrice idraulica 60 kN"},"content":{"rendered":"<p>M18 ONEHCCT60-0C\/CRIMPATRICI<br \/>\nLa crimpatrice idraulica FORCE LOGIC\u2122 crimpa connettori in meno di 5 secondi con una forza di 60 Kn;L&#8217;allineamento facilitato delle matrici assicura una crimpatura pi\u00f9 uniforme;Sono stati migliorati ergonomia e design agevolando l&#8217;utilizzo ad una mano;Il tasto di rilascio \u00e8 posizionato vicino all&#8217;impugnatura agevolando l&#8217;operatore;La testa della crimpatrice \u00e8 ruotabile di 350\u00b0 ed \u00e8 dotata di una luce integrata per illuminare perfettamente la superficie da crimpare;Il sistema PFM\u2122 modifica automaticamente le performance della macchina in base ai connettori, assicurando la pressione ottimale testimoniata dal LED con luce verde;Permette di crimpare connettori in rame e in alluminio fino a 300 mm quadrati;Aggancio universale compatibile con le matrici da 22 di MILWAUKEE\u00ae e con le pi\u00f9 comuni matrici per 60 Kn (forma a C) sul mercato;Il sistema ONE-KEY\u2122 Tracking &#038; Security offre gratuitamente un servizio di tracciamento e gestione dell&#8217;inventario basata su cloud, disponendo anche di funzionalit\u00e0 di blocco a distanza;Prima di effettuare le operazioni, la macchina controlla se c&#8217;\u00e8 abbastanza autonomia per completare la crimpatura;Le componenti elettroniche sono sigillate cos\u00ec da resistere ad umidit\u00e0 e polvere;Il motore brushless, l&#8217;elettronica REDLINK\u2122 e la batteria REDLITHIUM\u2122 forniscono prestazioni ed autonomia;Funziona con tutte le batterie della piattaforma M18\u2122<\/p>\n<p>4933479683<br \/>\n4058546374778<\/p>\n","protected":false},"excerpt":{"rendered":"<p>M18 ONEHCCT60-0C\/CRIMPATRICI<\/p>\n","protected":false},"featured_media":581077,"template":"","meta":{"_seopress_robots_primary_cat":"","_seopress_titles_title":"","_seopress_titles_desc":"","_seopress_robots_index":""},"product_brand":[3407],"product_cat":[5531,29,491],"product_tag":[3270],"class_list":{"0":"post-581076","1":"product","2":"type-product","3":"status-publish","4":"has-post-thumbnail","6":"product_brand-milwaukee","7":"product_cat-vari-macchinari-milwaukee","8":"product_cat-macchinari","9":"product_cat-accessori-sistemi-a-batteria","10":"product_tag-import-milwau","11":"sws-conto-ricavi-merci-rivendita-macchinari","12":"sws-gruppo-iva-iva81","14":"first","15":"onbackorder","16":"sale","17":"shipping-taxable","18":"purchasable","19":"product-type-simple"},"_links":{"self":[{"href":"https:\/\/lucacastelli.com\/en\/wp-json\/wp\/v2\/product\/581076","targetHints":{"allow":["GET"]}}],"collection":[{"href":"https:\/\/lucacastelli.com\/en\/wp-json\/wp\/v2\/product"}],"about":[{"href":"https:\/\/lucacastelli.com\/en\/wp-json\/wp\/v2\/types\/product"}],"wp:featuredmedia":[{"embeddable":true,"href":"https:\/\/lucacastelli.com\/en\/wp-json\/wp\/v2\/media\/581077"}],"wp:attachment":[{"href":"https:\/\/lucacastelli.com\/en\/wp-json\/wp\/v2\/media?parent=581076"}],"wp:term":[{"taxonomy":"product_brand","embeddable":true,"href":"https:\/\/lucacastelli.com\/en\/wp-json\/wp\/v2\/product_brand?post=581076"},{"taxonomy":"product_cat","embeddable":true,"href":"https:\/\/lucacastelli.com\/en\/wp-json\/wp\/v2\/product_cat?post=581076"},{"taxonomy":"product_tag","embeddable":true,"href":"https:\/\/lucacastelli.com\/en\/wp-json\/wp\/v2\/product_tag?post=581076"}],"curies":[{"name":"wp","href":"https:\/\/api.w.org\/{rel}","templated":true}]}}