{"id":571429,"date":"2025-08-07T06:26:58","date_gmt":"2025-08-07T04:26:58","guid":{"rendered":"https:\/\/lucacastelli.com\/?post_type=product&#038;p=571429"},"modified":"2025-12-29T23:16:38","modified_gmt":"2025-12-29T22:16:38","slug":"milwaukee-torcia-led-a-lunga-distanza-m12","status":"publish","type":"product","link":"https:\/\/lucacastelli.com\/en\/product\/milwaukee-torcia-led-a-lunga-distanza-m12\/","title":{"rendered":"MILWAUKEE Torcia LED a lunga distanza M12\u2122"},"content":{"rendered":"<p>M12 SLED-0\/ILLUMINAZIONE<br \/>\nL&#8217; illuminazione professionale MILWAUKEE\u00ae TRUEVIEW\u2122 consente una grande visibilit\u00e0 dei dettagli ed una fedele rappresentazione dei colori, in pi\u00f9 riduce i riflessi e le ombre;Fino al 35% in pi\u00f9 di illuminazione a distanza del fascio di luce rispetto alla concorrenza: 650 m di fascio di luce concentrato con 750 lumen alla massima intensit\u00e0 (400 lumen in modalit\u00e0 bassa intensit\u00e0);Adatta per illuminazione a lungo raggio (es. ispezione cavi dell&#8217;alta tensione, lunghi condotti, ecc &#8230;);Carcassa in metallo e lente in policarbonato resistente agli urti, con guarnizione in gomma di protezione dall&#8217;umidit\u00e0;Riflettore progettato da MILWAUKEE\u00ae, che produce un fascio di luce stretto al cerntro con un ampio fascio perimetrale;Impugnatura ergonomica in gomma, per un maggior comfort durante l&#8217;uso;Base in gomma a 45\u00b0 per puntare il fascio di luce verso l&#8217;alto durante un uso prolungato (usando una batteria REDLITHIUM\u2122 M12\u21222.0 Ah);Fino a 8 ore di autonomia con batteria REDLITHIUM\u2122 M12\u2122 4.0 Ah;Interruttore con lock-on;Indicatore stato di carica della batteria;Comodo cordino da legare al polso della mano;Classe di protezione IP24;Estremamente maneggevole;Prestazioni al top nella sua categoria;Funziona con tuttele batterie M12\u2122MILWAUKEE\u00ae<\/p>\n<p>4933451261<br \/>\n4002395170159<\/p>\n","protected":false},"excerpt":{"rendered":"<p>M12 SLED-0\/ILLUMINAZIONE<\/p>\n","protected":false},"featured_media":571430,"template":"","meta":{"_seopress_robots_primary_cat":"","_seopress_titles_title":"","_seopress_titles_desc":"","_seopress_robots_index":""},"product_brand":[3407],"product_cat":[5531,29,491,514],"product_tag":[3270],"class_list":{"0":"post-571429","1":"product","2":"type-product","3":"status-publish","4":"has-post-thumbnail","6":"product_brand-milwaukee","7":"product_cat-vari-macchinari-milwaukee","8":"product_cat-macchinari","9":"product_cat-accessori-sistemi-a-batteria","10":"product_cat-altri-dispositivi","11":"product_tag-import-milwau","12":"sws-conto-ricavi-merci-rivendita-macchinari","13":"sws-gruppo-iva-iva81","15":"first","16":"onbackorder","17":"sale","18":"shipping-taxable","19":"purchasable","20":"product-type-simple"},"_links":{"self":[{"href":"https:\/\/lucacastelli.com\/en\/wp-json\/wp\/v2\/product\/571429","targetHints":{"allow":["GET"]}}],"collection":[{"href":"https:\/\/lucacastelli.com\/en\/wp-json\/wp\/v2\/product"}],"about":[{"href":"https:\/\/lucacastelli.com\/en\/wp-json\/wp\/v2\/types\/product"}],"wp:featuredmedia":[{"embeddable":true,"href":"https:\/\/lucacastelli.com\/en\/wp-json\/wp\/v2\/media\/571430"}],"wp:attachment":[{"href":"https:\/\/lucacastelli.com\/en\/wp-json\/wp\/v2\/media?parent=571429"}],"wp:term":[{"taxonomy":"product_brand","embeddable":true,"href":"https:\/\/lucacastelli.com\/en\/wp-json\/wp\/v2\/product_brand?post=571429"},{"taxonomy":"product_cat","embeddable":true,"href":"https:\/\/lucacastelli.com\/en\/wp-json\/wp\/v2\/product_cat?post=571429"},{"taxonomy":"product_tag","embeddable":true,"href":"https:\/\/lucacastelli.com\/en\/wp-json\/wp\/v2\/product_tag?post=571429"}],"curies":[{"name":"wp","href":"https:\/\/api.w.org\/{rel}","templated":true}]}}