{"id":557830,"date":"2025-08-07T06:13:28","date_gmt":"2025-08-07T04:13:28","guid":{"rendered":"https:\/\/lucacastelli.com\/?post_type=product&#038;p=557830"},"modified":"2025-12-30T00:20:13","modified_gmt":"2025-12-29T23:20:13","slug":"milwaukee-batteria-m18-forge-12-0-ah","status":"publish","type":"product","link":"https:\/\/lucacastelli.com\/en\/product\/milwaukee-batteria-m18-forge-12-0-ah\/","title":{"rendered":"MILWAUKEE Batteria M18\u2122 FORGE\u2122 12.0 Ah"},"content":{"rendered":"<p>M18FB12 BATTERIE<br \/>\nGarantisce fino al 50% di potenza in pi\u00f9 rispetto alla batteria HIGH OUTPUT\u2122 da 12 Ah (M18 HB12);COOL-CYCLE\u2122: Il sistema di raffreddamento attivo \u00e8 in grado di fornire un raffreddamento ad alta velocit\u00e0 per ridurre i tempi morti;REDLITHIUM\u2122 FORGE\u2122 \u00e8 la tecnologia di batterie pi\u00f9 potenti, che si ricaricano pi\u00f9 velocemente e con maggiore vita utile tra le batterie REDLITHIUM\u2122;Garantisce la migliore protezione dalle condizioni ambientali, atmosferiche e di cantiere;Alloggiamento resistente progettato per fornire una maggiore protezione contro gli oli, solventi e grassi pi\u00f9 comuni;Maggiore vita utile, per garantire maggiori ricariche e migliori prestazioni lungo il suo arco di vita;Massima autonomia, per le applicazioni che richiedono alte prestazioni;Compatibile con tutti gli utensili M18\u2122 nella gamma;Indicatore di stato di carica della batteria, migliorato per garantire maggiore visibilit\u00e0 alla luce solare;Il sistema elettronico intelligente REDLINK\u2122 protegge il pacco batteria dalle situazioni pi\u00f9 dure e garantisce il massimo della performance<\/p>\n<p>4932492651<br \/>\n4058546414016<\/p>\n","protected":false},"excerpt":{"rendered":"<p>M18FB12 BATTERIE<\/p>\n","protected":false},"featured_media":557831,"template":"","meta":{"_seopress_robots_primary_cat":"","_seopress_titles_title":"","_seopress_titles_desc":"","_seopress_robots_index":""},"product_brand":[3407],"product_cat":[29,491],"product_tag":[3270],"class_list":{"0":"post-557830","1":"product","2":"type-product","3":"status-publish","4":"has-post-thumbnail","6":"product_brand-milwaukee","7":"product_cat-macchinari","8":"product_cat-accessori-sistemi-a-batteria","9":"product_tag-import-milwau","10":"sws-conto-ricavi-merci-rivendita-macchinari","11":"sws-gruppo-iva-iva81","13":"first","14":"onbackorder","15":"sale","16":"shipping-taxable","17":"purchasable","18":"product-type-simple"},"_links":{"self":[{"href":"https:\/\/lucacastelli.com\/en\/wp-json\/wp\/v2\/product\/557830","targetHints":{"allow":["GET"]}}],"collection":[{"href":"https:\/\/lucacastelli.com\/en\/wp-json\/wp\/v2\/product"}],"about":[{"href":"https:\/\/lucacastelli.com\/en\/wp-json\/wp\/v2\/types\/product"}],"wp:featuredmedia":[{"embeddable":true,"href":"https:\/\/lucacastelli.com\/en\/wp-json\/wp\/v2\/media\/557831"}],"wp:attachment":[{"href":"https:\/\/lucacastelli.com\/en\/wp-json\/wp\/v2\/media?parent=557830"}],"wp:term":[{"taxonomy":"product_brand","embeddable":true,"href":"https:\/\/lucacastelli.com\/en\/wp-json\/wp\/v2\/product_brand?post=557830"},{"taxonomy":"product_cat","embeddable":true,"href":"https:\/\/lucacastelli.com\/en\/wp-json\/wp\/v2\/product_cat?post=557830"},{"taxonomy":"product_tag","embeddable":true,"href":"https:\/\/lucacastelli.com\/en\/wp-json\/wp\/v2\/product_tag?post=557830"}],"curies":[{"name":"wp","href":"https:\/\/api.w.org\/{rel}","templated":true}]}}