{"id":557119,"date":"2025-08-07T06:13:24","date_gmt":"2025-08-07T04:13:24","guid":{"rendered":"https:\/\/lucacastelli.com\/?post_type=product&#038;p=557119"},"modified":"2025-12-30T00:20:13","modified_gmt":"2025-12-29T23:20:13","slug":"milwaukee-caricabatterie-m18-simultaneo-super-rapido","status":"publish","type":"product","link":"https:\/\/lucacastelli.com\/en\/product\/milwaukee-caricabatterie-m18-simultaneo-super-rapido\/","title":{"rendered":"MILWAUKEE Caricabatterie M18\u2122 simultaneo super rapido"},"content":{"rendered":"<p>M18 DBSC \/CARICABATTERIE<br \/>\nFino a 6 volte pi\u00f9 veloce rispetto al caricabatterie standard, per massima produttivit\u00e0;Ricarica 1 batteria M18\u2122REDLITHIUM\u2122 FORGE\u2122 da 6 Ah all&#8217;80% in soli 15 minuti (2 in 36 minuti);La distribuzione adattiva della carica consente di caricare simultaneamente pi\u00f9 batterie per massimizzare la produttivit\u00e0;Il sistema di raffreddamento attivo COOL-CYCLE\u2122 garantisce un raffreddamento ad alta velocit\u00e0 per ridurre i tempi di inattivit\u00e0. La funzione di raffreddamento attivo funziona con le batterie dotate di funzionalit\u00e0 COOL-CYCLE\u2122;Elettronica intelligente REDLINK\u2122: il caricabatterie comunica con il pacco batteria per garantire velocit\u00e0 di carica e prestazioni ottimizzate;In grado di ricaricare simultaneamente 2 batterie M18\u2122;Compatibile con tutte le batterie M18\u2122;Possibilit\u00e0 di montaggio a parete<\/p>\n<p>4932492531<br \/>\n4058546418984<\/p>\n","protected":false},"excerpt":{"rendered":"<p>M18 DBSC \/CARICABATTERIE<\/p>\n","protected":false},"featured_media":557120,"template":"","meta":{"_seopress_robots_primary_cat":"","_seopress_titles_title":"","_seopress_titles_desc":"","_seopress_robots_index":""},"product_brand":[3407],"product_cat":[29,491],"product_tag":[3270],"class_list":{"0":"post-557119","1":"product","2":"type-product","3":"status-publish","4":"has-post-thumbnail","6":"product_brand-milwaukee","7":"product_cat-macchinari","8":"product_cat-accessori-sistemi-a-batteria","9":"product_tag-import-milwau","10":"sws-conto-ricavi-merci-rivendita-macchinari-en","11":"sws-gruppo-iva-iva81-en","13":"first","14":"onbackorder","15":"sale","16":"shipping-taxable","17":"purchasable","18":"product-type-simple"},"_links":{"self":[{"href":"https:\/\/lucacastelli.com\/en\/wp-json\/wp\/v2\/product\/557119","targetHints":{"allow":["GET"]}}],"collection":[{"href":"https:\/\/lucacastelli.com\/en\/wp-json\/wp\/v2\/product"}],"about":[{"href":"https:\/\/lucacastelli.com\/en\/wp-json\/wp\/v2\/types\/product"}],"wp:featuredmedia":[{"embeddable":true,"href":"https:\/\/lucacastelli.com\/en\/wp-json\/wp\/v2\/media\/557120"}],"wp:attachment":[{"href":"https:\/\/lucacastelli.com\/en\/wp-json\/wp\/v2\/media?parent=557119"}],"wp:term":[{"taxonomy":"product_brand","embeddable":true,"href":"https:\/\/lucacastelli.com\/en\/wp-json\/wp\/v2\/product_brand?post=557119"},{"taxonomy":"product_cat","embeddable":true,"href":"https:\/\/lucacastelli.com\/en\/wp-json\/wp\/v2\/product_cat?post=557119"},{"taxonomy":"product_tag","embeddable":true,"href":"https:\/\/lucacastelli.com\/en\/wp-json\/wp\/v2\/product_tag?post=557119"}],"curies":[{"name":"wp","href":"https:\/\/api.w.org\/{rel}","templated":true}]}}