{"id":554913,"date":"2025-08-07T07:09:24","date_gmt":"2025-08-07T05:09:24","guid":{"rendered":"https:\/\/lucacastelli.com\/?post_type=product&#038;p=554913"},"modified":"2025-12-30T00:20:13","modified_gmt":"2025-12-29T23:20:13","slug":"milwaukee-parasole-bolt","status":"publish","type":"product","link":"https:\/\/lucacastelli.com\/en\/product\/milwaukee-parasole-bolt\/","title":{"rendered":"MILWAUKEE Parasole BOLT\u2122"},"content":{"rendered":"<p>PARASOLE NUCA ELMETTO BOLT-1pz<br \/>\nProtezione UV con tessuto 50+ UPF, blocca il 97,5\/98% dei raggi UV dannosi;Sistema BOLT\u2122\u2013 garantisce la compatibilit\u00e0 tra gli accessori con un sistema di fissaggio facile e intuitivo;Slot dedicati alle cuffie antirumore per la piena compatibilit\u00e0 degli accessori;Il tessuto espelle l&#8217;umidit\u00e0 e asciuga velocemente il sudore. Per rimanere fresco pi\u00f9 a lungo;Compatibile con elmetti Milwaukee BOLT\u2122 100 e BOLT\u2122 200. ;Conforme alla norma EN 13758-2<\/p>\n<p>4932492101<br \/>\n4058546414689<\/p>\n","protected":false},"excerpt":{"rendered":"<p>PARASOLE NUCA ELMETTO BOLT-1pz<\/p>\n","protected":false},"featured_media":554914,"template":"","meta":{"_seopress_robots_primary_cat":"","_seopress_titles_title":"","_seopress_titles_desc":"","_seopress_robots_index":""},"product_brand":[3407],"product_cat":[33,537,815],"product_tag":[3270],"class_list":{"0":"post-554913","1":"product","2":"type-product","3":"status-publish","4":"has-post-thumbnail","6":"product_brand-milwaukee","7":"product_cat-attrezzature","8":"product_cat-attrezzatura-da-lavoro","9":"product_cat-caschi","10":"product_tag-import-milwau","11":"sws-conto-ricavi-merci-rivendita-macchinari","12":"sws-gruppo-iva-iva81","14":"first","15":"onbackorder","16":"sale","17":"shipping-taxable","18":"purchasable","19":"product-type-simple"},"_links":{"self":[{"href":"https:\/\/lucacastelli.com\/en\/wp-json\/wp\/v2\/product\/554913","targetHints":{"allow":["GET"]}}],"collection":[{"href":"https:\/\/lucacastelli.com\/en\/wp-json\/wp\/v2\/product"}],"about":[{"href":"https:\/\/lucacastelli.com\/en\/wp-json\/wp\/v2\/types\/product"}],"wp:featuredmedia":[{"embeddable":true,"href":"https:\/\/lucacastelli.com\/en\/wp-json\/wp\/v2\/media\/554914"}],"wp:attachment":[{"href":"https:\/\/lucacastelli.com\/en\/wp-json\/wp\/v2\/media?parent=554913"}],"wp:term":[{"taxonomy":"product_brand","embeddable":true,"href":"https:\/\/lucacastelli.com\/en\/wp-json\/wp\/v2\/product_brand?post=554913"},{"taxonomy":"product_cat","embeddable":true,"href":"https:\/\/lucacastelli.com\/en\/wp-json\/wp\/v2\/product_cat?post=554913"},{"taxonomy":"product_tag","embeddable":true,"href":"https:\/\/lucacastelli.com\/en\/wp-json\/wp\/v2\/product_tag?post=554913"}],"curies":[{"name":"wp","href":"https:\/\/api.w.org\/{rel}","templated":true}]}}