{"id":549097,"date":"2025-08-06T19:07:06","date_gmt":"2025-08-06T17:07:06","guid":{"rendered":"https:\/\/lucacastelli.com\/?post_type=product&#038;p=549097"},"modified":"2025-08-10T16:54:08","modified_gmt":"2025-08-10T14:54:08","slug":"milwaukee-mecchie-elicoidali-coniche-per-legno","status":"publish","type":"product","link":"https:\/\/lucacastelli.com\/en\/product\/milwaukee-mecchie-elicoidali-coniche-per-legno\/","title":{"rendered":"MILWAUKEE Mecchie elicoidali coniche per legno"},"content":{"rendered":"<p>PUNTA MECCHIA ELIC.18X165 MM -1pz<br \/>\nPunta con performance maggiori rispetto ad una mecchia piatta &#8211; foratura veloce, pi\u00f9 duratura e minori sobbalzi;I due denti di taglio posti all\u2019estremit\u00e0 della scanalatura permettono un taglio pi\u00f9 veloce e pulito su ogni tipo di legno (morbido, duro, bagnato e trattato);Il nuovo disegno della punta consente un foro pi\u00f9 preciso e pi\u00f9 pulito. Garantisce cos\u00ec un\u2019efficiente rimozione dei trucioli aumentando la velocit\u00e0 di foratura e riducendo l\u2019attrito;Grazie a queste caratteristiche, queste mecchie possono essere usate anche in applicazioni su legno duro e morbido, umido e trattato, legno compensato, truciolato, teak, faggio, rovere, WPC (plastica legno composito), travi lamellari, pannelli, ecc;La scanalatura \u00e8 levigata e rivestita da una speciale patina<\/p>\n<p>4932464071<br \/>\n4058546220167<\/p>\n","protected":false},"excerpt":{"rendered":"<p>PUNTA MECCHIA ELIC.18X165 MM -1pz<\/p>\n","protected":false},"featured_media":528810,"template":"","meta":{"_seopress_robots_primary_cat":"","_seopress_titles_title":"","_seopress_titles_desc":"","_seopress_robots_index":""},"product_brand":[3407],"product_cat":[29,549,550],"product_tag":[3270],"class_list":{"0":"post-549097","1":"product","2":"type-product","3":"status-publish","4":"has-post-thumbnail","6":"product_brand-milwaukee","7":"product_cat-macchinari","8":"product_cat-trapani-e-avvitatori","9":"product_cat-accessori-per-trapani-ed-avvitatori","10":"product_tag-import-milwau","11":"sws-conto-ricavi-merci-rivendita-macchinari","12":"sws-gruppo-iva-iva81","14":"first","15":"onbackorder","16":"sale","17":"shipping-taxable","18":"purchasable","19":"product-type-simple"},"_links":{"self":[{"href":"https:\/\/lucacastelli.com\/en\/wp-json\/wp\/v2\/product\/549097","targetHints":{"allow":["GET"]}}],"collection":[{"href":"https:\/\/lucacastelli.com\/en\/wp-json\/wp\/v2\/product"}],"about":[{"href":"https:\/\/lucacastelli.com\/en\/wp-json\/wp\/v2\/types\/product"}],"wp:featuredmedia":[{"embeddable":true,"href":"https:\/\/lucacastelli.com\/en\/wp-json\/wp\/v2\/media\/528810"}],"wp:attachment":[{"href":"https:\/\/lucacastelli.com\/en\/wp-json\/wp\/v2\/media?parent=549097"}],"wp:term":[{"taxonomy":"product_brand","embeddable":true,"href":"https:\/\/lucacastelli.com\/en\/wp-json\/wp\/v2\/product_brand?post=549097"},{"taxonomy":"product_cat","embeddable":true,"href":"https:\/\/lucacastelli.com\/en\/wp-json\/wp\/v2\/product_cat?post=549097"},{"taxonomy":"product_tag","embeddable":true,"href":"https:\/\/lucacastelli.com\/en\/wp-json\/wp\/v2\/product_tag?post=549097"}],"curies":[{"name":"wp","href":"https:\/\/api.w.org\/{rel}","templated":true}]}}