{"id":534357,"date":"2025-06-01T03:40:56","date_gmt":"2025-06-01T01:40:56","guid":{"rendered":"https:\/\/lucacastelli.com\/prodotto\/stihl-schlusselanhanger-motosage\/"},"modified":"2025-06-01T03:40:56","modified_gmt":"2025-06-01T01:40:56","slug":"stihl-schlusselanhanger-motosage","status":"publish","type":"product","link":"https:\/\/lucacastelli.com\/en\/product\/stihl-schlusselanhanger-motosage\/","title":{"rendered":"STIHL Schl\u00fcsselanh\u00e4nger MOTOS\u00c4GE"},"content":{"rendered":"<p>Take away everything, but not my chainsaw! Your favorite tool will always be with you, thanks to this characteristically shaped key chain with realistic sound effects. STIHL&#8217;s chain and key ring are made of nickel-plated steel. Product includes button batteries (interchangeable).<br \/>\n886661937042   <\/p>\n<p>Color Orange<br \/>\nAdditional color Additional color<\/p>\n<p>Additional color Additional color<\/p>\n","protected":false},"excerpt":{"rendered":"<p>Schl\u00fcsselanh\u00e4nger MOTOS\u00c4GE<\/p>\n","protected":false},"featured_media":439828,"template":"","meta":{"_seopress_robots_primary_cat":"","_seopress_titles_title":"","_seopress_titles_desc":"","_seopress_robots_index":""},"product_brand":[3366],"product_cat":[1103],"product_tag":[3265],"class_list":{"0":"post-534357","1":"product","2":"type-product","3":"status-publish","4":"has-post-thumbnail","6":"product_brand-stihl","7":"product_cat-shops","8":"product_tag-import-stihl","9":"sws-gruppo-macchinari-en","10":"sws-conto-ricavi-merci-rivendita-macchinari-en","11":"sws-gruppo-iva-iva81-en","13":"first","14":"onbackorder","15":"purchasable","16":"product-type-simple"},"_links":{"self":[{"href":"https:\/\/lucacastelli.com\/en\/wp-json\/wp\/v2\/product\/534357","targetHints":{"allow":["GET"]}}],"collection":[{"href":"https:\/\/lucacastelli.com\/en\/wp-json\/wp\/v2\/product"}],"about":[{"href":"https:\/\/lucacastelli.com\/en\/wp-json\/wp\/v2\/types\/product"}],"wp:featuredmedia":[{"embeddable":true,"href":"https:\/\/lucacastelli.com\/en\/wp-json\/wp\/v2\/media\/439828"}],"wp:attachment":[{"href":"https:\/\/lucacastelli.com\/en\/wp-json\/wp\/v2\/media?parent=534357"}],"wp:term":[{"taxonomy":"product_brand","embeddable":true,"href":"https:\/\/lucacastelli.com\/en\/wp-json\/wp\/v2\/product_brand?post=534357"},{"taxonomy":"product_cat","embeddable":true,"href":"https:\/\/lucacastelli.com\/en\/wp-json\/wp\/v2\/product_cat?post=534357"},{"taxonomy":"product_tag","embeddable":true,"href":"https:\/\/lucacastelli.com\/en\/wp-json\/wp\/v2\/product_tag?post=534357"}],"curies":[{"name":"wp","href":"https:\/\/api.w.org\/{rel}","templated":true}]}}