{"id":505920,"date":"2023-05-20T10:29:47","date_gmt":"2023-05-20T08:29:47","guid":{"rendered":"https:\/\/lucacastelli.com\/prodotto\/time-system\/"},"modified":"2025-08-05T13:44:20","modified_gmt":"2025-08-05T11:44:20","slug":"time-system","status":"publish","type":"product","link":"https:\/\/lucacastelli.com\/en\/product\/time-system\/","title":{"rendered":"TIME STEM."},"content":{"rendered":"<p>Bar mower \/ Motofaucheuse  <\/p>\n<p>Compact and maneuverable multipurpose machine for mowing lawns, collecting dirt or clearing snow.<br \/>\nThe 2-speed transmission in an oil bath makes this machine an agile helper for a variety of tasks.<br \/>\nwork. Good vibration dampening on the handlebar allows for fatigue-free mowing. Quick hitch<br \/>\nquick hitch allows for quick tool changes.  <\/p>\n<p>Compact, maneuverable ride-on mower with multiple functions: grass cutting, balancing, residue collection or clearing.<br \/>\no d\u00e9neige. The transmission of two vitesse by engrenages \u00e0 bain d&#8217;huile constitutes a practical tool for all horticultural work.<br \/>\nhorticultural work. Il bon amortissement des vibrations au mancheron facile. The<br \/>\nquick fastener allows for easy tool changes.   <\/p>\n<p>Engine \/ Engine HONDA GX160, 5 hp OHV \/ hp<br \/>\nGearbox \/ Transmission Oil-bath gearbox, disengageable \/ par engrenages \u00e0 bain d&#8217;huile, d\u00e9brayable<br \/>\nBrake \/ Freins automatic transmission brake \/ \u00e0 transmission automatique<br \/>\nGears \/ Vitesses 2 forwards and 1 backwards \/ 2 marches avant et 1 marche arri\u00e8re<br \/>\nSpeed \/ Vitesse d&#8217;avancement V 2.7 \/ 5.1 R 2.5 km\/h<br \/>\nClutch \/ Wear-resistant V-belt \/ par courroie r\u00e9sistant \u00e0 l&#8217;usure<br \/>\nDifferenziale \/ Diff\u00e9rentiel Nein \/ Non<br \/>\nTires \/ Roues 13&#215;5.00-6 Wide tires \/ pneus larges<br \/>\nHandholmen \/ Mancheron adjustable in height without tools, anti-vibration \/ r\u00e9glable en hauteur sans outils, \u00e9quipip\u00e9 d&#8217;\u00e9t\u00e9 \u00e0 l&#8217;\u00e9t\u00e9.<br \/>\n  Without tools, equipped with a vibration damper<br \/>\nSchnellkupplung \/ Raccordement rapide f\u00fcr Anbauger\u00e4te \/ pour les outils<br \/>\nMowing deck \/ Cutting system without mulching bar lock ESM 107 or 91 cm \/ ESM mulching bar<br \/>\n  91 or 107 cm, equipped with an anti-lock device<br \/>\nGewicht \/ Poids mit M\u00e4hwerk ca. 75 kg \/ environ avec la barre de coupe<br \/>\nDimensions L 146 cm, W 50 cm, H 102 cm<\/p>\n","protected":false},"excerpt":{"rendered":"<p>Bar mower \/ Motofaucheuse Compact and maneuverable multipurpose machine for mowing lawns, collecting dirt or clearing snow. The 2-speed transmission<\/p>\n","protected":false},"featured_media":55637,"template":"","meta":{"_seopress_robots_primary_cat":"","_seopress_titles_title":"","_seopress_titles_desc":"","_seopress_robots_index":""},"product_brand":[4713],"product_cat":[165,1502,1452],"product_tag":[],"class_list":{"0":"post-505920","1":"product","2":"type-product","3":"status-publish","4":"has-post-thumbnail","6":"product_brand-stema-en","7":"product_cat-machinery","8":"product_cat-mowers","9":"product_cat-other-devices","11":"first","12":"onbackorder","13":"shipping-taxable","14":"purchasable","15":"product-type-variable"},"_links":{"self":[{"href":"https:\/\/lucacastelli.com\/en\/wp-json\/wp\/v2\/product\/505920","targetHints":{"allow":["GET"]}}],"collection":[{"href":"https:\/\/lucacastelli.com\/en\/wp-json\/wp\/v2\/product"}],"about":[{"href":"https:\/\/lucacastelli.com\/en\/wp-json\/wp\/v2\/types\/product"}],"wp:featuredmedia":[{"embeddable":true,"href":"https:\/\/lucacastelli.com\/en\/wp-json\/wp\/v2\/media\/55637"}],"wp:attachment":[{"href":"https:\/\/lucacastelli.com\/en\/wp-json\/wp\/v2\/media?parent=505920"}],"wp:term":[{"taxonomy":"product_brand","embeddable":true,"href":"https:\/\/lucacastelli.com\/en\/wp-json\/wp\/v2\/product_brand?post=505920"},{"taxonomy":"product_cat","embeddable":true,"href":"https:\/\/lucacastelli.com\/en\/wp-json\/wp\/v2\/product_cat?post=505920"},{"taxonomy":"product_tag","embeddable":true,"href":"https:\/\/lucacastelli.com\/en\/wp-json\/wp\/v2\/product_tag?post=505920"}],"curies":[{"name":"wp","href":"https:\/\/api.w.org\/{rel}","templated":true}]}}