{"id":505882,"date":"2023-05-20T09:59:33","date_gmt":"2023-05-20T07:59:33","guid":{"rendered":"https:\/\/lucacastelli.com\/prodotto\/terrible-system\/"},"modified":"2025-08-05T13:44:07","modified_gmt":"2025-08-05T11:44:07","slug":"terrible-system","status":"publish","type":"product","link":"https:\/\/lucacastelli.com\/en\/product\/terrible-system\/","title":{"rendered":"TREMENDOUS STEM"},"content":{"rendered":"<p>Flail mower with radio control \/ Broyeuse avec t\u00e9l\u00e9command\u00e9e<\/p>\n<p>The professional radio-controlled mower is suitable for areas up to 10,000 m2 with slopes up to 40\u00b0. The machine<br \/>\ncuts and mulches grass and small shrubs. Thanks to the cutting disc with movable blades, there is<br \/>\nno damage in case of large stones or stumps. Thanks to the built-in battery, the machine can be operated without the<br \/>\nwithout a motor for charging and discharging. The machine is designed for mowing lawns, vineyards, orchards<br \/>\nand on slopes where using hand machines is strenuous and dangerous.    <\/p>\n<p>The faucheuse-broyeuse radio professionnelle is suitable for areas up to 10,000 m2<br \/>\n and with a slope up to<br \/>\n40\u00b0. The machine cuts and broaches grass and small pieces. Thanks to its shearing disc composed of movable<br \/>\ncouteaux, large perforations or slag do not cause any damage. Thanks to the built-in accumulator, the<br \/>\nmachine can be moved without using the motor. The machine is ideal for pr\u00e9s, vignobles, vergers and pentes.<br \/>\nvergers and sur les pentes o\u00f9 l&#8217;utilisation des petites machines est fatigante et dangereuse.    <\/p>\n<p>Engine \/ Engine SUBARU EA190V 6 hp OHV \/ hp<br \/>\nFour-wheel drive \/ Toutes roues motrices 4 Elektromotoren \/ 4 moteurs \u00e9lectriques<br \/>\nSpeed \/ Vitesse d&#8217;avancement 0 &#8211; 3.4 km\/h<br \/>\nRemote control \/ T\u00e9l\u00e9commande Range up to 100 m \/ Port\u00e9e jusqu&#8217; \u00e0 100 m<br \/>\nFrame \/ Cadre stainless steel chrome INOX \/ acier chrom\u00e9 inoxydable INOX<br \/>\nCutting system \/ Syst\u00e8me de coupe 4 protected knives \/ 4 couteaux prot\u00e9g\u00e9s<br \/>\nCutting width \/ Largeur de coupe 52 cm<br \/>\nCutting height \/ Hauteur de coupe 20 &#8211; 80 mm, adjustable \/ r\u00e9glable<br \/>\nTires \/ Pneus Ackerstollenprofil 13&#215;5.00-6 \/ profil agricole<br \/>\nWeight \/ Poids ca. 100 kg \/ environ 100 kg<br \/>\nAbmessung \/ Dimensions L 100 cm, W 62 cm, H 43 cm<\/p>\n","protected":false},"excerpt":{"rendered":"<p>Flail mower with radio control \/ Broyeuse avec t\u00e9l\u00e9command\u00e9e The professional radio-controlled mower is suitable for areas up to 10,000<\/p>\n","protected":false},"featured_media":55597,"template":"","meta":{"_seopress_robots_primary_cat":"","_seopress_titles_title":"","_seopress_titles_desc":"","_seopress_robots_index":""},"product_brand":[4713],"product_cat":[1675,1658,165],"product_tag":[],"class_list":{"0":"post-505882","1":"product","2":"type-product","3":"status-publish","4":"has-post-thumbnail","6":"product_brand-stema-en","7":"product_cat-lawn-mower-robots","8":"product_cat-lawn-mowers-and-robots","9":"product_cat-machinery","11":"first","12":"onbackorder","13":"shipping-taxable","14":"purchasable","15":"product-type-simple"},"_links":{"self":[{"href":"https:\/\/lucacastelli.com\/en\/wp-json\/wp\/v2\/product\/505882","targetHints":{"allow":["GET"]}}],"collection":[{"href":"https:\/\/lucacastelli.com\/en\/wp-json\/wp\/v2\/product"}],"about":[{"href":"https:\/\/lucacastelli.com\/en\/wp-json\/wp\/v2\/types\/product"}],"wp:featuredmedia":[{"embeddable":true,"href":"https:\/\/lucacastelli.com\/en\/wp-json\/wp\/v2\/media\/55597"}],"wp:attachment":[{"href":"https:\/\/lucacastelli.com\/en\/wp-json\/wp\/v2\/media?parent=505882"}],"wp:term":[{"taxonomy":"product_brand","embeddable":true,"href":"https:\/\/lucacastelli.com\/en\/wp-json\/wp\/v2\/product_brand?post=505882"},{"taxonomy":"product_cat","embeddable":true,"href":"https:\/\/lucacastelli.com\/en\/wp-json\/wp\/v2\/product_cat?post=505882"},{"taxonomy":"product_tag","embeddable":true,"href":"https:\/\/lucacastelli.com\/en\/wp-json\/wp\/v2\/product_tag?post=505882"}],"curies":[{"name":"wp","href":"https:\/\/api.w.org\/{rel}","templated":true}]}}