{"id":505860,"date":"2023-05-19T13:57:39","date_gmt":"2023-05-19T11:57:39","guid":{"rendered":"https:\/\/lucacastelli.com\/prodotto\/stema-l-390\/"},"modified":"2025-08-05T13:47:37","modified_gmt":"2025-08-05T11:47:37","slug":"stema-l-390","status":"publish","type":"product","link":"https:\/\/lucacastelli.com\/en\/product\/stema-l-390\/","title":{"rendered":"STEM L 390"},"content":{"rendered":"<p>The sod cutter is used to cut turf, and the sheets can be easily rolled up for<br \/>\nfor laying or disposal. Thanks to the easily removable handlebar, the machine can also be transported in small vehicles.<br \/>\ntransportable in small vehicles. <\/p>\n<p>L&#8217;herbe est coup\u00e9e avec la trancheuse \u00e0 motte; on pourra facilement rouler les bandes pour les d\u00e9placer ou s&#8217;en<br \/>\ndislocare ou disarm. Thanks to the detachable mancheron, the machine can also be transported on small vehicles. <\/p>\n<p>Engine \/ Engine HONDA GX200 6 PS OHC \/ cv<br \/>\nTransmission \/ Transmission with oil bath \/ \u00e0 bain d&#8217;huile<br \/>\nGears \/ Vitesses 2 forward gears \/ 2 forward gears<br \/>\nDepth of cut \/ Profondeur de coupe up to 35 mm, adjustable in 6 levels \/ jusqu&#8217;\u00e0 35 mm, 6 niveaux<br \/>\nWidth of cut \/ Largeur de coupe 39 cm<br \/>\nTires \/ Pneus 3.00-4<br \/>\nWeight \/ Poids 78 kg<br \/>\nDimensions \/ Dimensions L 76, W 40, H 115\/74 cm<\/p>\n","protected":false},"excerpt":{"rendered":"<p>The sod cutter is used to cut turf, and the sheets can be easily rolled up for for laying or<\/p>\n","protected":false},"featured_media":55497,"template":"","meta":{"_seopress_robots_primary_cat":"","_seopress_titles_title":"","_seopress_titles_desc":"","_seopress_robots_index":""},"product_brand":[4390],"product_cat":[29,514,545],"product_tag":[],"class_list":{"0":"post-505860","1":"product","2":"type-product","3":"status-publish","4":"has-post-thumbnail","6":"product_brand-stema","7":"product_cat-macchinari","8":"product_cat-altri-dispositivi","9":"product_cat-levazolle","11":"first","12":"onbackorder","13":"shipping-taxable","14":"purchasable","15":"product-type-simple"},"_links":{"self":[{"href":"https:\/\/lucacastelli.com\/en\/wp-json\/wp\/v2\/product\/505860","targetHints":{"allow":["GET"]}}],"collection":[{"href":"https:\/\/lucacastelli.com\/en\/wp-json\/wp\/v2\/product"}],"about":[{"href":"https:\/\/lucacastelli.com\/en\/wp-json\/wp\/v2\/types\/product"}],"wp:featuredmedia":[{"embeddable":true,"href":"https:\/\/lucacastelli.com\/en\/wp-json\/wp\/v2\/media\/55497"}],"wp:attachment":[{"href":"https:\/\/lucacastelli.com\/en\/wp-json\/wp\/v2\/media?parent=505860"}],"wp:term":[{"taxonomy":"product_brand","embeddable":true,"href":"https:\/\/lucacastelli.com\/en\/wp-json\/wp\/v2\/product_brand?post=505860"},{"taxonomy":"product_cat","embeddable":true,"href":"https:\/\/lucacastelli.com\/en\/wp-json\/wp\/v2\/product_cat?post=505860"},{"taxonomy":"product_tag","embeddable":true,"href":"https:\/\/lucacastelli.com\/en\/wp-json\/wp\/v2\/product_tag?post=505860"}],"curies":[{"name":"wp","href":"https:\/\/api.w.org\/{rel}","templated":true}]}}