{"id":505783,"date":"2023-05-20T09:13:11","date_gmt":"2023-05-20T07:13:11","guid":{"rendered":"https:\/\/lucacastelli.com\/prodotto\/stema-p-70\/"},"modified":"2025-08-05T13:47:54","modified_gmt":"2025-08-05T11:47:54","slug":"stema-p-70","status":"publish","type":"product","link":"https:\/\/lucacastelli.com\/en\/product\/stema-p-70\/","title":{"rendered":"STEM P 70"},"content":{"rendered":"<p>A multipurpose machine for mowing or mulching steep slopes. Oscillation keeps the<br \/>\nengine stays horizontal up to a 40\u00b0 slope. Steel grip wheels prevent slippage.  <\/p>\n<p>A multipurpose machine for mowing or clearing steep slopes. Thanks to an ocsillation system, the engine remains horizontal up to a 40\u00b0 slope.<br \/>\nmotor remains horizontal up to an angle of 40\u00b0. Casters with steel jaws prevent the machine from slipping.<br \/>\nslip. <\/p>\n<p>Engine \/ B&amp; EngineS 850E 6,5 PS OHV \/ cv<br \/>\nGears \/ Vitesses 3 avanti e 2 indietro \/ 3 marches avant et 2 marches arri\u00e8re<br \/>\nSpeed \/ Vitesse d&#8217;avancement V 1,08\/2,5\/3,4 &#8211; R 1,08\/2,1 km\/h<br \/>\nGetriebe \/ Cambio a bagno d&#8217;olio \/ par engrenages \u00e0 bain d&#8217;huile<br \/>\nKupplung \/ Embrayage unabh\u00e4ngig f\u00fcr Fahr- u. M\u00e4hwerk \/ ind\u00e9pendant p. l&#8217;entra\u00eenement des roues et de l&#8217;outil<br \/>\nBrake \/ Frein Brake de transmission \/ sur la transmission<br \/>\nTires \/ Wheels 15&#215;6.00 &#8211; 6<br \/>\nAxle \/ Axe Freilaufnabe lockbar \/ moyeu roue libre \u00e9quip\u00e9 d&#8217;un verrouilleur<br \/>\nHandholmen \/ Mancheron height- und seitenversbar, wendbar um 180\u00b0 \/ r\u00e9glable en hauteur et lat\u00e9ralment,<br \/>\n reversible<br \/>\nCutting height \/ Hauteur de coupe adjustable \/ reversible<br \/>\nMulching housing \/ Carter with rear discharge \/ \u00e0 \u00e9jection arri\u00e8re<br \/>\nCutting width \/ Largeur de coupe 65 cm<br \/>\nWeight \/ Poids ca. 88 kg \/ environ<br \/>\nDimensions \/ Dimensions L 200 cm, W 67 cm, H 100 cm <\/p>\n","protected":false},"excerpt":{"rendered":"<p>A multipurpose machine for mowing or mulching steep slopes. Oscillation keeps the engine stays horizontal up to a 40\u00b0 slope.<\/p>\n","protected":false},"featured_media":55547,"template":"","meta":{"_seopress_robots_primary_cat":"","_seopress_titles_title":"","_seopress_titles_desc":"","_seopress_robots_index":""},"product_brand":[4713],"product_cat":[165,1452,1521],"product_tag":[],"class_list":{"0":"post-505783","1":"product","2":"type-product","3":"status-publish","4":"has-post-thumbnail","6":"product_brand-stema-en","7":"product_cat-machinery","8":"product_cat-other-devices","9":"product_cat-multipurpose-machines","11":"first","12":"onbackorder","13":"shipping-taxable","14":"purchasable","15":"product-type-simple"},"_links":{"self":[{"href":"https:\/\/lucacastelli.com\/en\/wp-json\/wp\/v2\/product\/505783","targetHints":{"allow":["GET"]}}],"collection":[{"href":"https:\/\/lucacastelli.com\/en\/wp-json\/wp\/v2\/product"}],"about":[{"href":"https:\/\/lucacastelli.com\/en\/wp-json\/wp\/v2\/types\/product"}],"wp:featuredmedia":[{"embeddable":true,"href":"https:\/\/lucacastelli.com\/en\/wp-json\/wp\/v2\/media\/55547"}],"wp:attachment":[{"href":"https:\/\/lucacastelli.com\/en\/wp-json\/wp\/v2\/media?parent=505783"}],"wp:term":[{"taxonomy":"product_brand","embeddable":true,"href":"https:\/\/lucacastelli.com\/en\/wp-json\/wp\/v2\/product_brand?post=505783"},{"taxonomy":"product_cat","embeddable":true,"href":"https:\/\/lucacastelli.com\/en\/wp-json\/wp\/v2\/product_cat?post=505783"},{"taxonomy":"product_tag","embeddable":true,"href":"https:\/\/lucacastelli.com\/en\/wp-json\/wp\/v2\/product_tag?post=505783"}],"curies":[{"name":"wp","href":"https:\/\/api.w.org\/{rel}","templated":true}]}}