{"id":505774,"date":"2023-05-19T19:45:27","date_gmt":"2023-05-19T17:45:27","guid":{"rendered":"https:\/\/lucacastelli.com\/prodotto\/stema-rl-1400\/"},"modified":"2025-08-05T13:41:48","modified_gmt":"2025-08-05T11:41:48","slug":"stema-rl-1400","status":"publish","type":"product","link":"https:\/\/lucacastelli.com\/en\/product\/stema-rl-1400\/","title":{"rendered":"STEMA RL 1400"},"content":{"rendered":"<p>Tall grass mulcher \/ Broyeuses<\/p>\n<p>Powerful mulcher for tall grass and brushwood for mowing uncultivated lawns or clearing woods.<br \/>\nin the woods. The integral differential makes the machine easy to turn. Sturdy machine structure<br \/>\nThe sturdy construction of the mower body and transmission make it a professional machine.  <\/p>\n<p>Powerful tall grass and leaf mower for tending uncultivated grasslands or cutting in forests.<br \/>\nin forests. With its separate differential, the machine is easy to handle. The solid construction of the<br \/>\ncasing and the sturdy engine make it a professional machine.  <\/p>\n<p>Engine \/ Engine GXV 340 11 hp OHV \/ hp<br \/>\nGears \/ Vitesses 4 forward and 1 reverse \/ 4 marches avant et 1 marche arri\u00e8re<br \/>\nSpeed \/ Vitesse d&#8217;avancement 1.6 &#8211; 3.9 km\/h<br \/>\nBrake \/ Frein ja \/ oui<br \/>\nClutch \/ Embrayage for the drive wheels and mower independent \/ ind\u00e9pendant pour les roues et l&#8217;\u00e9l\u00e9ment de coupe<br \/>\nTires \/ Roues 16&#215;6.50 &#8211; 8 Wide tires \/ pneus larges<br \/>\nDifferential \/ Diff\u00e9rentiel blockable \/ blocable<br \/>\nHandrail \/ Mancheron adjustable in height and foldable \/ r\u00e9glable en hauteur et rabattable<br \/>\nCutting height \/ Hauteur de coupe adjustable in 3 positions \/ 3 positions r\u00e9glables<br \/>\nMulching housing \/ Carter with rear discharge \/ avec \u00e9jection \u00e0 l&#8217;arri\u00e8re<br \/>\nCutting width \/ Largeur de coupe 63 cm<br \/>\nWeight \/ Poids ca. 120 kg \/ environ<br \/>\nDimensions \/ Dimension L 187 cm, W 68 cm, H 107\/80 cm<\/p>\n","protected":false},"excerpt":{"rendered":"<p>Tall grass mulcher \/ Broyeuses Powerful mulcher for tall grass and brushwood for mowing uncultivated lawns or clearing woods. in<\/p>\n","protected":false},"featured_media":55532,"template":"","meta":{"_seopress_robots_primary_cat":"","_seopress_titles_title":"","_seopress_titles_desc":"","_seopress_robots_index":""},"product_brand":[4390],"product_cat":[29,514,544],"product_tag":[],"class_list":{"0":"post-505774","1":"product","2":"type-product","3":"status-publish","4":"has-post-thumbnail","6":"product_brand-stema","7":"product_cat-macchinari","8":"product_cat-altri-dispositivi","9":"product_cat-falciatrici","11":"first","12":"onbackorder","13":"shipping-taxable","14":"purchasable","15":"product-type-simple"},"_links":{"self":[{"href":"https:\/\/lucacastelli.com\/en\/wp-json\/wp\/v2\/product\/505774","targetHints":{"allow":["GET"]}}],"collection":[{"href":"https:\/\/lucacastelli.com\/en\/wp-json\/wp\/v2\/product"}],"about":[{"href":"https:\/\/lucacastelli.com\/en\/wp-json\/wp\/v2\/types\/product"}],"wp:featuredmedia":[{"embeddable":true,"href":"https:\/\/lucacastelli.com\/en\/wp-json\/wp\/v2\/media\/55532"}],"wp:attachment":[{"href":"https:\/\/lucacastelli.com\/en\/wp-json\/wp\/v2\/media?parent=505774"}],"wp:term":[{"taxonomy":"product_brand","embeddable":true,"href":"https:\/\/lucacastelli.com\/en\/wp-json\/wp\/v2\/product_brand?post=505774"},{"taxonomy":"product_cat","embeddable":true,"href":"https:\/\/lucacastelli.com\/en\/wp-json\/wp\/v2\/product_cat?post=505774"},{"taxonomy":"product_tag","embeddable":true,"href":"https:\/\/lucacastelli.com\/en\/wp-json\/wp\/v2\/product_tag?post=505774"}],"curies":[{"name":"wp","href":"https:\/\/api.w.org\/{rel}","templated":true}]}}