{"id":505773,"date":"2023-05-19T19:31:22","date_gmt":"2023-05-19T17:31:22","guid":{"rendered":"https:\/\/lucacastelli.com\/prodotto\/recato-system-60\/"},"modified":"2025-08-05T13:43:44","modified_gmt":"2025-08-05T11:43:44","slug":"recato-system-60","status":"publish","type":"product","link":"https:\/\/lucacastelli.com\/en\/product\/recato-system-60\/","title":{"rendered":"RECESSED STEM 60"},"content":{"rendered":"<p>Sickle mower \/ Faucheuse-broyeuse<\/p>\n<p>Powerful high grass mulcher up to an area of 6000 m2<br \/>\n. Rear discharge is ideal for mowing roadsides<br \/>\nroadsides, in row crops or for mowing vineyards. The self-adjusting front splash guard si<br \/>\nautomatically adjusts according to the height of the grass to be cut and prevents reduced cuts from being sprayed outside.<br \/>\nof reduced cuts. Large drive wheels make it possible to work on uneven terrain and drive over steep slopes.<br \/>\nas well as drive over steep slopes. The two lockable front swivel wheels keep the machine from<br \/>\nprevent the machine from tipping over on steep terrain.    <\/p>\n<p>Faucheuse-broyeuse puissante pour une surface jusqu&#8217;\u00e0 6000 m2<br \/>\n. Ejection on arrival is ideal for<br \/>\nroadsides, row crops or vineyards. The articulated nozzle mounted at the front of the casing<br \/>\nautomatically adjusts to the height of the ground and prevents ejections during firing. The large wheels<br \/>\nThe large wheels ensure optimal driving, even on rough terrain or steep tallies. The<br \/>\ntwo pivoting wheels at the front, which can be locked, prevent the machine from dropping on its toes.    <\/p>\n<p>Engine \/ Engine HONDA GXV340 11 PS OHV \/ cv<br \/>\nGears \/ Vitesses 3 forward gears and 1 reverse gear \/ 3 marches avant et 1 marche arri\u00e8re<br \/>\nSpeed \/ Vitesse d&#8217;avancement 1,9 \/ 2,5 \/ 3,3 km\/h<br \/>\nGetriebe \/ Gearbox with oil bath \/ engrenages \u00e0 bain d&#8217;huile<br \/>\nKupplung \/ Embrayage f\u00fcr Rad- u. Messerantrieb \/ for wheel and hitch element supply<br \/>\nTires\/Wheels 4.00-8AS<br \/>\nAxle \/ Diff\u00e9rentiel mit umschaltbaren Freilaufnaben \/ syst\u00e8me \u00e0 taquets commutable<br \/>\nFront swivel wheels \/ Roues pivotantes \u00e0 l&#8217;avant 2, lockable \/ 2, blocables<br \/>\nHandrail \/ Mancheron adjustable in height \/ r\u00e9glable en hauteur<br \/>\nCutting height \/ Hauteur de coupe adjustable in 4 positions \/ 4 positions<br \/>\nMulching housing \/ Carter with rear ejection and splash guard \/ \u00e9jection \u00e0 l&#8217;arri\u00e8re et capot de protection<br \/>\nCutting width \/ Largeur de coupe 60 cm<br \/>\nWeight \/ Poids ca. 120 kg \/ environ<br \/>\nDimensions\/Dimensions L 176 cm, W 65 cm, H 98 cm<\/p>\n","protected":false},"excerpt":{"rendered":"<p>Sickle mower \/ Faucheuse-broyeuse Powerful high grass mulcher up to an area of 6000 m2 . Rear discharge is ideal<\/p>\n","protected":false},"featured_media":55522,"template":"","meta":{"_seopress_robots_primary_cat":"","_seopress_titles_title":"","_seopress_titles_desc":"","_seopress_robots_index":""},"product_brand":[4390],"product_cat":[29,514,544],"product_tag":[],"class_list":{"0":"post-505773","1":"product","2":"type-product","3":"status-publish","4":"has-post-thumbnail","6":"product_brand-stema","7":"product_cat-macchinari","8":"product_cat-altri-dispositivi","9":"product_cat-falciatrici","11":"first","12":"onbackorder","13":"shipping-taxable","14":"purchasable","15":"product-type-simple"},"_links":{"self":[{"href":"https:\/\/lucacastelli.com\/en\/wp-json\/wp\/v2\/product\/505773","targetHints":{"allow":["GET"]}}],"collection":[{"href":"https:\/\/lucacastelli.com\/en\/wp-json\/wp\/v2\/product"}],"about":[{"href":"https:\/\/lucacastelli.com\/en\/wp-json\/wp\/v2\/types\/product"}],"wp:featuredmedia":[{"embeddable":true,"href":"https:\/\/lucacastelli.com\/en\/wp-json\/wp\/v2\/media\/55522"}],"wp:attachment":[{"href":"https:\/\/lucacastelli.com\/en\/wp-json\/wp\/v2\/media?parent=505773"}],"wp:term":[{"taxonomy":"product_brand","embeddable":true,"href":"https:\/\/lucacastelli.com\/en\/wp-json\/wp\/v2\/product_brand?post=505773"},{"taxonomy":"product_cat","embeddable":true,"href":"https:\/\/lucacastelli.com\/en\/wp-json\/wp\/v2\/product_cat?post=505773"},{"taxonomy":"product_tag","embeddable":true,"href":"https:\/\/lucacastelli.com\/en\/wp-json\/wp\/v2\/product_tag?post=505773"}],"curies":[{"name":"wp","href":"https:\/\/api.w.org\/{rel}","templated":true}]}}