{"id":505770,"date":"2023-05-19T14:51:45","date_gmt":"2023-05-19T12:51:45","guid":{"rendered":"https:\/\/lucacastelli.com\/prodotto\/stema-horizon\/"},"modified":"2025-08-05T13:47:51","modified_gmt":"2025-08-05T11:47:51","slug":"stema-horizon","status":"publish","type":"product","link":"https:\/\/lucacastelli.com\/en\/product\/stema-horizon\/","title":{"rendered":"STEM HORIZON"},"content":{"rendered":"<p>Mower \/ Faucheuse-broyeuse<\/p>\n<p>Mower for mulching lawns and tall grass. With its sturdy construction, the<br \/>\nmachine can be used in private and professional areas of up to 4,000 m2.<br \/>\n of area. Large, non-slip drive wheels allow the machine to be used even on uneven ground.  <\/p>\n<p>  A machine for gazon and tall grass. Its robustness makes it an ideal machine for both private and professional use.<br \/>\nprivate and professional use. Large motorized wheels ensure optimum grip and maximum output even on inhospitable terrain.<br \/>\non inhospitable terrain.  <\/p>\n<p>HONDA GCV160 5 hp OHC \/ hp engine<br \/>\nGears \/ Vitesse 1 forward \/ 1 forward gear<br \/>\nSpeed \/ Vitesse d&#8217;avancement 3.0 km\/h<br \/>\nClutch \/ Transmission for wheel drive \/ pour les roues motrices<br \/>\nBlade transmission \/ Entra\u00eenement des couteaux indirect via V-belt (motor protection) with blade brake \/<br \/>\nindirect via belt (motor protection) with blade brake \/ indirect par courroie (protection du moteur) avec frein de lame<br \/>\nTires \/ Tires 3.50-6 AS<br \/>\nAxle \/ Diff\u00e9rentiel easy steering by freewheel hubs, lockable \/ syst\u00e8me \u00e0 taquets, blocable<br \/>\nHandlebar \/ Mancheron adjustable in height, foldable \/ r\u00e9glable en hauteur et rabattable<br \/>\nCutting height \/ Hauteur de coupe centrally adjustable in 5 positions 50-90 mm \/ r\u00e9glage centralis\u00e9, 5 positions, 50 \u00e0 90 mm<br \/>\nGrass suction \/ Ouverture du carter mit selbstregulierendem Spritzschutzblech \/ la coupole s&#8217;adapte automaquement \u00e0 la hauteur de l&#8217;herbe<br \/>\nCarter with rear ejection and rear splash guard \/ Ejection outside and protection<br \/>\nCutting width \/ Largeur de coupe 51 cm<br \/>\nWeight \/ Poids ca. 64 kg \/ environ<br \/>\nDimensions\/Dimensions L 155 cm, W 54 cm, H 95\/53 cm<\/p>\n","protected":false},"excerpt":{"rendered":"<p>Mower \/ Faucheuse-broyeuse Mower for mulching lawns and tall grass. With its sturdy construction, the machine can be used in<\/p>\n","protected":false},"featured_media":55512,"template":"","meta":{"_seopress_robots_primary_cat":"","_seopress_titles_title":"","_seopress_titles_desc":"","_seopress_robots_index":""},"product_brand":[4390],"product_cat":[29,514,544],"product_tag":[],"class_list":{"0":"post-505770","1":"product","2":"type-product","3":"status-publish","4":"has-post-thumbnail","6":"product_brand-stema","7":"product_cat-macchinari","8":"product_cat-altri-dispositivi","9":"product_cat-falciatrici","11":"first","12":"onbackorder","13":"shipping-taxable","14":"purchasable","15":"product-type-simple"},"_links":{"self":[{"href":"https:\/\/lucacastelli.com\/en\/wp-json\/wp\/v2\/product\/505770","targetHints":{"allow":["GET"]}}],"collection":[{"href":"https:\/\/lucacastelli.com\/en\/wp-json\/wp\/v2\/product"}],"about":[{"href":"https:\/\/lucacastelli.com\/en\/wp-json\/wp\/v2\/types\/product"}],"wp:featuredmedia":[{"embeddable":true,"href":"https:\/\/lucacastelli.com\/en\/wp-json\/wp\/v2\/media\/55512"}],"wp:attachment":[{"href":"https:\/\/lucacastelli.com\/en\/wp-json\/wp\/v2\/media?parent=505770"}],"wp:term":[{"taxonomy":"product_brand","embeddable":true,"href":"https:\/\/lucacastelli.com\/en\/wp-json\/wp\/v2\/product_brand?post=505770"},{"taxonomy":"product_cat","embeddable":true,"href":"https:\/\/lucacastelli.com\/en\/wp-json\/wp\/v2\/product_cat?post=505770"},{"taxonomy":"product_tag","embeddable":true,"href":"https:\/\/lucacastelli.com\/en\/wp-json\/wp\/v2\/product_tag?post=505770"}],"curies":[{"name":"wp","href":"https:\/\/api.w.org\/{rel}","templated":true}]}}