{"id":496860,"date":"2025-07-17T20:17:53","date_gmt":"2025-07-17T18:17:53","guid":{"rendered":"https:\/\/lucacastelli.com\/?post_type=product&#038;p=496860"},"modified":"2025-12-30T05:36:41","modified_gmt":"2025-12-30T04:36:41","slug":"milwaukee-faro-a-lanterna-m18","status":"publish","type":"product","link":"https:\/\/lucacastelli.com\/en\/product\/milwaukee-faro-a-lanterna-m18\/","title":{"rendered":"MILWAUKEE Faro a lanterna M18\u2122"},"content":{"rendered":"<p>L&#8217;illuminazione MILWAUKEE\u00ae TRUEVIEW\u2122 consente di lavorare in sicurerzza col massimo della luminosit\u00e0, riducendo bagliori e ombre;Illuminazione orientabile da 180\u00b0 a 360\u00b0 &#8211; consente di passare da un&#8217;illuminazione puntuale ad un&#8217;illuminazione diffusa;Grandi prestazioni &#8211; 700 Lumens per una efficace illuminazione;Presa USB per la ricarica di apparecchiature elettroniche come riproduttori mp3 e cellulari;Robusta costruzione per resistere agli ambienti pi\u00f9 gravosi;4 impostazioni di luminosit\u00e0 &#8211; 700 Lumen al massimo livello di luminosit\u00e0 (100%), 350 Lumen al livello intermedio (50%) e 70 Lumen al livello pi\u00f9 basso (10%);Fino a 9 ore di autonomia con la batteria 18V M18\u2122 REDLITHIUM\u2122 da 4.0 Ah alla massima luminosit\u00e0;2 ganci per appendere la lanterna;Classe di protezione IP24;Funziona con tuttele batterie M18\u2122MILWAUKEE\u00ae<\/p>\n","protected":false},"excerpt":{"rendered":"<p>L&#8217;illuminazione MILWAUKEE\u00ae TRUEVIEW\u2122 consente di lavorare in sicurerzza col massimo della luminosit\u00e0, riducendo bagliori e ombre;Illuminazione orientabile da 180\u00b0 a<\/p>\n","protected":false},"featured_media":496861,"template":"","meta":{"_seopress_robots_primary_cat":"","_seopress_titles_title":"","_seopress_titles_desc":"","_seopress_robots_index":""},"product_brand":[3407],"product_cat":[29,549,550],"product_tag":[3270],"class_list":{"0":"post-496860","1":"product","2":"type-product","3":"status-publish","4":"has-post-thumbnail","6":"product_brand-milwaukee","7":"product_cat-macchinari","8":"product_cat-trapani-e-avvitatori","9":"product_cat-accessori-per-trapani-ed-avvitatori","10":"product_tag-import-milwau","11":"sws-gruppo-macchinari","12":"sws-conto-ricavi-merci-rivendita-macchinari","13":"sws-gruppo-iva-iva81","15":"first","16":"onbackorder","17":"sale","18":"shipping-taxable","19":"purchasable","20":"product-type-simple"},"_links":{"self":[{"href":"https:\/\/lucacastelli.com\/en\/wp-json\/wp\/v2\/product\/496860","targetHints":{"allow":["GET"]}}],"collection":[{"href":"https:\/\/lucacastelli.com\/en\/wp-json\/wp\/v2\/product"}],"about":[{"href":"https:\/\/lucacastelli.com\/en\/wp-json\/wp\/v2\/types\/product"}],"wp:featuredmedia":[{"embeddable":true,"href":"https:\/\/lucacastelli.com\/en\/wp-json\/wp\/v2\/media\/496861"}],"wp:attachment":[{"href":"https:\/\/lucacastelli.com\/en\/wp-json\/wp\/v2\/media?parent=496860"}],"wp:term":[{"taxonomy":"product_brand","embeddable":true,"href":"https:\/\/lucacastelli.com\/en\/wp-json\/wp\/v2\/product_brand?post=496860"},{"taxonomy":"product_cat","embeddable":true,"href":"https:\/\/lucacastelli.com\/en\/wp-json\/wp\/v2\/product_cat?post=496860"},{"taxonomy":"product_tag","embeddable":true,"href":"https:\/\/lucacastelli.com\/en\/wp-json\/wp\/v2\/product_tag?post=496860"}],"curies":[{"name":"wp","href":"https:\/\/api.w.org\/{rel}","templated":true}]}}