{"id":495499,"date":"2025-07-18T09:02:48","date_gmt":"2025-07-18T07:02:48","guid":{"rendered":"https:\/\/lucacastelli.com\/?post_type=product&#038;p=495499"},"modified":"2025-12-30T05:37:30","modified_gmt":"2025-12-30T04:37:30","slug":"milwaukee-cv-elicoidali-in-hss-din-7490-3","status":"publish","type":"product","link":"https:\/\/lucacastelli.com\/en\/product\/milwaukee-cv-elicoidali-in-hss-din-7490-3\/","title":{"rendered":"MILWAUKEE CV elicoidali in HSS &#8211; DIN 7490"},"content":{"rendered":"<p>Fabbricate con acciaio HSS per una maggiore durata;Particolarmente adatte per l&#8217;apertura di fori profondi in legni duri e teneri, truciolato e compensato. Ideale nelle applicazioni su casseformi;Prodotte secondo le norme DIN 7490;Il corpo della punta \u00e8 collegata direttamente al gambo cilindrico, eliminando cos\u00ec il rischio di rottura e garantendo concentricit\u00e0 assoluta;La scanalatura permette una facile e veloce esplulsione del truciolo di metallo;Made in Germany<\/p>\n","protected":false},"excerpt":{"rendered":"<p>Fabbricate con acciaio HSS per una maggiore durata;Particolarmente adatte per l&#8217;apertura di fori profondi in legni duri e teneri, truciolato<\/p>\n","protected":false},"featured_media":495500,"template":"","meta":{"_seopress_robots_primary_cat":"","_seopress_titles_title":"","_seopress_titles_desc":"","_seopress_robots_index":""},"product_brand":[3407],"product_cat":[29,549,550],"product_tag":[3270],"class_list":{"0":"post-495499","1":"product","2":"type-product","3":"status-publish","4":"has-post-thumbnail","6":"product_brand-milwaukee","7":"product_cat-macchinari","8":"product_cat-trapani-e-avvitatori","9":"product_cat-accessori-per-trapani-ed-avvitatori","10":"product_tag-import-milwau","11":"sws-gruppo-macchinari-en","12":"sws-conto-ricavi-merci-rivendita-macchinari-en","13":"sws-gruppo-iva-iva81-en","15":"first","16":"onbackorder","17":"sale","18":"shipping-taxable","19":"purchasable","20":"product-type-simple"},"_links":{"self":[{"href":"https:\/\/lucacastelli.com\/en\/wp-json\/wp\/v2\/product\/495499","targetHints":{"allow":["GET"]}}],"collection":[{"href":"https:\/\/lucacastelli.com\/en\/wp-json\/wp\/v2\/product"}],"about":[{"href":"https:\/\/lucacastelli.com\/en\/wp-json\/wp\/v2\/types\/product"}],"wp:featuredmedia":[{"embeddable":true,"href":"https:\/\/lucacastelli.com\/en\/wp-json\/wp\/v2\/media\/495500"}],"wp:attachment":[{"href":"https:\/\/lucacastelli.com\/en\/wp-json\/wp\/v2\/media?parent=495499"}],"wp:term":[{"taxonomy":"product_brand","embeddable":true,"href":"https:\/\/lucacastelli.com\/en\/wp-json\/wp\/v2\/product_brand?post=495499"},{"taxonomy":"product_cat","embeddable":true,"href":"https:\/\/lucacastelli.com\/en\/wp-json\/wp\/v2\/product_cat?post=495499"},{"taxonomy":"product_tag","embeddable":true,"href":"https:\/\/lucacastelli.com\/en\/wp-json\/wp\/v2\/product_tag?post=495499"}],"curies":[{"name":"wp","href":"https:\/\/api.w.org\/{rel}","templated":true}]}}