{"id":495286,"date":"2025-07-18T09:08:44","date_gmt":"2025-07-18T07:08:44","guid":{"rendered":"https:\/\/lucacastelli.com\/?post_type=product&#038;p=495286"},"modified":"2025-12-30T05:37:44","modified_gmt":"2025-12-30T04:37:44","slug":"milwaukee-punte-sds-plus-mx4-4-taglienti-15","status":"publish","type":"product","link":"https:\/\/lucacastelli.com\/en\/product\/milwaukee-punte-sds-plus-mx4-4-taglienti-15\/","title":{"rendered":"MILWAUKEE Punte SDS-Plus MX4 4 taglienti"},"content":{"rendered":"<p>Unico blocco a 4 taglienti al carburo (4&#215;90\u00b0). Per fori perfettamente rotondi e un ancoraggio ottimale;Geometria a 4 scanalature, assicura la massima estrazione di polveri e detriti;Punta di centraggio per una facile centratura e la massima precisione del foro;Maggior quantit\u00e0 di Carburo porta ad avere una maggiore durata;4 denti demolitori producono micro fratture nel cemento che aumentano la velocit\u00e0. Polverizzano il materiale pi\u00f9 efficentemente. 20% pi\u00f9 veloce rispetto ai concorrenti;Smussatura laterale del tagliente per una maggiore resistenza in cemento armato. Queste punte sono 4 volte pi\u00f9 durature vs le punte a 2 taglienti;Nuovo design della spalla che si assottiglia con l\u2019avvicinarsi al tagliente per una migliore estrazione polveri, velocit\u00e0 e minimizzare l&#8217;attrito. Fino a 20% pi\u00f9 fori per carica vs concorrenti;Made in Germany<\/p>\n","protected":false},"excerpt":{"rendered":"<p>Unico blocco a 4 taglienti al carburo (4&#215;90\u00b0). Per fori perfettamente rotondi e un ancoraggio ottimale;Geometria a 4 scanalature, assicura<\/p>\n","protected":false},"featured_media":491422,"template":"","meta":{"_seopress_robots_primary_cat":"","_seopress_titles_title":"","_seopress_titles_desc":"","_seopress_robots_index":""},"product_brand":[3407],"product_cat":[29,549,550],"product_tag":[3270],"class_list":{"0":"post-495286","1":"product","2":"type-product","3":"status-publish","4":"has-post-thumbnail","6":"product_brand-milwaukee","7":"product_cat-macchinari","8":"product_cat-trapani-e-avvitatori","9":"product_cat-accessori-per-trapani-ed-avvitatori","10":"product_tag-import-milwau","11":"sws-gruppo-macchinari","12":"sws-conto-ricavi-merci-rivendita-macchinari","13":"sws-gruppo-iva-iva81","15":"first","16":"onbackorder","17":"sale","18":"shipping-taxable","19":"purchasable","20":"product-type-simple"},"_links":{"self":[{"href":"https:\/\/lucacastelli.com\/en\/wp-json\/wp\/v2\/product\/495286","targetHints":{"allow":["GET"]}}],"collection":[{"href":"https:\/\/lucacastelli.com\/en\/wp-json\/wp\/v2\/product"}],"about":[{"href":"https:\/\/lucacastelli.com\/en\/wp-json\/wp\/v2\/types\/product"}],"wp:featuredmedia":[{"embeddable":true,"href":"https:\/\/lucacastelli.com\/en\/wp-json\/wp\/v2\/media\/491422"}],"wp:attachment":[{"href":"https:\/\/lucacastelli.com\/en\/wp-json\/wp\/v2\/media?parent=495286"}],"wp:term":[{"taxonomy":"product_brand","embeddable":true,"href":"https:\/\/lucacastelli.com\/en\/wp-json\/wp\/v2\/product_brand?post=495286"},{"taxonomy":"product_cat","embeddable":true,"href":"https:\/\/lucacastelli.com\/en\/wp-json\/wp\/v2\/product_cat?post=495286"},{"taxonomy":"product_tag","embeddable":true,"href":"https:\/\/lucacastelli.com\/en\/wp-json\/wp\/v2\/product_tag?post=495286"}],"curies":[{"name":"wp","href":"https:\/\/api.w.org\/{rel}","templated":true}]}}