{"id":465905,"date":"2025-06-01T02:33:14","date_gmt":"2025-06-01T00:33:14","guid":{"rendered":"https:\/\/lucacastelli.com\/prodotto\/gartenschere-amboss-pg-25-19-5-cm\/"},"modified":"2025-06-01T02:33:14","modified_gmt":"2025-06-01T00:33:14","slug":"gartenschere-amboss-pg-25-19-5-cm","status":"publish","type":"product","link":"https:\/\/lucacastelli.com\/en\/product\/gartenschere-amboss-pg-25-19-5-cm\/","title":{"rendered":"Gartenschere Amboss PG 25, 19.5 cm"},"content":{"rendered":"<p>La puissante tondeuse \u00e0 essence pour grandes superficies jusqu&#8217;\u00e0 2000 m\u00b2. Avec traction Vario et moteur ReadyStart. Solide carter en aluminium avec renforts lat\u00e9raux rempla\u00e7ables et protection \u00e0 l&#8217;avant. Recommand\u00e9e pour l&#8217;utilisation sur de grandes surfaces d&#8217;herbe.<br \/>\n795711150112   <\/p>\n","protected":false},"excerpt":{"rendered":"<p>Gartenschere Amboss PG 25, 19.5 cm<\/p>\n","protected":false},"featured_media":424996,"template":"","meta":{"_seopress_robots_primary_cat":"","_seopress_titles_title":"","_seopress_titles_desc":"","_seopress_robots_index":""},"product_brand":[3366],"product_cat":[29,484],"product_tag":[3265],"class_list":{"0":"post-465905","1":"product","2":"type-product","3":"status-publish","4":"has-post-thumbnail","6":"product_brand-stihl","7":"product_cat-macchinari","8":"product_cat-utensili-e-accessori-forestali","9":"product_tag-import-stihl","10":"sws-gruppo-macchinari-en","11":"sws-conto-ricavi-merci-rivendita-macchinari-en","12":"sws-gruppo-iva-iva81-en","14":"first","15":"onbackorder","16":"purchasable","17":"product-type-simple"},"_links":{"self":[{"href":"https:\/\/lucacastelli.com\/en\/wp-json\/wp\/v2\/product\/465905","targetHints":{"allow":["GET"]}}],"collection":[{"href":"https:\/\/lucacastelli.com\/en\/wp-json\/wp\/v2\/product"}],"about":[{"href":"https:\/\/lucacastelli.com\/en\/wp-json\/wp\/v2\/types\/product"}],"wp:featuredmedia":[{"embeddable":true,"href":"https:\/\/lucacastelli.com\/en\/wp-json\/wp\/v2\/media\/424996"}],"wp:attachment":[{"href":"https:\/\/lucacastelli.com\/en\/wp-json\/wp\/v2\/media?parent=465905"}],"wp:term":[{"taxonomy":"product_brand","embeddable":true,"href":"https:\/\/lucacastelli.com\/en\/wp-json\/wp\/v2\/product_brand?post=465905"},{"taxonomy":"product_cat","embeddable":true,"href":"https:\/\/lucacastelli.com\/en\/wp-json\/wp\/v2\/product_cat?post=465905"},{"taxonomy":"product_tag","embeddable":true,"href":"https:\/\/lucacastelli.com\/en\/wp-json\/wp\/v2\/product_tag?post=465905"}],"curies":[{"name":"wp","href":"https:\/\/api.w.org\/{rel}","templated":true}]}}