{"id":465031,"date":"2025-06-01T00:05:48","date_gmt":"2025-05-31T22:05:48","guid":{"rendered":"https:\/\/lucacastelli.com\/prodotto\/stihl-rollomatic-es-404-12-d-75cm\/"},"modified":"2025-06-01T00:05:48","modified_gmt":"2025-05-31T22:05:48","slug":"stihl-rollomatic-es-404-12-d-75cm","status":"publish","type":"product","link":"https:\/\/lucacastelli.com\/en\/product\/stihl-rollomatic-es-404-12-d-75cm\/","title":{"rendered":"STIHL Rollomatic ES, .404&#8243;, 12 d, 75cm"},"content":{"rendered":"<p>The STIHL Rollomatic ES bar (STIHL Ematic Super) consists of a solid, particularly rigid body as well as a fully interchangeable head. It is therefore tailored to the highest demands of professional use and is mainly used for felling and cutting to length on high-performance chainsaws. Des rainures obliques et de formme elliptique augmentent la vitesse d\u00e9coulement de lhuile de cha\u00eene adh\u00e9sive et garantissent une lubrification optimale et une dur\u00e9e de vie prolong\u00e9e du guide-cha\u00eenes. Slanted elliptical oil holes increase the flow speed of the chain oil and ensure optimal lubricating capacity and longer bar life.<br \/>\n795711038212   <\/p>\n<p>Idler Star Pitch 10.26mm\/.404&#8243;<br \/>\n Groove Width Groove Width<\/p>\n<p>Connecting the guide bar Connecting the guide<br \/>\nbar Idler number 12<br \/>\nBar length 75cm\/30&#8243;<\/p>\n","protected":false},"excerpt":{"rendered":"<p>STIHL Rollomatic ES, .404&#8243;, 12 d, 75cm<\/p>\n","protected":false},"featured_media":429622,"template":"","meta":{"_seopress_robots_primary_cat":"","_seopress_titles_title":"","_seopress_titles_desc":"","_seopress_robots_index":""},"product_brand":[3554],"product_cat":[169,1612,1618],"product_tag":[3266],"class_list":{"0":"post-465031","1":"product","2":"type-product","3":"status-publish","4":"has-post-thumbnail","6":"product_brand-stihl-de","7":"product_cat-maschinen","8":"product_cat-kettensagen","9":"product_cat-fuhrungsschienen","10":"product_tag-import-stihl-de","11":"sws-gruppo-macchinari-en","12":"sws-conto-ricavi-merci-rivendita-macchinari-en","13":"sws-gruppo-iva-iva81-en","15":"first","16":"onbackorder","17":"purchasable","18":"product-type-simple"},"_links":{"self":[{"href":"https:\/\/lucacastelli.com\/en\/wp-json\/wp\/v2\/product\/465031","targetHints":{"allow":["GET"]}}],"collection":[{"href":"https:\/\/lucacastelli.com\/en\/wp-json\/wp\/v2\/product"}],"about":[{"href":"https:\/\/lucacastelli.com\/en\/wp-json\/wp\/v2\/types\/product"}],"wp:featuredmedia":[{"embeddable":true,"href":"https:\/\/lucacastelli.com\/en\/wp-json\/wp\/v2\/media\/429622"}],"wp:attachment":[{"href":"https:\/\/lucacastelli.com\/en\/wp-json\/wp\/v2\/media?parent=465031"}],"wp:term":[{"taxonomy":"product_brand","embeddable":true,"href":"https:\/\/lucacastelli.com\/en\/wp-json\/wp\/v2\/product_brand?post=465031"},{"taxonomy":"product_cat","embeddable":true,"href":"https:\/\/lucacastelli.com\/en\/wp-json\/wp\/v2\/product_cat?post=465031"},{"taxonomy":"product_tag","embeddable":true,"href":"https:\/\/lucacastelli.com\/en\/wp-json\/wp\/v2\/product_tag?post=465031"}],"curies":[{"name":"wp","href":"https:\/\/api.w.org\/{rel}","templated":true}]}}