{"id":464307,"date":"2023-05-18T15:40:45","date_gmt":"2023-05-18T13:40:45","guid":{"rendered":"https:\/\/lucacastelli.com\/prodotto\/stema-cmp-50\/"},"modified":"2025-08-05T13:47:39","modified_gmt":"2025-08-05T11:47:39","slug":"stema-cmp-50","status":"publish","type":"product","link":"https:\/\/lucacastelli.com\/en\/product\/stema-cmp-50\/","title":{"rendered":"STEMA CMP 50"},"content":{"rendered":"<p>The lightweight and durable 2 Rad-Spritze is designed for professional and private use. The 2 R\u00e4der<br \/>\nand the 2 St\u00fctzf\u00fcsse ensure that the sprayer stands securely even in the dark. <\/p>\n<p>A practical and handy sprayer with two wheels for professional and private use. The two wheels<br \/>\nThe two wheels and two support feet ensure the stability of the machine even on uneven ground. <\/p>\n<p>Einsatzbereich \/ Field of application zum Spritzen von Blumen, Str\u00e4uchern, Pflanzen, Reben und Fruchtb\u00e4umen usw. \/ flowers, shrubs, plants, vines, fruit trees, etc.<br \/>\nRahmen \/ Cadre stabiler, dauerhaft lackierter Rohrrahmen \/ tubular, sturdy and carefully painted<br \/>\nAusr\u00fcstung \/ Equipment komplett ausger\u00fcstet mit Hochdruckschlauch und verstellbarer Spritzlanze \/ complete with high-pressure hose and adjustable spray lance<br \/>\nSpritzschlauch \/ Hose 10 m Hochdruckschlauch oder L\u00e4nge nach Bedarf \/ 10 m or more on request<br \/>\nBeh\u00e4lterinhalt \/ Product tank 50 l<br \/>\nAnsaugfilter \/ Suction filter aussen montiert und leicht zu reinigen, totale Beh\u00e4lterentleerung \u00fcber Pumpe\/<br \/>\nExternally mounted, easy to clean, total tank emptying by pump<br \/>\nAblasshahn \/ Purgeur f\u00fcr Totalentleerung des Beh\u00e4lters \/ for total tank emptying<br \/>\nPumpe \/ Pompe legiertes Alu-Gussgeh\u00e4use, stufenlose Druckeinstellung, Schnellentlastung und Manometer,<br \/>\nWith:<br \/>\n&#8211; Electric motor pump 230 V, 26l\/min, 0 &#8211; 30 bar<br \/>\n&#8211; 4-stroke motor pump 3.5 PS OHV, 25l\/min, 0 &#8211; 25 bar<br \/>\n&#8211; Motor pump 4-Takt 3.5 PS OHV, 35l\/min, 0 &#8211; 35 bar<br \/>\nCast aluminum body, continuous pressure adjustment, quick spray and pressure gauge,<br \/>\nin option with:<br \/>\n&#8211; Electric pump, 230 V, 26 l\/min, 0 &#8211; 30 bar<br \/>\n&#8211; B&amp;S 3.5 hp OHV 4-stroke gasoline engine pump, 25 l\/min, 0 &#8211; 25 bar<br \/>\n&#8211; B&amp;S 3.5 hp OHV 4-stroke gasoline engine pump, 35 l\/min, 0 &#8211; 35 bar<\/p>\n","protected":false},"excerpt":{"rendered":"<p>The lightweight and durable 2 Rad-Spritze is designed for professional and private use. The 2 R\u00e4der and the 2 St\u00fctzf\u00fcsse<\/p>\n","protected":false},"featured_media":55382,"template":"","meta":{"_seopress_robots_primary_cat":"","_seopress_titles_title":"","_seopress_titles_desc":"","_seopress_robots_index":""},"product_brand":[4713],"product_cat":[165,1568,1575],"product_tag":[],"class_list":{"0":"post-464307","1":"product","2":"type-product","3":"status-publish","4":"has-post-thumbnail","6":"product_brand-stema-en","7":"product_cat-machinery","8":"product_cat-mistblowers-and-sprayers","9":"product_cat-sprayers-en","11":"first","12":"onbackorder","13":"shipping-taxable","14":"purchasable","15":"product-type-variable"},"_links":{"self":[{"href":"https:\/\/lucacastelli.com\/en\/wp-json\/wp\/v2\/product\/464307","targetHints":{"allow":["GET"]}}],"collection":[{"href":"https:\/\/lucacastelli.com\/en\/wp-json\/wp\/v2\/product"}],"about":[{"href":"https:\/\/lucacastelli.com\/en\/wp-json\/wp\/v2\/types\/product"}],"wp:featuredmedia":[{"embeddable":true,"href":"https:\/\/lucacastelli.com\/en\/wp-json\/wp\/v2\/media\/55382"}],"wp:attachment":[{"href":"https:\/\/lucacastelli.com\/en\/wp-json\/wp\/v2\/media?parent=464307"}],"wp:term":[{"taxonomy":"product_brand","embeddable":true,"href":"https:\/\/lucacastelli.com\/en\/wp-json\/wp\/v2\/product_brand?post=464307"},{"taxonomy":"product_cat","embeddable":true,"href":"https:\/\/lucacastelli.com\/en\/wp-json\/wp\/v2\/product_cat?post=464307"},{"taxonomy":"product_tag","embeddable":true,"href":"https:\/\/lucacastelli.com\/en\/wp-json\/wp\/v2\/product_tag?post=464307"}],"curies":[{"name":"wp","href":"https:\/\/api.w.org\/{rel}","templated":true}]}}