{"id":464283,"date":"2023-05-19T06:31:58","date_gmt":"2023-05-19T04:31:58","guid":{"rendered":"https:\/\/lucacastelli.com\/prodotto\/stema-cmp-200\/"},"modified":"2025-08-05T13:43:18","modified_gmt":"2025-08-05T11:43:18","slug":"stema-cmp-200","status":"publish","type":"product","link":"https:\/\/lucacastelli.com\/en\/product\/stema-cmp-200\/","title":{"rendered":"STEMA CMP 200"},"content":{"rendered":"<p>Karrenspritze large with much content. Stabiler Rohrrahmen mit grossen R\u00e4dern f\u00fcr leichtes Schieben und einem<br \/>\nSt\u00fctzfuss for a very good stand. Easier to use due to ideal holding structure even in case of ice cream maker.  <\/p>\n<p>Large sprayer with high-capacity tank. Sturdy tubular frame with large wheels for easy movement.<br \/>\nfor easy movement and a support foot for stability. Optimal weight distribution prevents the<br \/>\nOptimal weight distribution prevents the machine from tipping over even on uneven ground.  <\/p>\n<p>Einsatzbereich \/ Scope of application G\u00e4rtnerei, Baumschule, Obstbau, Weinbau, Gem\u00fcsebau \/ horticultural farms, nurseries, orchards, vineyards, horticulture<br \/>\nRahmen \/ Cadre stabiler Stahlrohrrahmen mit Einbrennlackierung \/ tubular, sturdy and carefully painted<br \/>\nBereifung \/ wheels grosse R\u00e4der 4.00 &#8211; 10 mit Kugellager \/ large wheels with ball bearings<br \/>\nAusr\u00fcstung \/ Equipment with Einhand-Spritzlanze BR4 \/ one-handed spray lance BR4<br \/>\nSpritzschlauch \/ Tuyau 10 m Hochdruckschlauch oder L\u00e4nge nach Bedarf \/ high pressure, 10 m or more on<br \/>\n  upon request<br \/>\nBeh\u00e4lterinhalt \/ Product tank 200 l<br \/>\nAnsaugfilter \/ Suction filter aussen montiert und leicht zu reinigen, mit Totalentleerung \u00fcber Pumpe \/<br \/>\nExternally mounted, easy to clean, total tank emptying by pump<br \/>\nAblasshahn \/ Purgeur f\u00fcr Totalentleerung des Beh\u00e4lters \/ for total tank emptying<br \/>\nPumpe \/ Pompe mit legiertem Alu-Gussgeh\u00e4use, stufenloser Druckeinstellung, Schnellentlastung und<br \/>\nPressure gauge, also with:<br \/>\n&#8211; 230 V electric pump, 26 l\/min, 0 &#8211; 30 bar<br \/>\n&#8211; 4-stroke gasoline engine 3.5 PS OHV, 35 l\/min, 0 &#8211; 35 bar<br \/>\n&#8211; Engine Benzinmotor 4-Takt 5.5 PS OHV, 41 l\/min, 0 &#8211; 40 bar<br \/>\nCast aluminum housing, continuous pressure adjustment, quick spray and pressure gauge,<br \/>\nin option with:<br \/>\n&#8211; electric pump, 230 V, 26 l\/min, 0-30 bar<br \/>\n  &#8211; B&amp;S 3.5 hp OHV 4-stroke gasoline engine pump, 35 l\/min, 0 &#8211; 35 bar<br \/>\n  &#8211; B&amp;S 5.5 hp OHV 4-stroke gasoline engine pump, 41 l\/min, 0 &#8211; 40 bar<\/p>\n","protected":false},"excerpt":{"rendered":"<p>Karrenspritze large with much content. Stabiler Rohrrahmen mit grossen R\u00e4dern f\u00fcr leichtes Schieben und einem St\u00fctzfuss for a very good<\/p>\n","protected":false},"featured_media":55422,"template":"","meta":{"_seopress_robots_primary_cat":"","_seopress_titles_title":"","_seopress_titles_desc":"","_seopress_robots_index":""},"product_brand":[4713],"product_cat":[165,1568,1575],"product_tag":[],"class_list":{"0":"post-464283","1":"product","2":"type-product","3":"status-publish","4":"has-post-thumbnail","6":"product_brand-stema-en","7":"product_cat-machinery","8":"product_cat-mistblowers-and-sprayers","9":"product_cat-sprayers-en","11":"first","12":"onbackorder","13":"shipping-taxable","14":"purchasable","15":"product-type-variable"},"_links":{"self":[{"href":"https:\/\/lucacastelli.com\/en\/wp-json\/wp\/v2\/product\/464283","targetHints":{"allow":["GET"]}}],"collection":[{"href":"https:\/\/lucacastelli.com\/en\/wp-json\/wp\/v2\/product"}],"about":[{"href":"https:\/\/lucacastelli.com\/en\/wp-json\/wp\/v2\/types\/product"}],"wp:featuredmedia":[{"embeddable":true,"href":"https:\/\/lucacastelli.com\/en\/wp-json\/wp\/v2\/media\/55422"}],"wp:attachment":[{"href":"https:\/\/lucacastelli.com\/en\/wp-json\/wp\/v2\/media?parent=464283"}],"wp:term":[{"taxonomy":"product_brand","embeddable":true,"href":"https:\/\/lucacastelli.com\/en\/wp-json\/wp\/v2\/product_brand?post=464283"},{"taxonomy":"product_cat","embeddable":true,"href":"https:\/\/lucacastelli.com\/en\/wp-json\/wp\/v2\/product_cat?post=464283"},{"taxonomy":"product_tag","embeddable":true,"href":"https:\/\/lucacastelli.com\/en\/wp-json\/wp\/v2\/product_tag?post=464283"}],"curies":[{"name":"wp","href":"https:\/\/api.w.org\/{rel}","templated":true}]}}